{"id":10386,"date":"2021-01-10T06:04:00","date_gmt":"2021-01-10T06:04:00","guid":{"rendered":"https:\/\/cosyowl.com\/product\/uncategorized\/import-placeholder-for-tcdl-cwax-bker-n4130-cscp-271"},"modified":"2026-04-14T14:07:12","modified_gmt":"2026-04-14T13:07:12","slug":"wosk-do-pojemnikow-kerasoy-4130","status":"publish","type":"product","link":"https:\/\/cosyowl.com\/pl\/candle-making-supplies\/candle-wax\/soy-wax\/kerasoy-4130-container-wax","title":{"rendered":"Wosk do pojemnik\u00f3w KeraSoy 4130"},"content":{"rendered":"<p>Ten wyprodukowany w Wielkiej Brytanii wosk sojowy 100% ma niezwykle g\u0142adk\u0105 tekstur\u0119 i wygl\u0105d; jest <a href=\"https:\/\/cosyowl.com\/pl\/candle-making-supplies\/glitters\/apple-green-biodegradable\">biodegradowalny<\/a> Wosk sojowy jest przyjazny dla wegan, a jego formu\u0142a zosta\u0142a opracowana specjalnie do produkcji \u015bwiec woskowych w pojemnikach. Ten wosk sojowy nie wymaga dodatk\u00f3w innych ni\u017c zapach i kolor, kt\u00f3re mo\u017cna naby\u0107 oddzielnie na stronie <a href=\"https:\/\/cosyowl.com\/pl\/\">Przytulna sowa<\/a>. Przy zakupie knot\u00f3w do \u015bwiec z wosku sojowego nale\u017cy pami\u0119ta\u0107, \u017ce jako cz\u0119\u015b\u0107 grupy <a href=\"https:\/\/cosyowl.com\/pl\/candle-making-supplies\/fragrance-oils-for-candle-making\/all-fragrances\/honey-fragrance-oil\">Naturalny<\/a> W przypadku wosk\u00f3w dost\u0119pnych na rynku, potrzebny jest nieco wi\u0119kszy knot ni\u017c w przypadku wosk\u00f3w dost\u0119pnych na rynku. <a href=\"https:\/\/cosyowl.com\/pl\/guides\/the-truth-about-paraffin-wax-being-vegan-friendly\">parafina<\/a>. Wosk do pojemnik\u00f3w KeraSoy zosta\u0142 zaprojektowany do zapach\u00f3w na poziomie 10 - 12%.<\/p>\n<p>Temperatury nalewania wosku sojowego do pojemnik\u00f3w mog\u0105 si\u0119 r\u00f3\u017cni\u0107 w zale\u017cno\u015bci od rodzaju i rozmiaru formy, u\u017cytego zapachu i barwnika oraz po\u017c\u0105danych efekt\u00f3w. Wi\u0119ksz\u0105 przyczepno\u015b\u0107 do pojemnik\u00f3w mo\u017cna uzyska\u0107 poprzez wylewanie w temperaturze zbli\u017conej do temperatury krzepni\u0119cia (oko\u0142o 45-55\u00b0C). Je\u015bli to mo\u017cliwe, zapach nale\u017cy doda\u0107 i wymiesza\u0107 bezpo\u015brednio przed wylaniem. Je\u015bli wyst\u0105pi\u0105 trudno\u015bci z temperatur\u0105 nalewania, nale\u017cy wypr\u00f3bowa\u0107 ni\u017csz\u0105 lub wy\u017csz\u0105 temperatur\u0119 w odst\u0119pach 5-10\u00b0C. Rozwa\u017c przelanie do podgrzanych form, aby uzyska\u0107 lepsz\u0105 przyczepno\u015b\u0107 do szklanych pojemnik\u00f3w.<br \/>\nWosk do pojemnik\u00f3w KeraSoy zosta\u0142 opracowany tak, aby w przeciwie\u0144stwie do innych wosk\u00f3w wymaga\u0142 tylko jednorazowego nalania, chocia\u017c w przypadku niekt\u00f3rych wi\u0119kszych pojemnik\u00f3w mo\u017ce by\u0107 wymagane niewielkie uzupe\u0142nienie w celu uzyskania najlepszego efektu. <a href=\"https:\/\/cosyowl.com\/pl\/guides\/a-summers-beach-gel-votive-candle\">\u015bwieca<\/a> powierzchnia. Niewielka ilo\u015b\u0107 wosku sojowego o temperaturze nieco wy\u017cszej ni\u017c temperatura, w kt\u00f3rej \u015bwieca zosta\u0142a wylana, mo\u017ce by\u0107 u\u017cyta do uzupe\u0142nienia \u015bwiecy przed jej ca\u0142kowitym wylaniem. <a href=\"https:\/\/cosyowl.com\/pl\/candle-making-supplies\/glitters\/lake-blue-biodegradable\">fajny<\/a> (wylanie dolewki po ca\u0142kowitym ostygni\u0119ciu \u015bwiecy mo\u017ce spowodowa\u0107 zmniejszenie przyczepno\u015bci do pojemnika).<\/p>\n<p>Soja u\u017cywana w woskach Kerasoy pochodzi z Ameryki P\u00f3\u0142nocnej i Brazylii z czysto etycznych i niemodyfikowanych genetycznie \u017ar\u00f3de\u0142. Przeprowadzono pe\u0142ny audyt \u0142a\u0144cucha dostaw i wybrano wy\u0142\u0105cznie etycznych dostawc\u00f3w, kt\u00f3rzy nie przyczyniaj\u0105 si\u0119 do wylesiania.<\/p>\n<p>Podstawowym sk\u0142adnikiem tego wosku jest soja, ale aby uzyska\u0107 doskona\u0142\u0105 charakterystyk\u0119 dzia\u0142ania, jest on mieszany z dodatkami zwi\u0119kszaj\u0105cymi wydajno\u015b\u0107, g\u0142\u00f3wnie z materia\u0142\u00f3w ro\u015blinnych, ale z dodatkiem kwasu sterycznego. Gdyby produkt by\u0142 woskiem sojowym 100%, nie sprawdzi\u0142by si\u0119 dobrze w przypadku <a href=\"https:\/\/cosyowl.com\/pl\/guides\/how-to-make-a-candle\">produkcja \u015bwiec<\/a>.<\/p>\n<p>Produkty wykonane przy u\u017cyciu tego produktu mo\u017cna okre\u015bli\u0107 jako bezpieczne dla sk\u00f3ry, przetestowane dermatologicznie i klinicznie, pod warunkiem, \u017ce wszelkie dodatki r\u00f3wnie\u017c spe\u0142niaj\u0105 te kryteria.<\/p>","protected":false},"excerpt":{"rendered":"<p>This UK produced 100% soy wax is tremendously smooth in texture and appearance; is biodegradable and vegan friendly and this formulation is specifically developed for making container wax candles. This Soy Wax does not require additives, other than fragrance and colour which can be purchased separately on Cosy Owl. When purchasing wicks for your soy [&hellip;]<\/p>\n","protected":false},"featured_media":53316,"comment_status":"open","ping_status":"closed","template":"","meta":{"_acf_changed":false},"product_brand":[],"product_cat":[528],"product_tag":[928],"class_list":{"0":"post-10386","1":"product","2":"type-product","3":"status-publish","4":"has-post-thumbnail","6":"product_cat-soy-wax","7":"product_tag-wax","9":"first","10":"instock","11":"taxable","12":"shipping-taxable","13":"purchasable","14":"product-type-variable"},"acf":[],"_links":{"self":[{"href":"https:\/\/cosyowl.com\/pl\/wp-json\/wp\/v2\/product\/10386","targetHints":{"allow":["GET"]}}],"collection":[{"href":"https:\/\/cosyowl.com\/pl\/wp-json\/wp\/v2\/product"}],"about":[{"href":"https:\/\/cosyowl.com\/pl\/wp-json\/wp\/v2\/types\/product"}],"replies":[{"embeddable":true,"href":"https:\/\/cosyowl.com\/pl\/wp-json\/wp\/v2\/comments?post=10386"}],"wp:featuredmedia":[{"embeddable":true,"href":"https:\/\/cosyowl.com\/pl\/wp-json\/wp\/v2\/media\/53316"}],"wp:attachment":[{"href":"https:\/\/cosyowl.com\/pl\/wp-json\/wp\/v2\/media?parent=10386"}],"wp:term":[{"taxonomy":"product_brand","embeddable":true,"href":"https:\/\/cosyowl.com\/pl\/wp-json\/wp\/v2\/product_brand?post=10386"},{"taxonomy":"product_cat","embeddable":true,"href":"https:\/\/cosyowl.com\/pl\/wp-json\/wp\/v2\/product_cat?post=10386"},{"taxonomy":"product_tag","embeddable":true,"href":"https:\/\/cosyowl.com\/pl\/wp-json\/wp\/v2\/product_tag?post=10386"}],"curies":[{"name":"wp","href":"https:\/\/api.w.org\/{rel}","templated":true}]}}