{"id":10175,"date":"2021-01-10T06:03:00","date_gmt":"2021-01-10T06:03:00","guid":{"rendered":"https:\/\/cosyowl.com\/product\/uncategorized\/import-placeholder-for-tcdl-cfra-bowl-ndbo-234"},"modified":"2026-05-01T13:08:49","modified_gmt":"2026-05-01T12:08:49","slug":"olej-bazowy-do-dyfuzorow-trzcinowych","status":"publish","type":"product","link":"https:\/\/cosyowl.com\/pl\/reed-diffusers\/reed-diffuser-base-oil","title":{"rendered":"Olej bazowy do dyfuzora Augeo Clean Multi"},"content":{"rendered":"<p>Oko <a href=\"https:\/\/cosyowl.com\/pl\/candle-making-supplies\/glitters\/pure-white-biodegradable\">Czysto\u015b\u0107<\/a> Multi Diffuser Base Oil to wysokowydajny rozpuszczalnik pochodzenia biologicznego, zaprojektowany w celu poprawy uwalniania zapach\u00f3w w nowoczesnych zastosowaniach do piel\u0119gnacji powietrza. Ta innowacyjna baza jest pozyskiwana z odnawialnej gliceryny, oferuj\u0105c bardziej <a href=\"https:\/\/cosyowl.com\/pl\/candle-wicks\/wedo-eco-wick-raw\">zr\u00f3wnowa\u017cony<\/a> alternatywa dla tradycyjnych baz dyfuzyjnych pochodzenia petrochemicznego.<\/p>\n<p>Sformu\u0142owane jako <a href=\"https:\/\/cosyowl.com\/pl\/candle-making-supplies\/fragrance-oils-for-candle-making\/all-fragrances\/honey-fragrance-oil\">naturalny<\/a> solubilizator, Augeo Clean Multi jest specjalnie zaprojektowany do <a href=\"https:\/\/cosyowl.com\/pl\/guides\/a-beginners-guide-to-making-reed-diffusers\">dyfuzory trzcinowe<\/a>, mgliste, od\u015bwie\u017cacze powietrza i inne systemy zapachowe. Jego doskona\u0142a rozpuszczalno\u015b\u0107 pozwala mu na p\u0142ynne po\u0142\u0105czenie z szerok\u0105 gam\u0105 <a href=\"https:\/\/cosyowl.com\/pl\/guides\/2023-spring-fragrance-oil-trends\">olejki zapachowe<\/a>, podczas gdy jego niski profil zapachowy zapewnia, \u017ce prawdziwy charakter zapachu pozostaje nienaruszony.<\/p>\n<p>Dzi\u0119ki zoptymalizowanej szybko\u015bci parowania, ta baza dyfuzyjna poprawia dyfuzj\u0119 i trwa\u0142o\u015b\u0107 zapachu, zapewniaj\u0105c sp\u00f3jne i d\u0142ugotrwa\u0142e doznania zapachowe. Jej profil niskiej lotno\u015bci (LVP VOC) wspiera kontrolowane uwalnianie, pomagaj\u0105c zapachom d\u0142u\u017cej utrzymywa\u0107 si\u0119 bez przyt\u0142aczania otoczenia.<\/p>\n<p>Augeo Clean Multi sk\u0142ada si\u0119 z oko\u0142o 70%% odnawialnego w\u0119gla i mo\u017ce zmniejszy\u0107 \u015blad w\u0119glowy nawet o 40%% w por\u00f3wnaniu do konwencjonalnych rozpuszczalnik\u00f3w, takich jak DPG i DPM. To czyni go idealnym wyborem dla marek i tw\u00f3rc\u00f3w formu\u0142 poszukuj\u0105cych \u015bwiadomych ekologicznie rozwi\u0105za\u0144. <a href=\"https:\/\/cosyowl.com\/pl\/guides\/troubleshooting\">rozwi\u0105zania<\/a> bez kompromisu w kwestii wydajno\u015bci.<\/p>\n<p><a href=\"https:\/\/cosyowl.com\/pl\/candle-making-extras\/50mm-candle-safety-label-white-black-text\">Wyczy\u015b\u0107<\/a>, bezbarwny i niskozapachowy, ten wszechstronny olej bazowy nadaje si\u0119 do r\u00f3\u017cnorodnych zastosowa\u0144 poza dyfuzorami, w tym do \u015bwiec, spray\u00f3w i domowych produkt\u00f3w zapachowych. Jego niekoroduj\u0105ca natura i wysoka kompatybilno\u015b\u0107 sprawiaj\u0105, \u017ce jest to niezawodna i przyjazna dla u\u017cytkownika opcja zar\u00f3wno dla profesjonalist\u00f3w, jak i <a href=\"https:\/\/cosyowl.com\/pl\/guides\/how-to-make-bleeding-heart-wax-melts\">DIY<\/a> formu\u0142owania.<\/p>\n<p><strong>Kluczowe korzy\u015bci:<\/strong><\/p>\n<ul>\n<li>Na bazie biologicznej i pozyskiwany z odnawialnej gliceryny<\/li>\n<li>Doskona\u0142a rozpuszczalno\u015b\u0107 i kompatybilno\u015b\u0107 zapachu<\/li>\n<li>Niska wo\u0144 dla prawdziwego wyrazu zapachu<\/li>\n<li>Zoptymalizowane parowanie dla d\u0142ugotrwa\u0142ej dyfuzji<\/li>\n<li>Zmniejszony \u015blad w\u0119glowy a tradycyjne rozpuszczalniki<\/li>\n<li>Nadaje si\u0119 do dyfuzor\u00f3w trzcinowych, spray\u00f3w i produkt\u00f3w do piel\u0119gnacji powietrza<\/li>\n<\/ul>\n<p>Olej bazowy do dyfuzora Augeo Clean Multi \u0142\u0105czy <a href=\"https:\/\/cosyowl.com\/pl\/guides\/the-truth-about-paraffin-wax-being-vegan-friendly\">zr\u00f3wnowa\u017cony rozw\u00f3j<\/a> o doskona\u0142ej wydajno\u015bci, co czyni go preferowanym wyborem do tworzenia wysokiej jako\u015bci, trwa\u0142ych do\u015bwiadcze\u0144 zapachowych.<\/p>\n<p>Przechowywa\u0107 w miejscu niedost\u0119pnym dla dzieci i zmy\u0107, je\u015bli olejek wejdzie w kontakt ze sk\u00f3r\u0105.<\/p>","protected":false},"excerpt":{"rendered":"<p>Augeo Clean Multi Diffuser Base Oil is a high-performance, bio-based solvent designed to elevate fragrance delivery in modern air care applications. This innovative base is derived from renewable glycerin, offering a more sustainable alternative to traditional petrochemical diffuser bases. Formulated as a natural solubiliser, Augeo Clean Multi is specifically engineered for reed diffusers, room sprays, [&hellip;]<\/p>\n","protected":false},"featured_media":128102,"comment_status":"open","ping_status":"closed","template":"","meta":{"_acf_changed":false},"product_brand":[],"product_cat":[651],"product_tag":[940],"class_list":{"0":"post-10175","1":"product","2":"type-product","3":"status-publish","4":"has-post-thumbnail","6":"product_cat-reed-diffusers-base","7":"product_tag-diffuser-oil","8":"pa_bottle-size-10kg-2","9":"pa_bottle-size-1kg","10":"pa_bottle-size-500g","11":"pa_bottle-size-5kg-2","13":"first","14":"instock","15":"taxable","16":"shipping-taxable","17":"purchasable","18":"product-type-variable"},"acf":[],"_links":{"self":[{"href":"https:\/\/cosyowl.com\/pl\/wp-json\/wp\/v2\/product\/10175","targetHints":{"allow":["GET"]}}],"collection":[{"href":"https:\/\/cosyowl.com\/pl\/wp-json\/wp\/v2\/product"}],"about":[{"href":"https:\/\/cosyowl.com\/pl\/wp-json\/wp\/v2\/types\/product"}],"replies":[{"embeddable":true,"href":"https:\/\/cosyowl.com\/pl\/wp-json\/wp\/v2\/comments?post=10175"}],"wp:featuredmedia":[{"embeddable":true,"href":"https:\/\/cosyowl.com\/pl\/wp-json\/wp\/v2\/media\/128102"}],"wp:attachment":[{"href":"https:\/\/cosyowl.com\/pl\/wp-json\/wp\/v2\/media?parent=10175"}],"wp:term":[{"taxonomy":"product_brand","embeddable":true,"href":"https:\/\/cosyowl.com\/pl\/wp-json\/wp\/v2\/product_brand?post=10175"},{"taxonomy":"product_cat","embeddable":true,"href":"https:\/\/cosyowl.com\/pl\/wp-json\/wp\/v2\/product_cat?post=10175"},{"taxonomy":"product_tag","embeddable":true,"href":"https:\/\/cosyowl.com\/pl\/wp-json\/wp\/v2\/product_tag?post=10175"}],"curies":[{"name":"wp","href":"https:\/\/api.w.org\/{rel}","templated":true}]}}