{"id":10024,"date":"2021-01-10T06:00:00","date_gmt":"2021-01-10T06:00:00","guid":{"rendered":"https:\/\/cosyowl.com\/product\/uncategorized\/import-placeholder-for-tcdl-cwik-bwed-ctl-212"},"modified":"2026-05-01T13:08:49","modified_gmt":"2026-05-01T12:08:49","slug":"knot-do-podgrzewaczy-tl15-o-dlugosci-40-mm","status":"publish","type":"product","link":"https:\/\/cosyowl.com\/pl\/candle-wicks\/tealight-wick-tl15","title":{"rendered":"Knot do \u015bwieczki typu tea light (TL15) - 40 mm d\u0142ugo\u015bci"},"content":{"rendered":"<p><a href=\"https:\/\/cosyowl.com\/pl\/\">Przytulna sowa<\/a> dostarcza knot Wedo (wbudowany w podtrzymywacze) do u\u017cytku przy produkcji tealight\u00f3w. Seria TL zosta\u0142a zaprojektowana specjalnie do tego celu. Knoty maj\u0105 konstrukcj\u0119 bezrdzeniow\u0105 z gwintami stabilizuj\u0105cymi, aby zapewni\u0107 wysoki poziom wytrzyma\u0142o\u015bci strukturalnej wymaganej zar\u00f3wno podczas produkcji tealight\u00f3w, jak i ich spalania. Opr\u00f3cz techniki splatania, stosowane s\u0105 jedne z najcie\u0144szych dost\u0119pnych wysokiej jako\u015bci nici bawe\u0142nianych typu ring-spun, aby pom\u00f3c naszym klientom osi\u0105gn\u0105\u0107 poziom sp\u00f3jno\u015bci i precyzji w produkcji tealight\u00f3w. <a href=\"https:\/\/cosyowl.com\/pl\/privacy\">warunki<\/a> wska\u017anik\u00f3w zu\u017cycia i rozmiar\u00f3w p\u0142omienia itp. wymaganych przez dzisiejszy rynek tealight\u00f3w.<\/p>\n<p>Ten knot T-Light ma 40 mm d\u0142ugo\u015bci i nadaje si\u0119 do pojemnik\u00f3w o szeroko\u015bci do 38 mm. Knoty Wedo \u0142\u0105cz\u0105 w sobie najwy\u017cszej jako\u015bci materia\u0142y, najnowocze\u015bniejsz\u0105 technologi\u0119 oplatania i nawijania, a tak\u017ce sprawdzone i przetestowane rozwi\u0105zania. <a href=\"https:\/\/cosyowl.com\/pl\/finance-accepted\">zatwierdzony<\/a> Obr\u00f3bka chemiczna zapewnia najczystsze i najbezpieczniejsze mo\u017cliwe spalanie danych materia\u0142\u00f3w. Materia\u0142y i procesy zapewniaj\u0105 r\u00f3wnie\u017c sp\u00f3jno\u015b\u0107 produktu <a href=\"https:\/\/cosyowl.com\/pl\/candle-wicks\/wedo-lx-wick-raw\">jako\u015b\u0107<\/a> od pocz\u0105tku do ko\u0144ca i od partii do partii. Samoprzycinaj\u0105cy si\u0119 knot minimalizuje lub eliminuje tworzenie si\u0119 osad\u00f3w w\u0119glowych i znacznie zmniejsza po\u015bwiat\u0119.<\/p>\n<p>Jako akredytowany dostawca, Wedo produkuje wy\u0142\u0105cznie knoty, kt\u00f3re spe\u0142niaj\u0105 rygorystyczne wymagania europejskiego znaku jako\u015bci RAL GZ 041. Wedo posiada certyfikat zgodno\u015bci z norm\u0105 EN ISO 9001:2008.<\/p>","protected":false},"excerpt":{"rendered":"<p>Cosy Owl supplies Wedo wick (incorporated into sustainers) for use with the making of tealights. The TL series is designed specifically for this purpose. The wicks have a coreless construction with stability threads to provide the high level of structural strength required both during tealight manufacture and burning. In addition to the braiding technique, some [&hellip;]<\/p>\n","protected":false},"featured_media":11930,"comment_status":"open","ping_status":"closed","template":"","meta":{"_acf_changed":false},"product_brand":[],"product_cat":[499],"product_tag":[946],"class_list":{"0":"post-10024","1":"product","2":"type-product","3":"status-publish","4":"has-post-thumbnail","6":"product_cat-candle-wicks","7":"product_tag-tea-light-wicks","9":"first","10":"instock","11":"taxable","12":"shipping-taxable","13":"purchasable","14":"product-type-variable"},"acf":[],"_links":{"self":[{"href":"https:\/\/cosyowl.com\/pl\/wp-json\/wp\/v2\/product\/10024","targetHints":{"allow":["GET"]}}],"collection":[{"href":"https:\/\/cosyowl.com\/pl\/wp-json\/wp\/v2\/product"}],"about":[{"href":"https:\/\/cosyowl.com\/pl\/wp-json\/wp\/v2\/types\/product"}],"replies":[{"embeddable":true,"href":"https:\/\/cosyowl.com\/pl\/wp-json\/wp\/v2\/comments?post=10024"}],"wp:featuredmedia":[{"embeddable":true,"href":"https:\/\/cosyowl.com\/pl\/wp-json\/wp\/v2\/media\/11930"}],"wp:attachment":[{"href":"https:\/\/cosyowl.com\/pl\/wp-json\/wp\/v2\/media?parent=10024"}],"wp:term":[{"taxonomy":"product_brand","embeddable":true,"href":"https:\/\/cosyowl.com\/pl\/wp-json\/wp\/v2\/product_brand?post=10024"},{"taxonomy":"product_cat","embeddable":true,"href":"https:\/\/cosyowl.com\/pl\/wp-json\/wp\/v2\/product_cat?post=10024"},{"taxonomy":"product_tag","embeddable":true,"href":"https:\/\/cosyowl.com\/pl\/wp-json\/wp\/v2\/product_tag?post=10024"}],"curies":[{"name":"wp","href":"https:\/\/api.w.org\/{rel}","templated":true}]}}