{"id":10023,"date":"2021-01-10T06:00:00","date_gmt":"2021-01-10T06:00:00","guid":{"rendered":"https:\/\/cosyowl.com\/product\/uncategorized\/import-placeholder-for-tcdl-csus-bwed-c20x3-211"},"modified":"2026-03-03T13:43:55","modified_gmt":"2026-03-03T13:43:55","slug":"podtrzymywacze-knotow-20-mm-podstawa-3-mm-wysokosc","status":"publish","type":"product","link":"https:\/\/cosyowl.com\/pl\/candle-wicks\/wick-sustainers-20mm-3mm","title":{"rendered":"Podtrzymywacze knot\u00f3w do \u015bwiec - podstawa 20 mm - wysoko\u015b\u0107 3 mm"},"content":{"rendered":"<p>Podtrzymywacze knota (zwane r\u00f3wnie\u017c metalowymi wypustkami) s\u0105 wymagane do utrzymania knota w miejscu na dnie pojemnika \u017caroodpornego i zapobiegaj\u0105 unoszeniu si\u0119 knota na powierzchni\u0119. <a href=\"https:\/\/cosyowl.com\/pl\/guides\/a-summers-beach-gel-votive-candle\">\u015bwieca<\/a> po wlaniu roztopionego wosku. Aby go u\u017cy\u0107, nale\u017cy zacisn\u0105\u0107 knot i umie\u015bci\u0107 go w otworze podtrzymywacza - je\u015bli jest to trudne, nale\u017cy u\u017cy\u0107 ma\u0142ych szczypiec. Mo\u017cesz u\u017cy\u0107 niewielkiej ilo\u015bci kleju umieszczonego wcze\u015bniej w otworze, a nast\u0119pnie pozwoli\u0107 mu zastygn\u0105\u0107 z knotem na miejscu.<\/p>\n<p>Umieszczaj\u0105c sustainer na dnie pojemnika, je\u015bli masz pod r\u0119k\u0105 troch\u0119 Blu Tac, ma\u0142\u0105 wskaz\u00f3wk\u0105 jest umieszczenie bardzo ma\u0142ej ilo\u015bci pod sustainerem i przyklejenie go do dna pojemnika. Alternatywnie, mo\u017cna u\u017cy\u0107 dwustronnej karteczki samoprzylepnej dost\u0119pnej we wszystkich dobrych sklepach papierniczych i niekt\u00f3rych sklepach spo\u017cywczych.<\/p>\n<p>Podtrzymka ta ma 20 mm szeroko\u015bci, jest odpowiednia dla stosunkowo du\u017cych pojemnik\u00f3w i wykonana ze stali mi\u0119kkiej. Je\u015bli u\u017cywasz ma\u0142ego lub \u015bredniego pojemnika, wybierz opcj\u0119 15 mm. Wysoko\u015b\u0107 podtrzymywacza mo\u017cna wybra\u0107 z rozwijanego pola powy\u017cej. Je\u015bli nie jeste\u015b przyzwyczajony do korzystania z podtrzymywaczy, wi\u0119kszy z nich (6 mm) mo\u017ce nieco u\u0142atwi\u0107 utrzymanie knota na miejscu.<\/p>","protected":false},"excerpt":{"rendered":"<p>Wick Sustainers (also referred to as Metal Tabs) are required to hold your wick in place at the bottom of the heat resistant container and stops the wick from simply floating to the surface of the candle when you pour in the molten wax. To use, crimp the wick and place into the hole in [&hellip;]<\/p>\n","protected":false},"featured_media":11929,"comment_status":"open","ping_status":"closed","template":"","meta":{"_acf_changed":false},"product_brand":[],"product_cat":[499],"product_tag":[941],"class_list":{"0":"post-10023","1":"product","2":"type-product","3":"status-publish","4":"has-post-thumbnail","6":"product_cat-candle-wicks","7":"product_tag-wick-sustainers","9":"first","10":"instock","11":"taxable","12":"shipping-taxable","13":"purchasable","14":"product-type-variable"},"acf":[],"_links":{"self":[{"href":"https:\/\/cosyowl.com\/pl\/wp-json\/wp\/v2\/product\/10023","targetHints":{"allow":["GET"]}}],"collection":[{"href":"https:\/\/cosyowl.com\/pl\/wp-json\/wp\/v2\/product"}],"about":[{"href":"https:\/\/cosyowl.com\/pl\/wp-json\/wp\/v2\/types\/product"}],"replies":[{"embeddable":true,"href":"https:\/\/cosyowl.com\/pl\/wp-json\/wp\/v2\/comments?post=10023"}],"wp:featuredmedia":[{"embeddable":true,"href":"https:\/\/cosyowl.com\/pl\/wp-json\/wp\/v2\/media\/11929"}],"wp:attachment":[{"href":"https:\/\/cosyowl.com\/pl\/wp-json\/wp\/v2\/media?parent=10023"}],"wp:term":[{"taxonomy":"product_brand","embeddable":true,"href":"https:\/\/cosyowl.com\/pl\/wp-json\/wp\/v2\/product_brand?post=10023"},{"taxonomy":"product_cat","embeddable":true,"href":"https:\/\/cosyowl.com\/pl\/wp-json\/wp\/v2\/product_cat?post=10023"},{"taxonomy":"product_tag","embeddable":true,"href":"https:\/\/cosyowl.com\/pl\/wp-json\/wp\/v2\/product_tag?post=10023"}],"curies":[{"name":"wp","href":"https:\/\/api.w.org\/{rel}","templated":true}]}}