{"id":66431,"date":"2023-10-12T14:48:26","date_gmt":"2023-10-12T13:48:26","guid":{"rendered":"https:\/\/cosyowl.com\/?page_id=66431"},"modified":"2024-05-15T23:36:19","modified_gmt":"2024-05-15T22:36:19","slug":"szukam-nowego-dostawcy-materialow-do-produkcji-swiec","status":"publish","type":"page","link":"https:\/\/cosyowl.com\/pl\/looking-for-a-new-supplier-of-candle-making-materials","title":{"rendered":"Szukasz nowego dostawcy materia\u0142\u00f3w do produkcji \u015bwiec?"},"content":{"rendered":"<style type=\"text\/css\">\r\nh1 {\r\n\ttext-align: center;\r\n}\r\nh2 {\r\n\tfont-size: calc(20px + (40 - 20) * ((100vw - 320px) \/ (1600 - 320))); \r\n\tline-height: 1.2; \r\n\tmargin: 1em 0; \r\n\tborder: 0 !important; \r\n\ttext-align: center;\r\n}\r\nh3 {\r\n\tfont-size: calc(14px + (18 - 14) * ((100vw - 320px) \/ (1600 - 320))); \r\n\tline-height: 1.2; \r\n\tmargin: 1em 0;\r\n}\r\n.section-icons {\r\n\tpadding: 10px 0 50px;\r\n}\r\n.section-icons ul {\r\n\tlist-style: none; \r\n\tmargin: 0; \r\n\tpadding: 0; \r\n\tdisplay: flex; \r\n\tflex-wrap: wrap;\r\n}\r\n.section-icons li {\r\n\twidth: 25%; \r\n\tlist-style: none; \r\n\tmargin: 0; \r\n\tpadding: 120px 3% 30px; \r\n\ttext-align: center; \r\n}\r\n.section-icons li.item1 {\r\n\tbackground: url(\"\/wp-content\/uploads\/design\/discount-icon2.webp\") no-repeat center top #fff; \r\n\tbackground-size: 100px 100px;\r\n}\r\n.section-icons li.item2 {\r\n\tbackground: url(\"\/wp-content\/uploads\/design\/no-risk-icon.webp\") no-repeat center top #fff; \r\n\tbackground-size: 100px 100px;\r\n}\r\n.section-icons li.item3 {\r\n\tbackground: url(\"\/wp-content\/uploads\/design\/trusted-icon.webp\") no-repeat center top #fff; \r\n\tbackground-size: 100px 100px;\r\n}\r\n.section-icons li.item4 {\r\n\tbackground: url(\"\/wp-content\/uploads\/design\/wholesale-icon.webp\") no-repeat center top #fff; \r\n\tbackground-size: 100px 100px;\r\n}\r\n.section-icons li.item5 {\r\n\tbackground: url(\"\/wp-content\/uploads\/design\/quality-icon.webp\") no-repeat center top #fff; \r\n\tbackground-size: 100px 100px;\r\n}\r\n.section-icons li.item6 {\r\n\tbackground: url(\"\/wp-content\/uploads\/design\/ethical-icon.webp\") no-repeat center top #fff; \r\n\tbackground-size: 100px 100px;\r\n}\r\n.section-icons li.item7 {\r\n\tbackground: url(\"\/wp-content\/uploads\/design\/service-icon.webp\") no-repeat center top #fff; \r\n\tbackground-size: 100px 100px;\r\n}\r\n.section-icons li.item8 {\r\n\tbackground: url(\"\/wp-content\/uploads\/design\/owl-icon.webp\") no-repeat center top #fff; \r\n\tbackground-size: 100px 100px;\r\n}\r\n.section-categories {\r\n\tmargin: 30px auto 50px;\r\n}\r\n.section-categories ul {\r\n\tpadding: 0;\r\n\tmargin: 0;\r\n\tlist-style: none;\r\n\tdisplay: flex;\r\n\tjustify-content: space-between;\r\n\tflex-wrap: wrap;\r\n}\r\n.section-categories li {\r\n\twidth: 11%;\r\n\tmargin: 0 0 10px;\r\n\tlist-style: none;\r\n\ttext-align: center;\r\n}\r\n.section-categories li a {\r\n\tdisplay: block;\r\n\ttext-decoration: none;\r\n\tcolor: #333;\t\r\n}\r\n.section-gallery {\r\n\tmargin: 30px auto 50px;\r\n}\r\n.section-gallery ul {\r\n\tpadding: 0;\r\n\tmargin: 0;\r\n\tlist-style: none;\r\n\tdisplay: flex;\r\n\tflex-wrap: wrap;\r\n}\r\n.section-gallery li {\r\n\twidth: 33.333%;\r\n\tmargin: 0 0 10px;\r\n\tlist-style: none;\r\n\ttext-align: center;\r\n}\r\n.section-button {\r\n\tmargin: 50px auto;\r\n\ttext-align: center;\r\n}\r\n.section-button a {\r\n\tbackground-color: #f16629;\r\n\tpadding: 12px 50px;\r\n\tcolor: #fff;\r\n\ttext-decoration: none;\r\n\tborder-radius: 4px;\r\n\tfont-weight: 600;\r\n}\r\n\r\n@media (max-width: 992px) {\r\n\t.section-categories li {\r\n\t\twidth: 24%;\r\n\t}\r\n}\r\n@media (max-width:767px) {\r\n\t.section-icons li {\r\n\t\twidth: 50%;\r\n\t}\r\n\t.section-gallery li {\r\n\t\twidth: 50%;\r\n\t}\t\r\n}\t\r\n@media (max-width:480px) {\r\n\t.section-icons li {\r\n\t\twidth: 100%;\r\n\t}\r\n\t.section-categories li {\r\n\t\twidth: 49%;\r\n\t}\r\n\t.section-gallery li {\r\n\t\twidth: 100%;\r\n\t}\t\r\n}\t\r\n<\/style>\r\n\r\n<p>Je\u015bli zastanawiasz si\u0119 nad wypr\u00f3bowaniem nowego hurtowego dostawcy <a href=\"https:\/\/cosyowl.com\/pl\/guides\/how-to-make-a-candle\">produkcja \u015bwiec<\/a> Istnieje wiele powod\u00f3w, dla kt\u00f3rych warto wypr\u00f3bowa\u0107 Cosy Owl. Przekonaj si\u0119 sam, dlaczego tysi\u0105ce klient\u00f3w ka\u017cdego roku wybiera Cosy Owl jako preferowan\u0105 hurtowni\u0119 <a href=\"https:\/\/cosyowl.com\/pl\/guides\/a-summers-beach-gel-votive-candle\">\u015bwieca<\/a> wytwarzanie materia\u0142\u00f3w.<\/p>\r\n\r\n<h2>7 powod\u00f3w, dla kt\u00f3rych warto wypr\u00f3bowa\u0107 Cosy Owl<\/h2>\r\n\r\n<div class=\"section-icons\">\r\n\t<ul>\r\n\t\t<li class=\"item1\"><strong>1)<\/strong> Oferujemy <strong>10% pierwszy <a href=\"https:\/\/cosyowl.com\/pl\/basket\">porz\u0105dek<\/a> rabat<\/strong> aby wypr\u00f3bowa\u0107 nasze produkty i us\u0142ugi - wystarczy u\u017cy\u0107 kodu \"Welcome\" na stronie <a href=\"https:\/\/cosyowl.com\/pl\/checkout\">kasa<\/a>.<\/li>\r\n\t\t<li class=\"item2\"><strong>2)<\/strong> Oferujemy <strong>Gwarancja BEZ RYZYKA<\/strong> dla klient\u00f3w sk\u0142adaj\u0105cych pierwsze zam\u00f3wienia pr\u00f3bne: je\u015bli produkt nie przypadnie do gustu, zwr\u00f3cimy jego warto\u015b\u0107 w ca\u0142o\u015bci, nie <a href=\"https:\/\/cosyowl.com\/pl\/guides\/faq\">pytania<\/a> zapyta\u0142 - wi\u0119c naprawd\u0119 nie ma ryzyka wypr\u00f3bowania nas.*<\/li>\r\n\t\t<li class=\"item3\"><strong><a href=\"https:\/\/cosyowl.com\/pl\/candle-making-supplies\/candle-containers\/other-containers\/wax-melt-christmas-tree-mould-3\">3<\/a>)<\/strong> <strong>Zaufana firma<\/strong> - Dzia\u0142amy na rynku od 2011 roku i rozwijamy si\u0119, konsekwentnie zachwycaj\u0105c klient\u00f3w. Jeste\u015bmy firm\u0105 o ugruntowanej pozycji, kt\u00f3rej zaufa\u0142o ponad 60 000 producent\u00f3w \u015bwiec w Wielkiej Brytanii i Europie.<\/li>\r\n\t\t<li class=\"item4\"><strong>4)<\/strong> Jeste\u015bmy jedynym dostawc\u0105 \u015bwiec, kt\u00f3ry oferuje prawdziwe <strong>ceny hurtowe<\/strong> - Po prostu z\u0142\u00f3\u017c wniosek o konto hurtowe po z\u0142o\u017ceniu kilku zam\u00f3wie\u0144, a otrzymasz indywidualne ceny w ca\u0142ym naszym asortymencie dla ka\u017cdego zam\u00f3wienia, dla ka\u017cdej ilo\u015bci.<\/li>\r\n\t\t<li class=\"item5\"><strong>5)<\/strong> <strong>Premium <a href=\"https:\/\/cosyowl.com\/pl\/candle-wicks\/wedo-lx-wick-raw\">jako\u015b\u0107<\/a> i ekskluzywne produkty<\/strong> - Koncentrujemy si\u0119 na jako\u015bci produkt\u00f3w i oferujemy ekskluzywne produkty dla producent\u00f3w \u015bwiec niefabrycznych. Nasze zapachy osi\u0105gaj\u0105 lepsze wyniki na rynku, zapewniaj\u0105c <a href=\"https:\/\/cosyowl.com\/pl\/fragrance-oils\/strawberry-bon-bon\">zachwycaj\u0105cy<\/a> doznania zapachowe. Nasz ekskluzywny <a href=\"https:\/\/cosyowl.com\/pl\/guides\/how-to-jasmine-candle-using-soyaluna-container-wax\">Wosk SoyaLuna<\/a> Za ka\u017cdym razem zapewnia sp\u00f3jne wyniki, zapewniaj\u0105c g\u0142adkie, niezmro\u017cone rezultaty - trzeba spr\u00f3bowa\u0107, aby uwierzy\u0107.<\/li>\r\n\t\t<li class=\"item6\"><strong>6)<\/strong> <strong>Produkty pozyskiwane w spos\u00f3b etyczny<\/strong> - Nasze produkty s\u0105 pozyskiwane w spos\u00f3b etyczny, z wielk\u0105 staranno\u015bci\u0105 wybieramy naszych dostawc\u00f3w i przeprowadzamy audyty ca\u0142ego \u0142a\u0144cucha dostaw. Jeste\u015bmy transparentni, jasno pokazuj\u0105c, co znajduje si\u0119 w ka\u017cdym produkcie i jakie standardy etyczne s\u0105 spe\u0142niane, umo\u017cliwiaj\u0105c dokonywanie \u015bwiadomych wybor\u00f3w zgodnych z etyk\u0105 marki.<\/li>\r\n\t\t<li class=\"item7\"><strong>7)<\/strong> Oferujemy <strong>bezkonkurencyjna obs\u0142uga<\/strong> - wysy\u0142ka tego samego dnia na <a href=\"https:\/\/cosyowl.com\/pl\/shop\">wszystkie produkty<\/a> do godziny 12 w po\u0142udnie ka\u017cdego dnia tygodnia. Nasz dedykowany <a href=\"https:\/\/cosyowl.com\/pl\/contact-us\">obs\u0142uga klienta<\/a> Jeste\u015bmy dumni z tego, \u017ce mo\u017cemy wspiera\u0107 naszych klient\u00f3w w przekraczaniu ich oczekiwa\u0144. Konsekwentnie otrzymujemy doskona\u0142e oceny w naszych recenzjach i uzyskujemy \u015bwiatowej klasy wyniki w naszych rankingach. <a href=\"https:\/\/cosyowl.com\/pl\/communication-preferences\">Klient<\/a> Ankiety satysfakcji.<\/li>\r\n\t\t<li class=\"item8\">Chcieliby\u015bmy <a href=\"https:\/\/cosyowl.com\/pl\/\">powitanie<\/a> do rodziny Cosy Owl, jest to <a href=\"https:\/\/cosyowl.com\/pl\/craft-kits\/candle-making-kits\/soy-wax-mulled-wine-christmas-candle-making-kit\">ciep\u0142y<\/a> i przytulnie tutaj. <br\/><br\/><br\/>*Gwarancja NO RISK obejmuje tylko najmniejszy dost\u0119pny rozmiar opakowania i tylko w przypadku pierwszych zam\u00f3wie\u0144 klienta.<\/li>\r\n\t<\/ul>\r\n<\/div>\r\n\r\n\r\n<div class=\"section-categories\">\r\n\t<ul>\r\n\t\t<li>\r\n\t\t\t<a href=\"\/pl\/olejki-zapachowe\/?wmc-currency=EUR\">\r\n\t\t\t\t<img decoding=\"async\" src=\"https:\/\/cosyowl.com\/wp-content\/uploads\/design\/fragrances-cat-circle.jpg\" alt=\"Zapachy\" title=\"\">\r\n\t\t\t\t<span>Zapachy<\/span>\r\n\t\t\t<\/a>\r\n\t\t<\/li>\r\n\t\t<li>\r\n\t\t\t<a href=\"\/pl\/materialy-do-produkcji-swiec\/?wmc-currency=EUR\">\r\n\t\t\t\t<img decoding=\"async\" src=\"https:\/\/cosyowl.com\/wp-content\/uploads\/design\/candle-supplies-cat-circle.jpg\" alt=\"Akcesoria do \u015bwiec\" title=\"\">\r\n\t\t\t\t<span>Akcesoria do \u015bwiec<\/span>\r\n\t\t\t<\/a>\r\n\t\t<\/li>\r\n\t\t<li>\r\n\t\t\t<a href=\"\/pl\/wosk-topi-sie\/?wmc-currency=EUR\">\r\n\t\t\t\t<img decoding=\"async\" src=\"https:\/\/cosyowl.com\/wp-content\/uploads\/design\/wax-melt-supplies-cat-circle.jpg\" alt=\"Materia\u0142y do topienia wosku\" title=\"\">\r\n\t\t\t\t<span>Materia\u0142y do topienia wosku<\/span>\r\n\t\t\t<\/a>\r\n\t\t<\/li>\r\n\t\t<li>\r\n\t\t\t<a href=\"\/pl\/dyfuzory-trzcinowe\/?wmc-currency=EUR\">\r\n\t\t\t\t<img decoding=\"async\" src=\"https:\/\/cosyowl.com\/wp-content\/uploads\/design\/diffuser-supplies-cat-circle.jpg\" alt=\"Materia\u0142y eksploatacyjne do dyfuzor\u00f3w\" title=\"\">\r\n\t\t\t\t<span>Materia\u0142y eksploatacyjne do dyfuzor\u00f3w<\/span>\r\n\t\t\t<\/a>\r\n\t\t<\/li>\r\n\t\t<li>\r\n\t\t\t<a href=\"\/pl\/materialy-do-produkcji-mydla\/?wmc-currency=EUR\">\r\n\t\t\t\t<img decoding=\"async\" src=\"https:\/\/cosyowl.com\/wp-content\/uploads\/design\/soap-supplies-cat-circle.jpg\" alt=\"Materia\u0142y eksploatacyjne do myd\u0142a\" title=\"\">\r\n\t\t\t\t<span>Materia\u0142y eksploatacyjne do myd\u0142a<\/span>\r\n\t\t\t<\/a>\r\n\t\t<\/li>\r\n\t\t<li>\r\n\t\t\t<a href=\"\/pl\/artykuly-do-pielegnacji-ciala\/?wmc-currency=EUR\">\r\n\t\t\t\t<img decoding=\"async\" src=\"https:\/\/cosyowl.com\/wp-content\/uploads\/design\/cosmetic-supplies-cat-circle.jpg\" alt=\"Materia\u0142y kosmetyczne\" title=\"\">\r\n\t\t\t\t<span>Materia\u0142y kosmetyczne<\/span>\r\n\t\t\t<\/a>\r\n\t\t<\/li>\r\n\t\t<li>\r\n\t\t\t<a href=\"\/pl\/zestawy-rzemieslnicze\/?wmc-currency=EUR\">\r\n\t\t\t\t<img decoding=\"async\" src=\"https:\/\/cosyowl.com\/wp-content\/uploads\/design\/kits-cat-circle.jpg\" alt=\"Zestawy rzemie\u015blnicze\" title=\"\">\r\n\t\t\t\t<span>Zestawy rzemie\u015blnicze<\/span>\r\n\t\t\t<\/a>\r\n\t\t<\/li>\r\n\t\t<li>\r\n\t\t\t<a href=\"\/pl\/pakiety\/?wmc-currency=EUR\">\r\n\t\t\t\t<img decoding=\"async\" src=\"https:\/\/cosyowl.com\/wp-content\/uploads\/design\/bundles-cat-circle.jpg\" alt=\"Zestawy rzemie\u015blnicze\" title=\"\">\r\n\t\t\t\t<span>Zestawy rzemie\u015blnicze<\/span>\r\n\t\t\t<\/a>\r\n\t\t<\/li>\r\n\t<\/ul>\r\n<\/div>\r\n\r\n\r\n<h2>Zarejestruj swoje konto hurtowe ju\u017c dzi\u015b!<\/h2>\r\n\r\n<div class=\"section-button\">\r\n\t<a href=\"\/pl\/konto\/?wmc-currency=EUR\">Zarejestruj si\u0119 teraz<\/a>\r\n<\/div>\r\n\r\n<div class=\"section-gallery\">\r\n\t<ul>\r\n\t\t<li>\r\n\t\t\t<img decoding=\"async\" src=\"https:\/\/cosyowl.com\/wp-content\/uploads\/2023\/10\/1.png\" alt=\"Zapachy\" title=\"\">\r\n\t\t<\/li>\r\n\t\t<li>\r\n\t\t\t<img decoding=\"async\" src=\"https:\/\/cosyowl.com\/wp-content\/uploads\/2023\/10\/3-1.png\" alt=\"Akcesoria do \u015bwiec\" title=\"\">\r\n\t\t<\/li>\r\n\t\t<li>\r\n\t\t\t<img decoding=\"async\" src=\"https:\/\/cosyowl.com\/wp-content\/uploads\/2023\/10\/5.png\" alt=\"Akcesoria do \u015bwiec\" title=\"\">\r\n\t\t<\/li>\t\r\n\t\t<li>\r\n\t\t\t<img decoding=\"async\" src=\"https:\/\/cosyowl.com\/wp-content\/uploads\/2023\/10\/4.png\" alt=\"Zapachy\" title=\"\">\r\n\t\t<\/li>\r\n\t\t<li>\r\n\t\t\t<img decoding=\"async\" src=\"https:\/\/cosyowl.com\/wp-content\/uploads\/2023\/10\/2-1.png\" alt=\"Akcesoria do \u015bwiec\" title=\"\">\r\n\t\t<\/li>\r\n\t\t<li>\r\n\t\t\t<img decoding=\"async\" src=\"https:\/\/cosyowl.com\/wp-content\/uploads\/2023\/10\/7.png\" alt=\"Akcesoria do \u015bwiec\" title=\"\">\r\n\t\t<\/li>\r\n\t<\/ul>\r\n<\/div>","protected":false},"excerpt":{"rendered":"<p>If you are thinking about trialling a new wholesale supplier of candle making goods, there are many good reasons to give Cosy Owl a try. Discover for yourself why thousands of customers each year switch to Cosy Owl as their preferred wholesaler of candle making materials. 7 Reason&#8217;s to try Cosy Owl 1) We offer [&hellip;]<\/p>\n","protected":false},"author":111220,"featured_media":0,"parent":0,"menu_order":0,"comment_status":"closed","ping_status":"closed","template":"template-fullwidth.php","meta":{"_acf_changed":false,"footnotes":""},"class_list":["post-66431","page","type-page","status-publish","hentry"],"acf":[],"_links":{"self":[{"href":"https:\/\/cosyowl.com\/pl\/wp-json\/wp\/v2\/pages\/66431","targetHints":{"allow":["GET"]}}],"collection":[{"href":"https:\/\/cosyowl.com\/pl\/wp-json\/wp\/v2\/pages"}],"about":[{"href":"https:\/\/cosyowl.com\/pl\/wp-json\/wp\/v2\/types\/page"}],"author":[{"embeddable":true,"href":"https:\/\/cosyowl.com\/pl\/wp-json\/wp\/v2\/users\/111220"}],"replies":[{"embeddable":true,"href":"https:\/\/cosyowl.com\/pl\/wp-json\/wp\/v2\/comments?post=66431"}],"version-history":[{"count":0,"href":"https:\/\/cosyowl.com\/pl\/wp-json\/wp\/v2\/pages\/66431\/revisions"}],"wp:attachment":[{"href":"https:\/\/cosyowl.com\/pl\/wp-json\/wp\/v2\/media?parent=66431"}],"curies":[{"name":"wp","href":"https:\/\/api.w.org\/{rel}","templated":true}]}}