{"id":4844,"date":"2020-12-18T12:15:48","date_gmt":"2020-12-18T12:15:48","guid":{"rendered":"https:\/\/cosyowl.com\/?page_id=4844"},"modified":"2024-10-02T18:18:45","modified_gmt":"2024-10-02T17:18:45","slug":"o-2","status":"publish","type":"page","link":"https:\/\/cosyowl.com\/pl\/about","title":{"rendered":"O nas"},"content":{"rendered":"<p>Tutaj <a href=\"https:\/\/cosyowl.com\/pl\/\">Przytulna sowa<\/a> Jeste\u015bmy bardzo dumni z r\u00f3\u017cnorodno\u015bci i <a href=\"https:\/\/cosyowl.com\/pl\/candle-wicks\/wedo-lx-wick-raw\">jako\u015b\u0107<\/a> oferowanych przez nas produkt\u00f3w do produkcji \u015bwiec. Niezale\u017cnie od tego, czy dopiero zaczynasz swoj\u0105 przygod\u0119 z tym hobby, czy te\u017c jeste\u015b w pe\u0142ni zaawansowanym <a href=\"https:\/\/cosyowl.com\/pl\/guides\/a-summers-beach-gel-votive-candle\">\u015bwieca<\/a> Cosy Owl, firma produkuj\u0105ca, ma ogromny wyb\u00f3r produkt\u00f3w spe\u0142niaj\u0105cych Twoje potrzeby.<\/p>\n<p>Z r\u00f3\u017cnych <a href=\"https:\/\/cosyowl.com\/pl\/candle-making-supplies\/fragrance-oils-for-candle-making\/all-fragrances\/honey-fragrance-oil\">naturalny<\/a> od wosk\u00f3w mineralnych po spersonalizowane knoty i ogromn\u0105 kolekcj\u0119 olejk\u00f3w zapachowych i kolorowych barwnik\u00f3w, Cosy Owl ma wszystko, czego potrzebujesz, aby zrobi\u0107 \u015bwiec\u0119, niezale\u017cnie od tego, czy jest to najmniejszy podgrzewacz, czy najwi\u0119ksza dekoracja sto\u0142u. Opr\u00f3cz sprz\u0119tu i materia\u0142\u00f3w potrzebnych do produkcji \u015bwiec, Cosy Owl oferuje r\u00f3wnie\u017c szerok\u0105 gam\u0119 pojemnik\u00f3w na \u015bwiece, w tym puszki, s\u0142oiki, szklanki i aluminiowe kubki, z r\u00f3wnie du\u017c\u0105 r\u00f3\u017cnorodno\u015bci\u0105 kolor\u00f3w i kszta\u0142t\u00f3w do wyboru.<\/p>\n<p>Nasze materia\u0142y i produkty pozyskujemy wy\u0142\u0105cznie od wysokiej jako\u015bci producent\u00f3w, w tym niekt\u00f3rych z najbardziej znanych producent\u00f3w wosk\u00f3w i knot\u00f3w, a tak\u017ce dok\u0142adamy wszelkich stara\u0144, aby upewni\u0107 si\u0119, \u017ce wszystko, co sprzedajemy, jest bezpieczne i nietoksyczne.<\/p>\n<p>Je\u015bli ucierpia\u0142e\u015b z powodu zako\u0144czenia dzia\u0142alno\u015bci przez Craftovator, mo\u017cesz <a href=\"https:\/\/cosyowl.com\/pl\/contact-us\">skontaktuj si\u0119 z nami<\/a> <a href=\"https:\/\/cosyowl.com\/pl\/przewodniki\/craftovator-zakonczyl-dzialalnosc\/?wmc-currency=EUR\">tutaj, aby poprosi\u0107 o zaopatrzenie w produkty<\/a>.<\/p>","protected":false},"excerpt":{"rendered":"<p>Here at Cosy Owl we take great pride in the variety and quality of the products we provide for making candles. Whether you\u2019re making your first furrows into the hobby or are a fully-fledged candle producing business, Cosy Owl has a huge selection of products to meet your needs. From a variety of natural and [&hellip;]<\/p>\n","protected":false},"author":1,"featured_media":0,"parent":0,"menu_order":0,"comment_status":"closed","ping_status":"closed","template":"","meta":{"_acf_changed":false,"footnotes":""},"class_list":["post-4844","page","type-page","status-publish","hentry"],"acf":[],"_links":{"self":[{"href":"https:\/\/cosyowl.com\/pl\/wp-json\/wp\/v2\/pages\/4844","targetHints":{"allow":["GET"]}}],"collection":[{"href":"https:\/\/cosyowl.com\/pl\/wp-json\/wp\/v2\/pages"}],"about":[{"href":"https:\/\/cosyowl.com\/pl\/wp-json\/wp\/v2\/types\/page"}],"author":[{"embeddable":true,"href":"https:\/\/cosyowl.com\/pl\/wp-json\/wp\/v2\/users\/1"}],"replies":[{"embeddable":true,"href":"https:\/\/cosyowl.com\/pl\/wp-json\/wp\/v2\/comments?post=4844"}],"version-history":[{"count":0,"href":"https:\/\/cosyowl.com\/pl\/wp-json\/wp\/v2\/pages\/4844\/revisions"}],"wp:attachment":[{"href":"https:\/\/cosyowl.com\/pl\/wp-json\/wp\/v2\/media?parent=4844"}],"curies":[{"name":"wp","href":"https:\/\/api.w.org\/{rel}","templated":true}]}}