{"id":4796,"date":"2020-12-16T02:21:45","date_gmt":"2020-12-16T02:21:45","guid":{"rendered":"https:\/\/cosyowl.com\/?page_id=4796"},"modified":"2024-05-15T23:21:52","modified_gmt":"2024-05-15T22:21:52","slug":"hurtowe-materialy-do-produkcji-swiec","status":"publish","type":"page","link":"https:\/\/cosyowl.com\/pl\/wholesale-candle-making-supplies","title":{"rendered":"Hurtownia materia\u0142\u00f3w do produkcji \u015bwiec"},"content":{"rendered":"<link rel='stylesheet' href='\/wp-content\/themes\/shoptimizer-child-theme\/wholesale.css' type='text\/css' media='all' \/>\r\n\r\n<div class=\"section1\">\r\n\t<h2>Cosy Owl z przyjemno\u015bci\u0105 uruchamia nasz\u0105 hurtowni\u0119 \u015bwiec<\/h2>\r\n\t<p>Wy\u0142\u0105cznie dla klient\u00f3w handlowych, oferujemy teraz dostosowane ceny i zarz\u0105dzanie kontem dla naszych sta\u0142ych klient\u00f3w handlowych<\/p>\r\n<\/div>\r\n\r\n<div class=\"section2\">\r\n\t<p>Opiera si\u0119 na prostej zasadzie, \u017ce im wi\u0119cej wydajesz, tym wi\u0119kszy rabat otrzymujesz. <a href=\"https:\/\/cosyowl.com\/pl\/shop\">wszystkie produkty<\/a>. ALE co wa\u017cne, nasze zdyskontowane ceny hurtowe pozostaj\u0105 niezmienne bez wzgl\u0119du na to, jak du\u017co stawiasz w ka\u017cdym z nich. <a href=\"https:\/\/cosyowl.com\/pl\/checkout\">porz\u0105dek<\/a> lub ile ka\u017cdego produktu kupujesz.<\/p>\r\n\t<p>Mo\u017cesz wi\u0119c polega\u0107 na sta\u0142ej bazie kosztowej dla swojej firmy, niezale\u017cnie od tego, czy potrzebujesz 1, czy <a href=\"https:\/\/cosyowl.com\/pl\/candle-making-supplies\/tools-equipment\/glue-dots-pack-of-1000\">1000<\/a> pozycji w zam\u00f3wieniu.<\/p>\r\n\t<p>Jako ceniony partner handlowy <a href=\"https:\/\/cosyowl.com\/pl\/communication-preferences\">klient<\/a> Otrzymasz r\u00f3wnie\u017c dedykowane zarz\u0105dzanie kontem, ekskluzywny pierwszy dost\u0119p do nowych produkt\u00f3w, korzy\u015bci dla cz\u0142onk\u00f3w i promocj\u0119 swojej firmy za po\u015brednictwem naszego bloga i medi\u00f3w spo\u0142eczno\u015bciowych.<\/p>\r\n<\/div>\r\n\r\n<div class=\"section3\">\r\n<ul>\r\n\t<li class=\"item1\">Spersonalizowane rabaty w ca\u0142ej witrynie na podstawie ca\u0142kowitych wydatk\u00f3w - nie wydatk\u00f3w na zam\u00f3wienie lub produkt.<\/li>\r\n\t<li class=\"item2\">Dedykowany mened\u017cer konta<\/li>\r\n\t<li class=\"item3\">Zawsze otrzymuj uzgodniony rabat, niezale\u017cnie od tego, ile jednorazowo zam\u00f3wisz<\/li>\r\n\t<li class=\"item4\">Zwi\u0119kszaj swoje rabaty wraz z rozwojem firmy i wzrostem wydatk\u00f3w u nas<\/li>\r\n\t<li class=\"item5\">Rabaty oparte na ca\u0142kowitych wydatkach, a nie ilo\u015bci w ka\u017cdym zam\u00f3wieniu = sta\u0142a podstawa koszt\u00f3w dla Twojej firmy<\/li>\r\n\t<li class=\"item6\">Ekskluzywny, pierwszy dost\u0119p do nowych produkt\u00f3w i funkcji<\/li>\r\n\t<li class=\"item7\">Zni\u017cki nawet na <a href=\"https:\/\/cosyowl.com\/pl\/wholesale-store\">luzem<\/a> ceny zakupu<\/li>\r\n\t<li class=\"item8\">Wykorzystaj nas do promowania swojej firmy - promujemy naszych klient\u00f3w handlowych w mediach spo\u0142eczno\u015bciowych i na naszym blogu.<\/li>\r\n<\/ul>\r\n<br class=\"clearBoth\" \/>\r\n<\/div>\r\n\r\n<div class=\"section4\"><\/div>\r\n\r\n<div class=\"section5\">\r\n\t<div class=\"zigzag\"><\/div>\r\n\t<a name=\"apply\"><\/a>\r\n\t<h2>Jak zosta\u0107 klientem handlowym Cosy Owl?<\/h2>\r\n\t\r\n\t<div class=\"flowchart\">\r\n\t\t<div class=\"flowchart1\">\r\n\t\t\t<h3>Jeste\u015b ju\u017c klientem?<\/h3>\r\n\t\t\t<img decoding=\"async\" src=\"https:\/\/cosyowl.com\/wp-content\/uploads\/design\/owl-avatar-winking-200.png\" alt=\"Przytulny awatar sowy\" title=\"\">\r\n\t\t\t<p>Mened\u017cer konta przejrzy Twoje konto i gdy wydasz ponad 150 GBP miesi\u0119cznie przez dwa kolejne miesi\u0105ce, ustawi Ci\u0119 na odpowiednim pa\u015bmie rabatowym i skontaktuje si\u0119 z Tob\u0105 w celu potwierdzenia. Pami\u0119taj, \u017ce im wi\u0119cej wydasz, tym lepszy rabat zostanie zastosowany.<\/p>\r\n\t\t<\/div>\r\n\t\t\r\n\t\t<div class=\"flowchart2\">\r\n\t\t\t<h3>Nowy Cosy Owler?<\/h3>\r\n\t\t\t<img decoding=\"async\" src=\"https:\/\/cosyowl.com\/wp-content\/uploads\/design\/owl-avatar-looking-up-200.png\" alt=\"Przytulny awatar sowy\" title=\"\">\r\n\t\t\t<p class=\"wholesale-button\"><a href=\"\/pl\/konto\/?wmc-currency=EUR\">Kliknij tutaj, aby si\u0119 zarejestrowa\u0107.<\/a><\/p>\r\n\t\t\t<p>Wype\u0142nij formularz rejestracyjny. Zaznacz \"Czy jeste\u015b klientem handlowym?\" i podaj szczeg\u00f3\u0142y, w tym szacowane miesi\u0119czne wydatki. Prze\u015blij formularz.<\/p>\r\n\t\t\t<p>Po z\u0142o\u017ceniu zam\u00f3wie\u0144 o warto\u015bci 150 GBP lub wi\u0119cej miesi\u0119cznie przez dwa kolejne miesi\u0105ce, opiekun klienta skontaktuje si\u0119 z Tob\u0105 i ustawi Tw\u00f3j przedzia\u0142 rabatowy. Im wi\u0119cej wydasz, tym lepszy rabat zostanie zastosowany.<\/p>\r\n\t\t<\/div>\r\n\t\t\r\n\t\t<div class=\"flowchart3\">\t\t\r\n\t\t\t<p><b>Po skonfigurowaniu<\/b> <br\/>Za ka\u017cdym razem, gdy si\u0119 zalogujesz, zobaczysz swoje obni\u017cone ceny na wszystkie produkty.<\/p>\r\n\t\t<\/div>\r\n\t<\/div>\r\n<\/div>\r\n\r\n<div class=\"section4\"><\/div>","protected":false},"excerpt":{"rendered":"<p>Cosy Owl are delighted to launch our wholesale candle supplies facility Exclusively for trade customers, we now offer tailor made pricing and account management for our regular trade customers Based on the simple principle of the more you spend the more discount you get across all products. BUT importantly our discounted wholesale prices remain constant [&hellip;]<\/p>\n","protected":false},"author":10,"featured_media":0,"parent":0,"menu_order":0,"comment_status":"closed","ping_status":"closed","template":"template-fullwidth.php","meta":{"_acf_changed":false,"footnotes":""},"class_list":["post-4796","page","type-page","status-publish","hentry"],"acf":[],"_links":{"self":[{"href":"https:\/\/cosyowl.com\/pl\/wp-json\/wp\/v2\/pages\/4796","targetHints":{"allow":["GET"]}}],"collection":[{"href":"https:\/\/cosyowl.com\/pl\/wp-json\/wp\/v2\/pages"}],"about":[{"href":"https:\/\/cosyowl.com\/pl\/wp-json\/wp\/v2\/types\/page"}],"author":[{"embeddable":true,"href":"https:\/\/cosyowl.com\/pl\/wp-json\/wp\/v2\/users\/10"}],"replies":[{"embeddable":true,"href":"https:\/\/cosyowl.com\/pl\/wp-json\/wp\/v2\/comments?post=4796"}],"version-history":[{"count":0,"href":"https:\/\/cosyowl.com\/pl\/wp-json\/wp\/v2\/pages\/4796\/revisions"}],"wp:attachment":[{"href":"https:\/\/cosyowl.com\/pl\/wp-json\/wp\/v2\/media?parent=4796"}],"curies":[{"name":"wp","href":"https:\/\/api.w.org\/{rel}","templated":true}]}}