{"id":3,"date":"2020-10-31T22:54:05","date_gmt":"2020-10-31T22:54:05","guid":{"rendered":"https:\/\/cosyowl.com\/?page_id=3"},"modified":"2023-06-29T12:18:39","modified_gmt":"2023-06-29T11:18:39","slug":"privacy-policy","status":"publish","type":"page","link":"https:\/\/cosyowl.com\/pl\/privacy","title":{"rendered":"Polityka prywatno\u015bci"},"content":{"rendered":"<p><a href=\"https:\/\/cosyowl.com\/pl\/\">Witamy<\/a> do Cosy Owl. Cosy Owl utrzymuje t\u0119 witryn\u0119 (\"Witryna\") do u\u017cytku osobistego, dostarczaj\u0105c informacji o naszych produktach i us\u0142ugach. Cosy Owl szanuje prywatno\u015b\u0107 u\u017cytkownik\u00f3w Witryny i stworzy\u0142a niniejsz\u0105 polityk\u0119 prywatno\u015bci. <a href=\"https:\/\/cosyowl.com\/pl\/candle-making-supplies\/candle-containers\/candle-glasses\/glass-candle-container-100cl-classic-jar-with-lid\">o\u015bwiadczenie<\/a> aby wyja\u015bni\u0107, jakie informacje zbieramy podczas wizyty u\u017cytkownika w Witrynie i w jaki spos\u00f3b takie informacje mog\u0105 by\u0107 wykorzystywane. Przytulna Sowa jest zarejestrowana zgodnie z og\u00f3lnymi przepisami o ochronie danych, kt\u00f3re wesz\u0142y w \u017cycie w maju 2018 r.<\/p>\n<h2>Gromadzenie i wykorzystywanie informacji<\/h2>\n<p>Og\u00f3lnie <a href=\"https:\/\/cosyowl.com\/pl\/shippinginfo\">polityka<\/a>W Witrynie nie s\u0105 wymagane ani gromadzone \u017cadne dane osobowe, takie jak imi\u0119 i nazwisko, adres, numer(y) telefonu lub adres e-mail. Je\u015bli jednak zdecydujesz si\u0119 na zakup towar\u00f3w lub utworzenie konta na tej stronie, zostaniesz poproszony o podanie pewnych danych osobowych, takich jak imi\u0119 i nazwisko, adres domowy lub pocztowy, numer(y) telefonu lub adres e-mail. Dane osobowe nie b\u0119d\u0105 sprzedawane ani przekazywane stronom trzecim bez zgody u\u017cytkownika.<\/p>\n<p>Ze wzgl\u0119d\u00f3w prawnych przechowujemy tre\u015b\u0107 umowy dotycz\u0105cej sprzeda\u017cy towar\u00f3w i prze\u015blemy Ci szczeg\u00f3\u0142y Twojej umowy. <a href=\"https:\/\/cosyowl.com\/pl\/checkout\">porz\u0105dek<\/a> a tak\u017ce nasze og\u00f3lne warunki za po\u015brednictwem poczty elektronicznej. Mo\u017cna znale\u017a\u0107 <a href=\"https:\/\/cosyowl.com\/pl\/warunki\/?wmc-currency=EUR\">warunki sprzeda\u017cy<\/a> na Stronie. Szczeg\u00f3\u0142owe informacje na temat ostatnich zam\u00f3wie\u0144 mo\u017cna znale\u017a\u0107 w sekcji <a href=\"https:\/\/cosyowl.com\/pl\/konto\/?wmc-currency=EUR\">logowanie klienta<\/a> lub przez <a href=\"https:\/\/cosyowl.com\/pl\/skontaktuj-sie-z-nami\/?wmc-currency=EUR\">kontakt z nami<\/a> w inny spos\u00f3b.<\/p>\n<p>Dane osobowe u\u017cytkownika b\u0119d\u0105 wykorzystywane w celu dostarczania u\u017cytkownikowi informacji, towar\u00f3w i us\u0142ug oferowanych za po\u015brednictwem Witryny, do rozlicze\u0144 i realizacji zam\u00f3wie\u0144. Ponadto w przypadku klient\u00f3w, kt\u00f3rzy zdecyduj\u0105 si\u0119 na korzystanie z oferowanej us\u0142ugi newslettera, informacje takie jak adres e-mail b\u0119d\u0105 wykorzystywane przez Cosy Owl wy\u0142\u0105cznie w celach marketingowych, aby informowa\u0107 u\u017cytkownika o wszelkich ofertach lub okazjach, kt\u00f3rymi mo\u017ce by\u0107 zainteresowany. Nale\u017cy pami\u0119ta\u0107, \u017ce u\u017cytkownik musi dobrowolnie wyrazi\u0107 zgod\u0119, poniewa\u017c opcja ta nie jest domy\u015blnie w\u0142\u0105czona. Nigdy nie przekazujemy danych u\u017cytkownika stronom trzecim, z wyj\u0105tkiem przypadk\u00f3w, gdy jest to wymagane do realizacji zam\u00f3wienia, w celu <a href=\"https:\/\/cosyowl.com\/pl\/pbf-representative-example\">przyk\u0142ad<\/a> gdy firma kurierska wymaga podania imienia i nazwiska, adresu i czasami numeru telefonu u\u017cytkownika w celu dostarczenia zam\u00f3wionych przez niego towar\u00f3w.<\/p>\n<p>Nie wahaj si\u0119 <a href=\"https:\/\/cosyowl.com\/pl\/skontaktuj-sie-z-nami\/?wmc-currency=EUR\">skontaktuj si\u0119 z nami<\/a> je\u015bli u\u017cytkownik chce uzyska\u0107 wi\u0119cej informacji na temat tego, jakie informacje s\u0105 przez nas przechowywane i\/lub je\u015bli u\u017cytkownik chce, aby\u015bmy usun\u0119li jego dane z naszego systemu. Informacje odnosz\u0105ce si\u0119 bezpo\u015brednio do zam\u00f3wie\u0144 sprzeda\u017cy nie mog\u0105 zosta\u0107 usuni\u0119te, poniewa\u017c firma wymaga ich przechowywania ze wzgl\u0119d\u00f3w prawnych (przez okres 7 lat). Prosimy o odczekanie do pi\u0119ciu dni roboczych na usuni\u0119cie informacji (chocia\u017c zwykle mo\u017cna to zrobi\u0107 wcze\u015bniej).<\/p>\n<p>U\u017cytkownik ma prawo do uzyskania kopii wszystkich informacji, kt\u00f3re Cosy Owl posiada na jego temat - mo\u017ce zosta\u0107 naliczona op\u0142ata w wysoko\u015bci 10,00 GBP na pokrycie koszt\u00f3w administracyjnych zwi\u0105zanych z gromadzeniem i wysy\u0142aniem tych informacji do u\u017cytkownika.<\/p>\n<p>W przypadku skargi dotycz\u0105cej przechowywania i przetwarzania przez nas informacji dotycz\u0105cych u\u017cytkownika,\u00a0<a href=\"https:\/\/www.cosyowl.com\/index.php?main_page=contact_us\">Prosimy o kontakt w pierwszej kolejno\u015bci<\/a>\u00a0i jeste\u015bmy pewni, \u017ce b\u0119dziemy w stanie rozwi\u0105za\u0107 skarg\u0119 natychmiast i w spos\u00f3b satysfakcjonuj\u0105cy. W ma\u0142o prawdopodobnym przypadku, gdy nie b\u0119dziemy w stanie tego zrobi\u0107, mo\u017cesz skontaktowa\u0107 si\u0119 z ICO (Information Commissioner's Office), aby z\u0142o\u017cy\u0107 skarg\u0119 - dane kontaktowe mo\u017cna znale\u017a\u0107 pod adresem\u00a0<a href=\"https:\/\/ico.org.uk\/\" target=\"_blank\" rel=\"noopener\">https:\/\/ico.org.uk\/<\/a>. Nast\u0119pnie ICO skontaktuje si\u0119 z Cosy Owl i zaleci spos\u00f3b post\u0119powania w celu odpowiedniego rozpatrzenia skargi.<\/p>\n<h2>Prawa u\u017cytkownika<\/h2>\n<p>Jako osoba, kt\u00f3rej dane dotycz\u0105, u\u017cytkownik ma nast\u0119puj\u0105ce prawa:<\/p>\n<ul>\n<li>art. 15 RODO, prawo do uzyskania informacji o swoich danych osobowych, kt\u00f3re przetwarzamy, w zakresie opisanym w tym artykule;<\/li>\n<li>art. 16 RODO, prawo do natychmiastowego \u017c\u0105dania sprostowania nieprawid\u0142owych lub uzupe\u0142nienia przechowywanych przez nas danych osobowych;<\/li>\n<li>art. 17 RODO, prawo do \u017c\u0105dania usuni\u0119cia swoich danych osobowych przechowywanych u nas, chyba \u017ce wymagane jest ich dalsze przetwarzanie;\n<ul>\n<li>do korzystania z prawa do wolno\u015bci wypowiedzi i informacji;<\/li>\n<li>w celu zapewnienia zgodno\u015bci z obowi\u0105zkiem prawnym;<\/li>\n<li>ze wzgl\u0119du na interes publiczny lub<\/li>\n<li>w celu ustalenia, dochodzenia lub obrony roszcze\u0144 prawnych;<\/li>\n<\/ul>\n<\/li>\n<li>art. 18 RODO, prawo do \u017c\u0105dania ograniczenia przetwarzania danych osobowych, o ile\n<ul>\n<li>dok\u0142adno\u015b\u0107 danych jest kwestionowana przez u\u017cytkownika;<\/li>\n<li>przetwarzanie jest niezgodne z prawem, ale u\u017cytkownik odmawia ich usuni\u0119cia;<\/li>\n<li>nie potrzebujemy ju\u017c danych, ale s\u0105 one potrzebne do ustalenia, wykonania lub obrony roszcze\u0144 prawnych lub<\/li>\n<li>u\u017cytkownik wni\u00f3s\u0142 sprzeciw wobec przetwarzania zgodnie z art. 21 RODO;<\/li>\n<\/ul>\n<\/li>\n<li>art. 20 RODO, prawo do otrzymania swoich danych osobowych, kt\u00f3re nam przekaza\u0142e\u015b, w ustrukturyzowanym, powszechnie u\u017cywanym i nadaj\u0105cym si\u0119 do odczytu maszynowego formacie lub do \u017c\u0105dania ich przes\u0142ania innemu administratorowi;<\/li>\n<li>art. 77 RODO, prawo do wniesienia skargi do organu nadzorczego.  Zasadniczo u\u017cytkownik mo\u017ce skontaktowa\u0107 si\u0119 z organem nadzorczym w swoim zwyk\u0142ym miejscu zamieszkania lub miejscu pracy lub w siedzibie naszej firmy.<\/li>\n<\/ul>\n<h2>Bezpiecze\u0144stwo<\/h2>\n<p>Bezpiecze\u0144stwo wszystkich danych osobowych jest dla nas niezwykle wa\u017cne. Z tego powodu u\u017cywamy najnowszej technologii szyfrowania SSL (Secure Socket Layer). Niestety, \u017cadna transmisja danych przez Internet nie mo\u017ce by\u0107 zagwarantowana jako bezpieczna. W rezultacie, chocia\u017c staramy si\u0119 chroni\u0107 Twoje dane osobowe, Cosy Owl nie mo\u017ce zapewni\u0107 ani zagwarantowa\u0107 bezpiecze\u0144stwa jakichkolwiek informacji, kt\u00f3re nam przekazujesz, i robisz to na w\u0142asne ryzyko. Po otrzymaniu \"transmisji\" (przekazanych nam informacji) dok\u0142adamy wszelkich stara\u0144, aby zapewni\u0107 jej bezpiecze\u0144stwo w naszych systemach.<\/p>\n<h2>Dost\u0119p zwi\u0105zany z wiekiem<\/h2>\n<p>Niniejsza Witryna nie jest skierowana ani przeznaczona dla os\u00f3b poni\u017cej 18 roku \u017cycia.<\/p>\n<h2>Pliki cookie<a name=\"cookies\"><\/a><\/h2>\n<p>Pliki cookie to informacje przesy\u0142ane ze strony internetowej i przechowywane na komputerze\/urz\u0105dzeniu u\u017cytkownika w celach ewidencyjnych. Pliki cookie mog\u0105 informowa\u0107 nas, kt\u00f3re cz\u0119\u015bci Witryny odwiedza u\u017cytkownik i jak d\u0142ugo tam sp\u0119dza, umo\u017cliwiaj\u0105c nam dostosowanie Witryny do preferencji naszych obecnych i przysz\u0142ych klient\u00f3w. Niekt\u00f3re pliki cookie s\u0105 usuwane po zamkni\u0119ciu sesji przegl\u0105darki (sesyjne pliki cookie), podczas gdy inne pliki cookie s\u0105 przechowywane na urz\u0105dzeniu u\u017cytkownika i umo\u017cliwiaj\u0105 nam rozpoznanie u\u017cytkownika, gdy odwiedza nas ponownie (trwa\u0142e pliki cookie).\u00a0<b>Pliki cookie nie zawieraj\u0105 informacji umo\u017cliwiaj\u0105cych identyfikacj\u0119 u\u017cytkownika<\/b>. Poni\u017cej wymieniono rodzaje plik\u00f3w cookie, kt\u00f3re mog\u0105 by\u0107 u\u017cywane na stronie internetowej:<\/p>\n<ul>\n<li><b>Niezb\u0119dne pliki cookie:<\/b>\u00a0S\u0105 to pliki cookie, kt\u00f3re s\u0105 niezb\u0119dne do dzia\u0142ania strony internetowej. Obejmuj\u0105 one pliki cookie, kt\u00f3re umo\u017cliwiaj\u0105 logowanie si\u0119 do bezpiecznych obszar\u00f3w witryny lub korzystanie z koszyka zakup\u00f3w.<\/li>\n<li><b>Analityczne\/wydajno\u015bciowe pliki cookie:<\/b>\u00a0Te pliki cookie pozwalaj\u0105 nam rozpozna\u0107 i policzy\u0107 liczb\u0119 odwiedzaj\u0105cych witryn\u0119 internetow\u0105 oraz zobaczy\u0107, w jaki spos\u00f3b odwiedzaj\u0105cy poruszaj\u0105 si\u0119 po witrynie podczas korzystania z niej. Pomaga nam to poprawi\u0107 spos\u00f3b dzia\u0142ania strony internetowej, na przyk\u0142ad poprzez zapewnienie, \u017ce u\u017cytkownicy \u0142atwo znajduj\u0105 to, czego szukaj\u0105.<\/li>\n<li><b>Funkcjonalne pliki cookie:<\/b>\u00a0Te pliki cookie s\u0142u\u017c\u0105 do rozpoznawania u\u017cytkownika po powrocie na stron\u0119 internetow\u0105. Umo\u017cliwia nam to spersonalizowanie tre\u015bci dla u\u017cytkownika, powitanie go po imieniu i zapami\u0119tanie jego preferencji (na przyk\u0142ad wyboru j\u0119zyka lub regionu).<\/li>\n<li><b>Ukierunkowane pliki cookie:<\/b>\u00a0Te pliki cookie rejestruj\u0105 wizyt\u0119 u\u017cytkownika w witrynie internetowej, odwiedzone strony i \u0142\u0105cza. Informacje te s\u0105 wykorzystywane w celu lepszego dostosowania strony internetowej i wy\u015bwietlanych na niej reklam do zainteresowa\u0144 u\u017cytkownika. W tym celu informacje te mog\u0105 by\u0107 r\u00f3wnie\u017c udost\u0119pniane stronom trzecim.<\/li>\n<\/ul>\n<p>Wi\u0119cej informacji na temat poszczeg\u00f3lnych u\u017cywanych przez nas plik\u00f3w cookie oraz cel\u00f3w, w jakich ich u\u017cywamy, mo\u017cna znale\u017a\u0107 w poni\u017cszej tabeli:<\/p>\n<table class=\"bordered\">\n<tbody>\n<tr>\n<th>Ciasteczko<\/th>\n<th>Typ<\/th>\n<th>Cel<\/th>\n<th>Wyga\u015bni\u0119cie<\/th>\n<\/tr>\n<tr>\n<td>zenid<\/td>\n<td>Niezb\u0119dne<\/td>\n<td>S\u0142u\u017cy do utrzymywania przedmiot\u00f3w w koszyku i umo\u017cliwia sfinalizowanie zakupu.<\/td>\n<td>zako\u0144czenie sesji przegl\u0105darki<\/td>\n<\/tr>\n<tr>\n<td>_ga<\/td>\n<td>Wydajno\u015b\u0107<\/td>\n<td>S\u0142u\u017cy do rozr\u00f3\u017cniania u\u017cytkownik\u00f3w (Google Analytics)<\/td>\n<td>2 lata<\/td>\n<\/tr>\n<tr>\n<td>_gid<\/td>\n<td>Wydajno\u015b\u0107<\/td>\n<td>S\u0142u\u017cy do rozr\u00f3\u017cniania u\u017cytkownik\u00f3w (Google Analytics)<\/td>\n<td>24 godziny<\/td>\n<\/tr>\n<tr>\n<td>_gat<\/td>\n<td>Wydajno\u015b\u0107<\/td>\n<td>S\u0142u\u017cy do ograniczania liczby \u017c\u0105da\u0144 (Google Analytics)<\/td>\n<td>1 min<\/td>\n<\/tr>\n<tr>\n<td>__utma<\/td>\n<td>Wydajno\u015b\u0107<\/td>\n<td>S\u0142u\u017cy do rozr\u00f3\u017cniania u\u017cytkownik\u00f3w (Google Analytics)<\/td>\n<td>2 lata<\/td>\n<\/tr>\n<tr>\n<td>__utmb<\/td>\n<td>Wydajno\u015b\u0107<\/td>\n<td>S\u0142u\u017cy do okre\u015blania nowych sesji\/odwiedzin (Google Analytics)<\/td>\n<td>30 minut<\/td>\n<\/tr>\n<tr>\n<td>__utmt<\/td>\n<td>Wydajno\u015b\u0107<\/td>\n<td>S\u0142u\u017cy do ograniczania liczby \u017c\u0105da\u0144 (Google Analytics)<\/td>\n<td>10 minut<\/td>\n<\/tr>\n<tr>\n<td>__utmz<\/td>\n<td>Wydajno\u015b\u0107<\/td>\n<td>Przechowuje \u017ar\u00f3d\u0142o ruchu lub kampani\u0119, kt\u00f3ra wyja\u015bnia, w jaki spos\u00f3b u\u017cytkownik dotar\u0142 do witryny (Google Analytics).<\/td>\n<td>6 miesi\u0119cy<\/td>\n<\/tr>\n<tr>\n<td>gwcc<\/td>\n<td>Wydajno\u015b\u0107<\/td>\n<td>\u015aledzi wszelkie konwersje po\u0142\u0105cze\u0144 na urz\u0105dzeniach mobilnych, na przyk\u0142ad je\u015bli klient kliknie numer telefonu (Google).<\/td>\n<td><a href=\"https:\/\/cosyowl.com\/pl\/candle-making-supplies\/candle-containers\/other-containers\/wax-melt-christmas-tree-mould-3\">3<\/a> miesi\u0105ce<\/td>\n<\/tr>\n<tr>\n<td>__zlcmid<\/td>\n<td>Funkcjonalno\u015b\u0107<\/td>\n<td><a href=\"https:\/\/cosyowl.com\/pl\/guides\/multi-wick-candles-tutorial-and-live-chat\">Czat na \u017cywo<\/a> widget (ZopIM)<\/td>\n<td>1 rok<\/td>\n<\/tr>\n<\/tbody>\n<\/table>\n<p>&nbsp;<\/p>\n<p><b>W\u0142\u0105czanie\/wy\u0142\u0105czanie plik\u00f3w cookie:<\/b>\u00a0R\u00f3\u017cne przegl\u0105darki maj\u0105 r\u00f3\u017cne sposoby w\u0142\u0105czania lub usuwania plik\u00f3w cookie lub ograniczania rodzaj\u00f3w plik\u00f3w cookie, kt\u00f3re mog\u0105 by\u0107 umieszczane na komputerze. Wybieraj\u0105c przegl\u0105dark\u0119 (np. Google Chrome lub Safari), warto zastanowi\u0107 si\u0119, kt\u00f3ra z nich najlepiej odpowiada preferencjom dotycz\u0105cym prywatno\u015bci. Aby sprawdzi\u0107 <a href=\"https:\/\/cosyowl.com\/pl\/communication-preferences\">ustawienia<\/a> w przegl\u0105darce u\u017cyj zak\u0142adki \"pomoc\" lub poszukaj w \"narz\u0119dziach\" ustawie\u0144 takich jak \"opcje\" lub \"prywatno\u015b\u0107\". Stamt\u0105d mo\u017cesz usun\u0105\u0107 pliki cookie lub kontrolowa\u0107, kiedy mog\u0105 by\u0107 umieszczane.<\/p>\n<h2>Linki do stron niepowi\u0105zanych<\/h2>\n<p>Cosy Owl nie ponosi odpowiedzialno\u015bci za tre\u015bci lub praktyki niepowi\u0105zanych stron internetowych os\u00f3b trzecich, kt\u00f3re mog\u0105 by\u0107 powi\u0105zane z lub z tej strony. Zaleca si\u0119, aby w przypadku odwiedzenia jakichkolwiek niepowi\u0105zanych stron internetowych os\u00f3b trzecich zapozna\u0107 si\u0119 z odpowiedni\u0105 polityk\u0105 prywatno\u015bci i praktykami tych witryn przed przegl\u0105daniem jakichkolwiek tre\u015bci lub dokonywaniem zakup\u00f3w towar\u00f3w lub us\u0142ug zwi\u0105zanych z witryn\u0105 strony trzeciej.<\/p>\n<h2>Zgoda na przechowywanie i przetwarzanie danych osobowych<\/h2>\n<p>Korzystaj\u0105c z tej witryny, u\u017cytkownik jednoznacznie wyra\u017ca zgod\u0119 na przetwarzanie swoich danych osobowych zwi\u0105zanych z zakupem naszych towar\u00f3w w Wielkiej Brytanii przez Cosy Owl. Przypominamy, \u017ce klienci mog\u0105 za\u017c\u0105da\u0107 szczeg\u00f3\u0142owych informacji na temat tego, jakie dok\u0142adnie informacje mog\u0105 by\u0107 przechowywane i wykorzystywane przez Cosy Owl oraz odwo\u0142a\u0107 zgod\u0119 na dost\u0119p i wykorzystanie tych informacji w dowolnym momencie. Nale\u017cy pami\u0119ta\u0107, \u017ce wszelkie informacje zwi\u0105zane z <a href=\"https:\/\/cosyowl.com\/pl\/finance-referred\">p\u0142atno\u015b\u0107<\/a> dla towar\u00f3w zakupionych przez u\u017cytkownika od Cosy Owl nie s\u0105 przechowywane w naszym systemie komputerowym ani w \u017cadnych dokumentach papierowych. Informacje te s\u0105 wykorzystywane wy\u0142\u0105cznie w momencie sprzeda\u017cy.<\/p>\n<h2>Marketing e-mailowy<\/h2>\n<p>Reklama e-mailowa w przypadku subskrypcji biuletynu. Je\u015bli subskrybujesz nasz biuletyn, b\u0119dziemy regularnie wysy\u0142a\u0107 Ci nasz biuletyn e-mailowy na podstawie Twojej zgody zgodnie z art. 6 ust. 1 lit. a) RODO. 6 (1) 1 lit. a) RODO, wykorzystuj\u0105c w tym celu dane wymagane lub odrzucone przez u\u017cytkownika. U\u017cytkownik mo\u017ce w dowolnym momencie zrezygnowa\u0107 z subskrypcji newslettera.  W tym celu mo\u017cna wys\u0142a\u0107 wiadomo\u015b\u0107 na podany powy\u017cej adres kontaktowy lub skorzysta\u0107 z linku rezygnacji znajduj\u0105cego si\u0119 w newsletterze.  Po rezygnacji z subskrypcji usuniemy adres e-mail u\u017cytkownika, chyba \u017ce wyrazi\u0142 on wyra\u017an\u0105 zgod\u0119 na dalsze wykorzystywanie swoich danych lub zastrzegamy sobie prawo do dalszego wykorzystywania jego danych osobowych w zakresie i w spos\u00f3b dozwolony przez prawo, o czym informujemy w niniejszym powiadomieniu.<\/p>\n<h2>Kontakt<\/h2>\n<p>Je\u015bli masz jakiekolwiek <a href=\"https:\/\/cosyowl.com\/pl\/guides\/faq\">pytania<\/a> lub w\u0105tpliwo\u015bci dotycz\u0105ce niniejszego o\u015bwiadczenia o ochronie prywatno\u015bci, og\u00f3lnych praktyk Cosy Owl lub interakcji z Witryn\u0105, prosimy o kontakt z <a href=\"https:\/\/cosyowl.com\/pl\/skontaktuj-sie-z-nami\/?wmc-currency=EUR\">skontaktuj si\u0119 z nami<\/a> za po\u015brednictwem poczty elektronicznej, telefonicznie lub pisemnie. Czekamy na wszelkie sugestie.<\/p>\n<h2>Akceptacja niniejszych Warunk\u00f3w przez u\u017cytkownika<\/h2>\n<p>Korzystaj\u0105c w jakikolwiek spos\u00f3b z tej Witryny, u\u017cytkownik wyra\u017ca zgod\u0119 na Polityk\u0119 prywatno\u015bci tej firmy. Je\u015bli nie zgadzasz si\u0119 z t\u0105 polityk\u0105, wed\u0142ug w\u0142asnego uznania mo\u017cesz odm\u00f3wi\u0107 dokonywania jakichkolwiek zakup\u00f3w. Cosy Owl zastrzega sobie prawo do modyfikowania, zmieniania lub w inny spos\u00f3b aktualizowania niniejszej polityki w dowolnym momencie; dlatego zach\u0119camy do przegl\u0105dania tej polityki od czasu do czasu, je\u015bli uznasz to za konieczne przed lub podczas dokonywania jakichkolwiek zakup\u00f3w. Dalsze korzystanie z Witryny po opublikowaniu jakichkolwiek zmian w niniejszych warunkach b\u0119dzie oznacza\u0107 akceptacj\u0119 tych zmian.<\/p>","protected":false},"excerpt":{"rendered":"<p>Welcome to Cosy Owl. Cosy Owl maintains this site (the &#8220;Site&#8221;) for your personal use, providing information regarding our products and services. Cosy Owl respects the privacy concerns of the users of the Site and has created this privacy statement to explain what information we gather from your visit to the Site, and how such [&hellip;]<\/p>\n","protected":false},"author":1,"featured_media":0,"parent":0,"menu_order":0,"comment_status":"closed","ping_status":"open","template":"","meta":{"_acf_changed":false,"footnotes":""},"class_list":["post-3","page","type-page","status-publish","hentry"],"acf":[],"_links":{"self":[{"href":"https:\/\/cosyowl.com\/pl\/wp-json\/wp\/v2\/pages\/3","targetHints":{"allow":["GET"]}}],"collection":[{"href":"https:\/\/cosyowl.com\/pl\/wp-json\/wp\/v2\/pages"}],"about":[{"href":"https:\/\/cosyowl.com\/pl\/wp-json\/wp\/v2\/types\/page"}],"author":[{"embeddable":true,"href":"https:\/\/cosyowl.com\/pl\/wp-json\/wp\/v2\/users\/1"}],"replies":[{"embeddable":true,"href":"https:\/\/cosyowl.com\/pl\/wp-json\/wp\/v2\/comments?post=3"}],"version-history":[{"count":0,"href":"https:\/\/cosyowl.com\/pl\/wp-json\/wp\/v2\/pages\/3\/revisions"}],"wp:attachment":[{"href":"https:\/\/cosyowl.com\/pl\/wp-json\/wp\/v2\/media?parent=3"}],"curies":[{"name":"wp","href":"https:\/\/api.w.org\/{rel}","templated":true}]}}