{"id":139,"date":"2021-01-07T10:33:28","date_gmt":"2021-01-07T10:33:28","guid":{"rendered":"https:\/\/cosyowl.com\/?page_id=139"},"modified":"2026-04-29T13:00:11","modified_gmt":"2026-04-29T12:00:11","slug":"zwroty-z-dostawy","status":"publish","type":"page","link":"https:\/\/cosyowl.com\/pl\/shippinginfo","title":{"rendered":"Dostawa i zwroty"},"content":{"rendered":"<h2>Informacje o wysy\u0142ce i dostawie<\/h2>\n<p>Wysy\u0142ka i dostawy realizowane s\u0105 wy\u0142\u0105cznie w dni robocze (od poniedzia\u0142ku do pi\u0105tku z wy\u0142\u0105czeniem dni wolnych od pracy). Czas dostawy nie obejmuje czasu realizacji zam\u00f3wienia, kt\u00f3ry zazwyczaj wynosi do 24 godzin roboczych, ale mo\u017ce wynie\u015b\u0107 do <a href=\"https:\/\/cosyowl.com\/pl\/candle-making-supplies\/candle-containers\/other-containers\/wax-melt-christmas-tree-mould-3\">3<\/a> dni robocze w okresach wzmo\u017conego ruchu. Prosimy o odczekanie wskazanego czasu dla wybranej opcji dostawy przed z\u0142o\u017ceniem zapytania o jej realizacj\u0119; nast\u0119pny dzie\u0144 roboczy (2 dni dla Highlands i wysp) lub do 5 dni roboczych (kurier lub Royal Mail). Tylko zam\u00f3wienia z\u0142o\u017cone PRZED godzin\u0105 12:00 z zaznaczon\u0105 opcj\u0105 dostawy ekspresowej zostan\u0105 wys\u0142ane tego samego dnia roboczego w us\u0142udze nast\u0119pnego dnia roboczego (2 dni robocze dla Highlands i wysp). <strong>Zam\u00f3wienia z\u0142o\u017cone PO godzinie 12:00 z wybran\u0105 dostaw\u0105 ekspresow\u0105 zostan\u0105 wys\u0142ane nast\u0119pnego dnia roboczego.<\/strong> nast\u0119pny dzie\u0144 roboczy (2 dni robocze dla Highlands i Wysp).<\/p>\n<p><strong>5 kg, 10 kg i 25 kg <a href=\"https:\/\/cosyowl.com\/pl\/guides\/2023-spring-fragrance-oil-trends\">Olejki zapachowe<\/a><\/strong><\/p>\n<p>Wszystkie olejki zapachowe o wadze 5 kg, 10 kg i 25 kg maj\u0105 czas dostawy do 6 tygodni, co nie jest odzwierciedlone w opcjach wysy\u0142ki przedstawionych na stronie <a href=\"https:\/\/cosyowl.com\/pl\/checkout\">kasa<\/a>. Je\u015bli <a href=\"https:\/\/cosyowl.com\/pl\/basket\">porz\u0105dek<\/a> obejmuje oleje zapachowe o wadze 5 kg, 10 kg lub 25 kg, czas realizacji ca\u0142ego zam\u00f3wienia wynosi do 6 tygodni. Informujemy, \u017ce nie b\u0119dziemy w stanie poda\u0107 \u017cadnych dalszych informacji, dop\u00f3ki nie otrzymasz wiadomo\u015bci e-mail potwierdzaj\u0105cej wys\u0142anie zam\u00f3wienia.<\/p>\n<h2>Standardowa wysy\u0142ka zamorska<\/h2>\n<p>Obecnie oferujemy standardow\u0105 us\u0142ug\u0119 wysy\u0142ki tylko do kilku miejsc docelowych za granic\u0119 (Francja, Hiszpania, Austria, Irlandia, Niemcy i Holandia), ale staramy si\u0119 wkr\u00f3tce ponownie otworzy\u0107 nasze opcje wysy\u0142ki do wszystkich miejsc docelowych za granic\u0105. W chwili pisania tego tekstu, nasza standardowa us\u0142uga wysy\u0142ki trwa \u015brednio 5 dni roboczych (pon.-pt.) od momentu wysy\u0142ki do dostarczenia pod adres wysy\u0142ki lub do wyznaczonego przez kuriera punktu odbioru, jednak prosimy pami\u0119ta\u0107, \u017ce nie ponosimy odpowiedzialno\u015bci za nieprzewidziane op\u00f3\u017anienia w urz\u0119dach celnych.<\/p>\n<h2>Przyjmowanie du\u017cych zam\u00f3wie\u0144 paletowych<\/h2>\n<p><a href=\"https:\/\/cosyowl.com\/pl\/wholesale-candle-making-supplies\">Luzem<\/a> Zam\u00f3wienia towar\u00f3w b\u0119d\u0105 paletyzowane i dostarczane wy\u0142\u0105cznie w ramach jednoosobowej us\u0142ugi przy kraw\u0119\u017cniku, co oznacza, \u017ce w zale\u017cno\u015bci od warunk\u00f3w kierowcy mog\u0105 odm\u00f3wi\u0107 dostawy do wybranej lokalizacji. Zaleca si\u0119 zapewnienie odpowiedniej si\u0142y roboczej do przyj\u0119cia dostawy zam\u00f3wienia, kt\u00f3re zostanie wys\u0142ane na palecie, w celu przeniesienia go z kraw\u0119\u017cnika do wymaganej lokalizacji. Jest to obowi\u0105zkiem <a href=\"https:\/\/cosyowl.com\/pl\/communication-preferences\">klient<\/a>. Nieprzyj\u0119cie dostawy lub za\u017c\u0105danie ponownej dostawy mo\u017ce wi\u0105za\u0107 si\u0119 z dodatkowymi op\u0142atami.<\/p>\n<h2>Royal Mail Shipping<\/h2>\n<p>Przesy\u0142ka \u015bledzona\/nie\u015bledzona Royal Mail 24 zostanie dostarczona w ci\u0105gu jednego dnia roboczego, jednak nie jest to us\u0142uga gwarantowana i mo\u017ce potrwa\u0107 do dw\u00f3ch dni roboczych. Royal Mail 48 tracked \/ untracked b\u0119dzie d\u0105\u017cy\u0107 do dostarczenia paczki w ci\u0105gu dw\u00f3ch - trzech dni roboczych, jednak nie jest to us\u0142uga gwarantowana, mo\u017ce to potrwa\u0107 do trzech do czterech dni roboczych.<\/p>\n<h2>Informacje o zwrotach<\/h2>\n<p>Dla niechcianych przedmiot\u00f3w:<\/p>\n<ul>\n<li>Zalecamy wszystkim klientom testowanie nowych zapach\u00f3w wy\u0142\u0105cznie za pomoc\u0105 naszych 10 ml butelek testowych przed z\u0142o\u017ceniem zam\u00f3wienia w wi\u0119kszych rozmiarach lub ilo\u015bciach. W zwi\u0105zku z tym zwroty b\u0119d\u0105 dokonywane wy\u0142\u0105cznie za <a href=\"https:\/\/cosyowl.com\/pl\/candle-making-supplies\/fragrance-oils-for-candle-making\/premium-fragrance-oils\/cosy-owl-premium-1-million-type-fragrance-oil\">Olejek zapachowy<\/a> butelki o pojemno\u015bci 50 ml lub wi\u0119kszej, zwr\u00f3cone do nas w idealnym, nieu\u017cywanym stanie.<\/li>\n<li><strong>Nie jeste\u015bmy w stanie zaakceptowa\u0107 anulowania lub zwrotu olejk\u00f3w zapachowych o wadze 5 kg, 10 kg lub 25 kg, poniewa\u017c s\u0105 to produkty wykonywane na zam\u00f3wienie. Skontaktujemy si\u0119 z Tob\u0105 za po\u015brednictwem poczty elektronicznej, aby uzyska\u0107 Twoje potwierdzenie. <a href=\"https:\/\/cosyowl.com\/pl\/privacy\">warunki<\/a> po z\u0142o\u017ceniu zam\u00f3wienia. Okres 6 tygodni b\u0119dzie liczony od daty otrzymania pisemnego potwierdzenia.<\/strong><\/li>\n<li>Cosy Owl nie ponosi odpowiedzialno\u015bci za koszty przesy\u0142ki zwrotnej w ma\u0142o prawdopodobnym przypadku niezadowolenia z olejku zapachowego i ch\u0119ci zwrotu (tylko 50 ml lub wi\u0119cej) w celu uzyskania zwrotu pieni\u0119dzy.<\/li>\n<li>O zamiarze zwrotu nale\u017cy poinformowa\u0107 nas z wyprzedzeniem i w ci\u0105gu 14 dni od otrzymania przesy\u0142ki, a na zwrot towar\u00f3w przys\u0142uguje maksymalnie 14 dni.<\/li>\n<li>Zwr\u00f3cimy\/skredytujemy lub wymienimy niechciane przedmioty w ci\u0105gu 14 dni od zwrotu do nas.<\/li>\n<li>Zwracane towary musz\u0105 by\u0107 wys\u0142ane przez klienta w odpowiednim opakowaniu (oryginalne opakowanie nie jest warunkiem koniecznym do skutecznego skorzystania z prawa do odst\u0105pienia od umowy), a koszty przesy\u0142ki zwrotnej ponosi klient.<\/li>\n<li>Jakakolwiek utrata warto\u015bci wynikaj\u0105ca z u\u017cytkowania przedmiotu lub uszkodzenia przedmiotu musi zosta\u0107 zrekompensowana finansowo przez klienta, w przeciwnym razie mo\u017ce to skutkowa\u0107 potr\u0105ceniem kwoty z nale\u017cnego zwrotu.<\/li>\n<li>Zapoznaj si\u0119 r\u00f3wnie\u017c z sekcj\u0105 \"Prawa do anulowania subskrypcji\" na naszej stronie \"Regulamin\".<\/li>\n<li>Je\u015bli olejek zapachowy nie spe\u0142nia oczekiwa\u0144, prosimy o powiadomienie <a href=\"https:\/\/cosyowl.com\/pl\/contact-us\">Obs\u0142uga klienta<\/a> kt\u00f3ry zbada t\u0119 kwesti\u0119 z naszymi dostawcami, producentami i magazynem. Je\u015bli nie zostan\u0105 wykryte \u017cadne rozbie\u017cno\u015bci, u\u017cytkownik jest <a href=\"https:\/\/cosyowl.com\/pl\/\">powitanie<\/a> do zwrotu olejku zapachowego na sw\u00f3j koszt, aby\u015bmy mogli dok\u0142adniej przetestowa\u0107 ten konkretny produkt we w\u0142asnym zakresie. W przypadku wykrycia rozbie\u017cno\u015bci zwr\u00f3cimy koszt przesy\u0142ki zwrotnej Royal Mail.<\/li>\n<\/ul>\n<p>W przypadku wadliwych element\u00f3w:<\/p>\n<ul>\n<li>Je\u015bli przedmiot jest wadliwy, nale\u017cy nas o tym poinformowa\u0107 w ci\u0105gu 7 dni od jego otrzymania. Damy <a href=\"https:\/\/cosyowl.com\/pl\/guides\/temperature-guidelines\">instrukcje<\/a> za zwrot przedmiotu.<\/li>\n<li>Przedmiot musi by\u0107 kompletny ze wszystkimi cz\u0119\u015bciami sk\u0142adowymi.<\/li>\n<li>Nie wolno podejmowa\u0107 pr\u00f3b naprawy.<\/li>\n<li>Przedmiot nie mo\u017ce by\u0107 w \u017caden spos\u00f3b zmieniany ani modyfikowany.<\/li>\n<li>Klient jest odpowiedzialny za zapewnienie, \u017ce przedmiot dotrze do nas z powrotem w takim samym stanie, w jakim zosta\u0142 wys\u0142any. Koszty przesy\u0142ki zwrotnej ponosi klient, ale w prawie wszystkich przypadkach zostan\u0105 one zwr\u00f3cone po otrzymaniu przez nas przedmiotu.<\/li>\n<li>Towary musz\u0105 zosta\u0107 sprawdzone przy odbiorze i podpisane jako uszkodzone, je\u015bli dotyczy. Wszelkie uszkodzenia towar\u00f3w musz\u0105 zosta\u0107 zg\u0142oszone do Cosy Owl w ci\u0105gu 7 dni od ich otrzymania. Reklamacje zg\u0142oszone po up\u0142ywie 7 dni nie b\u0119d\u0105 honorowane ze wzgl\u0119du na brak pewno\u015bci co do sposobu obchodzenia si\u0119 z produktem i jego przechowywania. Podpisuj\u0105c odbi\u00f3r towar\u00f3w, u\u017cytkownik akceptuje, \u017ce zosta\u0142y one dostarczone w dobrym stanie.<\/li>\n<\/ul>","protected":false},"excerpt":{"rendered":"<p>Despatch &amp; Delivery Information Despatch and deliveries are business days only (Mon-Fri exc. Bank holidays). Delivery timescales do not include despatch times which are typically within 24 working hours but can be up to 3 business days during our busy periods. Please allow the stated time frame of your chosen carriage option to pass before [&hellip;]<\/p>\n","protected":false},"author":66865,"featured_media":0,"parent":0,"menu_order":0,"comment_status":"closed","ping_status":"closed","template":"","meta":{"_acf_changed":false,"footnotes":""},"class_list":["post-139","page","type-page","status-publish","hentry"],"acf":[],"_links":{"self":[{"href":"https:\/\/cosyowl.com\/pl\/wp-json\/wp\/v2\/pages\/139","targetHints":{"allow":["GET"]}}],"collection":[{"href":"https:\/\/cosyowl.com\/pl\/wp-json\/wp\/v2\/pages"}],"about":[{"href":"https:\/\/cosyowl.com\/pl\/wp-json\/wp\/v2\/types\/page"}],"author":[{"embeddable":true,"href":"https:\/\/cosyowl.com\/pl\/wp-json\/wp\/v2\/users\/66865"}],"replies":[{"embeddable":true,"href":"https:\/\/cosyowl.com\/pl\/wp-json\/wp\/v2\/comments?post=139"}],"version-history":[{"count":2,"href":"https:\/\/cosyowl.com\/pl\/wp-json\/wp\/v2\/pages\/139\/revisions"}],"predecessor-version":[{"id":128191,"href":"https:\/\/cosyowl.com\/pl\/wp-json\/wp\/v2\/pages\/139\/revisions\/128191"}],"wp:attachment":[{"href":"https:\/\/cosyowl.com\/pl\/wp-json\/wp\/v2\/media?parent=139"}],"curies":[{"name":"wp","href":"https:\/\/api.w.org\/{rel}","templated":true}]}}