{"id":13350,"date":"2021-07-01T10:24:10","date_gmt":"2021-07-01T09:24:10","guid":{"rendered":"https:\/\/cosyowl.com\/?page_id=13350"},"modified":"2021-07-01T10:24:37","modified_gmt":"2021-07-01T09:24:37","slug":"lets-get-cosy-with-sustainability","status":"publish","type":"page","link":"https:\/\/cosyowl.com\/pl\/sustainability","title":{"rendered":"Przytulmy si\u0119 do zr\u00f3wnowa\u017conego rozwoju"},"content":{"rendered":"<p>Tutaj <a href=\"https:\/\/cosyowl.com\/pl\/\">Przytulna sowa<\/a>powa\u017cnie podchodzimy do <a href=\"https:\/\/cosyowl.com\/pl\/guides\/the-truth-about-paraffin-wax-being-vegan-friendly\">zr\u00f3wnowa\u017cony rozw\u00f3j<\/a>. Nieustannie wsp\u00f3\u0142pracujemy z naszymi dostawcami, aby upewni\u0107 si\u0119, \u017ce nasze materia\u0142y s\u0105 pozyskiwane lokalnie, o ile to mo\u017cliwe, aby unikn\u0105\u0107 niepotrzebnego transportu, dlatego wsp\u00f3\u0142pracujemy tylko z dostawcami, kt\u00f3rzy dzia\u0142aj\u0105 etycznie i w spos\u00f3b zr\u00f3wnowa\u017cony, jednocze\u015bnie produkuj\u0105c wysokiej jako\u015bci materia\u0142y. <a href=\"https:\/\/cosyowl.com\/pl\/candle-wicks\/wedo-lx-wick-raw\">jako\u015b\u0107<\/a> produkty, kt\u00f3re nasi klienci pokochali i kt\u00f3rych oczekuj\u0105.<\/p>\n<h2>Nasze zobowi\u0105zania<\/h2>\n<p style=\"font-size: 1.2em; margin-bottom: 2em; font-style: italic; color: #666\">\"D\u0105\u017cymy do tego, by sta\u0107 si\u0119 liderem w zakresie materia\u0142\u00f3w rzemie\u015blniczych pozyskiwanych w spos\u00f3b zr\u00f3wnowa\u017cony\".<\/p>\n<p>W <a href=\"https:\/\/cosyowl.com\/pl\/checkout\">porz\u0105dek<\/a> Aby osi\u0105gn\u0105\u0107 ten cel, nieustannie analizujemy nasze procesy i praktyki:<\/p>\n<ul>\n<li>Naszym celem jest <strong>98% bez plastiku<\/strong> opakowa\u0144 do ko\u0144ca 2021 roku. Podczas przetwarzania zam\u00f3wie\u0144 u\u017cywamy ju\u017c opakowa\u0144 nadaj\u0105cych si\u0119 do recyklingu.<\/li>\n<li>Nasz nowy <strong>100% <a href=\"https:\/\/cosyowl.com\/pl\/candle-making-supplies\/glitters\/apple-green-biodegradable\">biodegradowalny<\/a> torby<\/strong> zast\u0105pi ostatnie elementy plastikowe w naszych opakowaniach do wrze\u015bnia 2021 roku.<\/li>\n<li>Jeste\u015bmy r\u00f3wnie\u017c w pe\u0142ni zaanga\u017cowani w korzystanie z etycznych \u017ar\u00f3de\u0142. <a href=\"https:\/\/cosyowl.com\/pl\/candle-making-supplies\/fragrance-oils-for-candle-making\/all-fragrances\/honey-fragrance-oil\">naturalny<\/a> oleje no\u015bnikowe certyfikowane przez organizacje takie jak RSPO.<\/li>\n<li>Pozyskujemy <strong>100% sk\u0142adniki odnawialne<\/strong> w miar\u0119 mo\u017cliwo\u015bci.<\/li>\n<li>Nasz <strong>kurierzy s\u0105 nagradzani<\/strong> i \u015bwiatowymi liderami w zmniejszaniu wp\u0142ywu ich dzia\u0142alno\u015bci na \u015brodowisko.<\/li>\n<li>Wsp\u00f3\u0142pracujemy z wiod\u0105cymi \u015bwiatowymi dostawcami naturalnych sk\u0142adnik\u00f3w zapachowych, aby zapewni\u0107, \u017ce s\u0105 one zgodne z <strong>najwy\u017csze standardy etyczne i <a href=\"https:\/\/cosyowl.com\/pl\/candle-wicks\/wedo-eco-wick-raw\">zr\u00f3wnowa\u017cony<\/a> zaopatrzenie<\/strong> standardy w bran\u017cy.<\/li>\n<li>Pozyskujemy energi\u0119 elektryczn\u0105 z <strong><a href=\"https:\/\/cosyowl.com\/pl\/fragrance-oils\/fresh-cut-grass\">zielony<\/a> tylko \u017ar\u00f3d\u0142a<\/strong>Ogrzewamy nasze zak\u0142ady zr\u00f3wnowa\u017con\u0105 energi\u0105 i opracowali\u015bmy praktyki pracy, kt\u00f3re minimalizuj\u0105 nasz wp\u0142yw.<\/li>\n<li><strong>B\u0119dziemy odchodzi\u0107 od plastikowych butelek zapachowych<\/strong> na butelki szklane i aluminiowe. Rozpocz\u0119li\u015bmy ju\u017c ten proces i b\u0119dziemy go kontynuowa\u0107, aby zako\u0144czy\u0107 przej\u015bcie do ko\u0144ca roku.<\/li>\n<li>Ostatni, ale nie mniej wa\u017cny, <strong>zobowi\u0105zujemy si\u0119 do dostarczania aktualnych i rzeczowych informacji<\/strong> naszym klientom.<\/li>\n<\/ul>\n<p>B\u0105d\u017a na bie\u017c\u0105co z naszymi bie\u017c\u0105cymi zobowi\u0105zaniami. Zapisz si\u0119 do naszego newslettera w stopce poni\u017cej.<\/p>\n<h2>Podej\u015bcie oparte na faktach<\/h2>\n<p style=\"font-size: 1.2em; margin-bottom: 2em; font-style: italic; color: #666\">\"Jedn\u0105 z najwi\u0119kszych przeszk\u00f3d na drodze do zr\u00f3wnowa\u017conego rozwoju<br \/>\nto dezinformacja\"<\/p>\n<p>Wszystkie nasze produkty s\u0105 oznaczone '<strong>cruelty free<\/strong>\u2018, \u2018<strong>przyjazny dla wegan<\/strong>Informacje te s\u0105 w pe\u0142ni udokumentowane od momentu dostawy do produkcji i dostawy.<\/p>\n<p>Ilekro\u0107 produkty, z kt\u00f3rych korzystamy, s\u0105 przedmiotem troski o zr\u00f3wnowa\u017cony rozw\u00f3j, np. <strong>Wosk sojowy<\/strong>Zapewniamy, \u017ce dostawca o\u015bwiadczy, \u017ce jego produkt pochodzi wy\u0142\u0105cznie ze zr\u00f3wnowa\u017conych \u017ar\u00f3de\u0142.<\/p>\n<p>Wiele popularnych <a href=\"https:\/\/cosyowl.com\/pl\/privacy\">warunki<\/a> i koncepcje mog\u0105 by\u0107 myl\u0105ce, je\u015bli nie zostan\u0105 odpowiednio opracowane, dlatego stale aktualizujemy nasze <a href=\"https:\/\/cosyowl.com\/pl\/przewodniki\/?wmc-currency=EUR\">Blog<\/a> z artyku\u0142ami, przydatnymi przewodnikami i \u017ar\u00f3d\u0142ami edukacyjnymi na temat zr\u00f3wnowa\u017conego rozwoju, produkt\u00f3w, proces\u00f3w i nie tylko.<\/p>\n<p>Czy wiesz, co oznaczaj\u0105 terminy takie jak<strong>identyczny z naturalnym<\/strong>\u2018, \u2018<strong>organiczny<\/strong>\" i wiele innych? Czy uwa\u017casz, \u017ce wosk sojowy jest produktem ekologicznym?<\/p>\n<p>Przeczytaj wi\u0119cej o zr\u00f3wnowa\u017conym rozwoju i bran\u017cy rzemie\u015blniczej w tych artyku\u0142ach:<\/p>\n<ul>\n<li><a href=\"https:\/\/cosyowl.com\/pl\/przewodniki\/kluczowe-pojecia\/?wmc-currency=EUR\">Kluczowe terminy<\/a><\/li>\n<li><a href=\"https:\/\/cosyowl.com\/pl\/przewodniki\/prawda-o-tym-ze-parafina-jest-przyjazna-dla-wegan\/?wmc-currency=EUR\">Prawda o tym, \u017ce wosk parafinowy jest przyjazny dla wegan<\/a><\/li>\n<li><a href=\"https:\/\/cosyowl.com\/pl\/przewodniki\/wosk-sojowy-do-produkcji-swiec-przewodnik-dla-poczatkujacych\/?wmc-currency=EUR\">Wosk sojowy do produkcji \u015bwiec. Przewodnik dla pocz\u0105tkuj\u0105cych<\/a><\/li>\n<\/ul>\n<p><strong>Let's <a href=\"https:\/\/cosyowl.com\/pl\/guides\/how-to-make-wax-melts-at-home\">rzemios\u0142o<\/a> zr\u00f3wnowa\u017cona przysz\u0142o\u015b\u0107!<\/strong><\/p>","protected":false},"excerpt":{"rendered":"<p>Here at Cosy Owl, we are serious about sustainability. We work incessantly with our suppliers to ensure our materials are sourced locally, wherever possible, to avoid unnecessary transportation, that&#8217;s why we only work with suppliers who operate ethically and sustainably whilst producing the high quality products that our customers have come to love and expect. [&hellip;]<\/p>\n","protected":false},"author":3,"featured_media":0,"parent":0,"menu_order":0,"comment_status":"closed","ping_status":"closed","template":"","meta":{"_acf_changed":false,"footnotes":""},"class_list":["post-13350","page","type-page","status-publish","hentry"],"acf":[],"_links":{"self":[{"href":"https:\/\/cosyowl.com\/pl\/wp-json\/wp\/v2\/pages\/13350","targetHints":{"allow":["GET"]}}],"collection":[{"href":"https:\/\/cosyowl.com\/pl\/wp-json\/wp\/v2\/pages"}],"about":[{"href":"https:\/\/cosyowl.com\/pl\/wp-json\/wp\/v2\/types\/page"}],"author":[{"embeddable":true,"href":"https:\/\/cosyowl.com\/pl\/wp-json\/wp\/v2\/users\/3"}],"replies":[{"embeddable":true,"href":"https:\/\/cosyowl.com\/pl\/wp-json\/wp\/v2\/comments?post=13350"}],"version-history":[{"count":0,"href":"https:\/\/cosyowl.com\/pl\/wp-json\/wp\/v2\/pages\/13350\/revisions"}],"wp:attachment":[{"href":"https:\/\/cosyowl.com\/pl\/wp-json\/wp\/v2\/media?parent=13350"}],"curies":[{"name":"wp","href":"https:\/\/api.w.org\/{rel}","templated":true}]}}