{"id":1331,"date":"2020-12-09T09:12:07","date_gmt":"2020-12-09T09:12:07","guid":{"rendered":"https:\/\/cosyowl.com\/pbf-representative-example\/"},"modified":"2020-12-09T09:12:07","modified_gmt":"2020-12-09T09:12:07","slug":"przyklad-przedstawiciela-pbf","status":"publish","type":"page","link":"https:\/\/cosyowl.com\/pl\/pbf-representative-example","title":{"rendered":"Przyk\u0142ad przedstawiciela PBF"},"content":{"rendered":"<p>Reprezentatywny przyk\u0142ad: Cena got\u00f3wkowa , Kaucja , Kwota kredytu , % APR reprezentatywna, Oprocentowanie % sta\u0142e,  miesi\u0119czne sp\u0142aty w wysoko\u015bci , Ca\u0142kowity okres obowi\u0105zywania umowy kredytu  miesi\u0119cy, Ca\u0142kowita op\u0142ata za kredyt , Ca\u0142kowita kwota do zap\u0142aty .<\/p>","protected":false},"excerpt":{"rendered":"<p>Reprezentatywny przyk\u0142ad: Cena got\u00f3wkowa , Kaucja , Kwota kredytu , % APR reprezentatywna, Oprocentowanie % sta\u0142e,  miesi\u0119czne sp\u0142aty w wysoko\u015bci , Ca\u0142kowity okres obowi\u0105zywania umowy kredytu  miesi\u0119cy, Ca\u0142kowita op\u0142ata za kredyt , Ca\u0142kowita kwota do zap\u0142aty .<\/p>","protected":false},"author":1,"featured_media":0,"parent":0,"menu_order":0,"comment_status":"closed","ping_status":"closed","template":"","meta":{"_acf_changed":false,"footnotes":""},"class_list":["post-1331","page","type-page","status-publish","hentry"],"acf":[],"_links":{"self":[{"href":"https:\/\/cosyowl.com\/pl\/wp-json\/wp\/v2\/pages\/1331","targetHints":{"allow":["GET"]}}],"collection":[{"href":"https:\/\/cosyowl.com\/pl\/wp-json\/wp\/v2\/pages"}],"about":[{"href":"https:\/\/cosyowl.com\/pl\/wp-json\/wp\/v2\/types\/page"}],"author":[{"embeddable":true,"href":"https:\/\/cosyowl.com\/pl\/wp-json\/wp\/v2\/users\/1"}],"replies":[{"embeddable":true,"href":"https:\/\/cosyowl.com\/pl\/wp-json\/wp\/v2\/comments?post=1331"}],"version-history":[{"count":0,"href":"https:\/\/cosyowl.com\/pl\/wp-json\/wp\/v2\/pages\/1331\/revisions"}],"wp:attachment":[{"href":"https:\/\/cosyowl.com\/pl\/wp-json\/wp\/v2\/media?parent=1331"}],"curies":[{"name":"wp","href":"https:\/\/api.w.org\/{rel}","templated":true}]}}