{"id":1330,"date":"2020-12-09T09:12:06","date_gmt":"2020-12-09T09:12:06","guid":{"rendered":"https:\/\/cosyowl.com\/finance-referred\/"},"modified":"2020-12-09T09:12:06","modified_gmt":"2020-12-09T09:12:06","slug":"finanse-o-ktorych-mowa","status":"publish","type":"page","link":"https:\/\/cosyowl.com\/pl\/finance-referred","title":{"rendered":"Odes\u0142anie finansowe"},"content":{"rendered":"<p><script src=\"https:\/\/woo.pbffinancecalculator.info\/shopify\/static\/handback.js\"><\/script><\/p>\n<div class=\"page-head\">\n<h3>Twoje zg\u0142oszenie zosta\u0142o odes\u0142ane<\/h3>\n<\/p><\/div>\n<p>Dzi\u0119kujemy za wybranie PaybyFinance jako metody p\u0142atno\u015bci. <a href=\"https:\/\/cosyowl.com\/pl\/finance-declined\">p\u0142atno\u015b\u0107<\/a> za zakup od . <a href=\"https:\/\/cosyowl.com\/pl\/guides\/how-to-use-fragrance-oils\">Zastosowanie<\/a> zosta\u0142 skierowany (<span id=\"order_id\"><\/span>).<\/p>\n<p>Hitachi Capital ocenia Twoj\u0105 aplikacj\u0119 i je\u015bli b\u0119dzie potrzebowa\u0107 dodatkowych informacji, skontaktuje si\u0119 z Tob\u0105.<\/p>\n<p>Hitachi Capital zazwyczaj wyda ostateczn\u0105 decyzj\u0119 w ci\u0105gu najbli\u017cszych 24 godzin.<\/p>","protected":false},"excerpt":{"rendered":"<p>Your Application has been referred Thank you for choosing PaybyFinance as your method of payment for your purchase from . Your Application has been referred (). Hitachi Capital are assessing your application and if they require any further information they will contact you. Hitachi Capital will normally provide a final decision within the next 24 [&hellip;]<\/p>\n","protected":false},"author":1,"featured_media":0,"parent":0,"menu_order":0,"comment_status":"closed","ping_status":"closed","template":"","meta":{"_acf_changed":false,"footnotes":""},"class_list":["post-1330","page","type-page","status-publish","hentry"],"acf":[],"_links":{"self":[{"href":"https:\/\/cosyowl.com\/pl\/wp-json\/wp\/v2\/pages\/1330","targetHints":{"allow":["GET"]}}],"collection":[{"href":"https:\/\/cosyowl.com\/pl\/wp-json\/wp\/v2\/pages"}],"about":[{"href":"https:\/\/cosyowl.com\/pl\/wp-json\/wp\/v2\/types\/page"}],"author":[{"embeddable":true,"href":"https:\/\/cosyowl.com\/pl\/wp-json\/wp\/v2\/users\/1"}],"replies":[{"embeddable":true,"href":"https:\/\/cosyowl.com\/pl\/wp-json\/wp\/v2\/comments?post=1330"}],"version-history":[{"count":0,"href":"https:\/\/cosyowl.com\/pl\/wp-json\/wp\/v2\/pages\/1330\/revisions"}],"wp:attachment":[{"href":"https:\/\/cosyowl.com\/pl\/wp-json\/wp\/v2\/media?parent=1330"}],"curies":[{"name":"wp","href":"https:\/\/api.w.org\/{rel}","templated":true}]}}