{"id":1329,"date":"2020-12-09T09:12:04","date_gmt":"2020-12-09T09:12:04","guid":{"rendered":"https:\/\/cosyowl.com\/finance-error\/"},"modified":"2020-12-09T09:12:04","modified_gmt":"2020-12-09T09:12:04","slug":"blad-finansowy","status":"publish","type":"page","link":"https:\/\/cosyowl.com\/pl\/finance-error","title":{"rendered":"B\u0142\u0105d finansowy"},"content":{"rendered":"<p><script src=\"https:\/\/woo.pbffinancecalculator.info\/shopify\/static\/handback.js\"><\/script><\/p>\n<div class=\"page-head\">\n<h3>Podczas przetwarzania aplikacji wyst\u0105pi\u0142 b\u0142\u0105d<\/h3>\n<\/p><\/div>\n<p><span id=\"error_message\"><\/span><\/p>\n<p>\n\t\t\t\t\t\t\tprosz\u0119 <a href=\"https:\/\/cosyowl.com\/pl\/contact-us\">skontaktuj si\u0119 z nami<\/a> je\u015bli potrzebujesz dalszej pomocy.<\/p>\n<p>\t\t\t\t\t\t\t<strong>Tw\u00f3j <a href=\"https:\/\/cosyowl.com\/pl\/checkout\">porz\u0105dek<\/a> numer to: <span id=\"order_id\"><\/span><\/strong>.<\/p>\n<p>\t\t\t\t\t\t\tJe\u015bli wp\u0142aci\u0142e\u015b depozyt, powiniene\u015b spodziewa\u0107 si\u0119 zwrotu w ci\u0105gu 3-5 dni roboczych lub alternatywnie mo\u017cesz zap\u0142aci\u0107 saldo telefonicznie, kontaktuj\u0105c si\u0119 z nami.\n\t\t\t\t\t\t<\/p>","protected":false},"excerpt":{"rendered":"<p>Wyst\u0105pi\u0142 b\u0142\u0105d podczas przetwarzania wniosku, prosimy o kontakt, je\u015bli potrzebujesz dalszej pomocy. Numer zam\u00f3wienia to: . Je\u015bli wp\u0142aci\u0142e\u015b depozyt, powiniene\u015b spodziewa\u0107 si\u0119 zwrotu w ci\u0105gu 3-5 dni roboczych lub alternatywnie mo\u017cesz zap\u0142aci\u0107 saldo telefonicznie, kontaktuj\u0105c si\u0119 z nami.<\/p>","protected":false},"author":1,"featured_media":0,"parent":0,"menu_order":0,"comment_status":"closed","ping_status":"closed","template":"","meta":{"_acf_changed":false,"footnotes":""},"class_list":["post-1329","page","type-page","status-publish","hentry"],"acf":[],"_links":{"self":[{"href":"https:\/\/cosyowl.com\/pl\/wp-json\/wp\/v2\/pages\/1329","targetHints":{"allow":["GET"]}}],"collection":[{"href":"https:\/\/cosyowl.com\/pl\/wp-json\/wp\/v2\/pages"}],"about":[{"href":"https:\/\/cosyowl.com\/pl\/wp-json\/wp\/v2\/types\/page"}],"author":[{"embeddable":true,"href":"https:\/\/cosyowl.com\/pl\/wp-json\/wp\/v2\/users\/1"}],"replies":[{"embeddable":true,"href":"https:\/\/cosyowl.com\/pl\/wp-json\/wp\/v2\/comments?post=1329"}],"version-history":[{"count":0,"href":"https:\/\/cosyowl.com\/pl\/wp-json\/wp\/v2\/pages\/1329\/revisions"}],"wp:attachment":[{"href":"https:\/\/cosyowl.com\/pl\/wp-json\/wp\/v2\/media?parent=1329"}],"curies":[{"name":"wp","href":"https:\/\/api.w.org\/{rel}","templated":true}]}}