{"id":1328,"date":"2020-12-09T09:12:03","date_gmt":"2020-12-09T09:12:03","guid":{"rendered":"https:\/\/cosyowl.com\/finance-declined\/"},"modified":"2020-12-09T09:12:03","modified_gmt":"2020-12-09T09:12:03","slug":"finanse-spadly","status":"publish","type":"page","link":"https:\/\/cosyowl.com\/pl\/finance-declined","title":{"rendered":"Finanse odrzucone"},"content":{"rendered":"<p><script src=\"https:\/\/woo.pbffinancecalculator.info\/shopify\/static\/handback.js\"><\/script><\/p>\n<div class=\"page-head\">\n<h3>Niestety Tw\u00f3j wniosek o finansowanie zosta\u0142 odrzucony.<\/h3>\n<\/p><\/div>\n<p>Zapewnimy zwrot wp\u0142aconego depozytu za <a href=\"https:\/\/cosyowl.com\/pl\/checkout\">porz\u0105dek<\/a>: <span id=\"order_id\"><\/span><\/p>\n<p>Prosimy o kontakt w celu om\u00f3wienia alternatywy <a href=\"https:\/\/cosyowl.com\/pl\/finance-referred\">p\u0142atno\u015b\u0107<\/a> metoda.<\/p>","protected":false},"excerpt":{"rendered":"<p>Niestety Tw\u00f3j wniosek o finansowanie zosta\u0142 odrzucony. Zorganizujemy zwrot wp\u0142aconego depozytu za zam\u00f3wienie: Prosimy o kontakt w celu om\u00f3wienia alternatywnej metody p\u0142atno\u015bci.<\/p>","protected":false},"author":1,"featured_media":0,"parent":0,"menu_order":0,"comment_status":"closed","ping_status":"closed","template":"","meta":{"_acf_changed":false,"footnotes":""},"class_list":["post-1328","page","type-page","status-publish","hentry"],"acf":[],"_links":{"self":[{"href":"https:\/\/cosyowl.com\/pl\/wp-json\/wp\/v2\/pages\/1328","targetHints":{"allow":["GET"]}}],"collection":[{"href":"https:\/\/cosyowl.com\/pl\/wp-json\/wp\/v2\/pages"}],"about":[{"href":"https:\/\/cosyowl.com\/pl\/wp-json\/wp\/v2\/types\/page"}],"author":[{"embeddable":true,"href":"https:\/\/cosyowl.com\/pl\/wp-json\/wp\/v2\/users\/1"}],"replies":[{"embeddable":true,"href":"https:\/\/cosyowl.com\/pl\/wp-json\/wp\/v2\/comments?post=1328"}],"version-history":[{"count":0,"href":"https:\/\/cosyowl.com\/pl\/wp-json\/wp\/v2\/pages\/1328\/revisions"}],"wp:attachment":[{"href":"https:\/\/cosyowl.com\/pl\/wp-json\/wp\/v2\/media?parent=1328"}],"curies":[{"name":"wp","href":"https:\/\/api.w.org\/{rel}","templated":true}]}}