{"id":1326,"date":"2020-12-09T09:12:00","date_gmt":"2020-12-09T09:12:00","guid":{"rendered":"https:\/\/cosyowl.com\/finance-accepted\/"},"modified":"2020-12-09T09:12:00","modified_gmt":"2020-12-09T09:12:00","slug":"finanse-zaakceptowane","status":"publish","type":"page","link":"https:\/\/cosyowl.com\/pl\/finance-accepted","title":{"rendered":"Finanse zaakceptowane"},"content":{"rendered":"<p>Z przyjemno\u015bci\u0105 potwierdzam, \u017ce <a href=\"https:\/\/cosyowl.com\/pl\/guides\/how-to-use-fragrance-oils\">aplikacja<\/a> zosta\u0142a zaakceptowana, a u\u017cytkownik <a href=\"https:\/\/cosyowl.com\/pl\/checkout\">porz\u0105dek<\/a> jest teraz zarezerwowana w naszych systemach.<\/p>\n<p>Zam\u00f3wienie nie zostanie jednak wys\u0142ane, dop\u00f3ki nie zostanie wype\u0142niony podpis elektroniczny, je\u015bli jest oferowany, lub podpisana dokumentacja nie zostanie zwr\u00f3cona do Hitachi Personal Finance na nast\u0119puj\u0105cy adres:<\/p>\n<ul>\n<li>PaybyFinance<\/li>\n<li>Hitachi Personal Finance<\/li>\n<li>Freepost RRYU-HCAT-JEUG<\/li>\n<li>2 Apex View<\/li>\n<li>Leeds, LS11 9BH<\/li>\n<\/ul>\n<p>Je\u015bli dokumentacja nie zosta\u0142a jeszcze podpisana elektronicznie (je\u015bli jest dost\u0119pna) lub wydrukowana i podpisana, wiadomo\u015b\u0107 e-mail zosta\u0142a wys\u0142ana na przydzielony adres e-mail w celu wype\u0142nienia i odes\u0142ania dokumentacji tak szybko, jak to mo\u017cliwe.<\/p>\n<p>W mi\u0119dzyczasie dzi\u0119kujemy za skorzystanie z naszych us\u0142ug i cieszymy si\u0119 na wsp\u00f3\u0142prac\u0119 z Pa\u0144stwem w przysz\u0142o\u015bci.<\/p>","protected":false},"excerpt":{"rendered":"<p>I am delighted to confirm that your application has now been accepted and your order is now reserved in our systems. However your order will not be dispatched until either your e-signature has been completed, if offered, or your signed documentation has been returned to Hitachi Personal Finance at the following address: PaybyFinance Hitachi Personal [&hellip;]<\/p>\n","protected":false},"author":1,"featured_media":0,"parent":0,"menu_order":0,"comment_status":"closed","ping_status":"closed","template":"","meta":{"_acf_changed":false,"footnotes":""},"class_list":["post-1326","page","type-page","status-publish","hentry"],"acf":[],"_links":{"self":[{"href":"https:\/\/cosyowl.com\/pl\/wp-json\/wp\/v2\/pages\/1326","targetHints":{"allow":["GET"]}}],"collection":[{"href":"https:\/\/cosyowl.com\/pl\/wp-json\/wp\/v2\/pages"}],"about":[{"href":"https:\/\/cosyowl.com\/pl\/wp-json\/wp\/v2\/types\/page"}],"author":[{"embeddable":true,"href":"https:\/\/cosyowl.com\/pl\/wp-json\/wp\/v2\/users\/1"}],"replies":[{"embeddable":true,"href":"https:\/\/cosyowl.com\/pl\/wp-json\/wp\/v2\/comments?post=1326"}],"version-history":[{"count":0,"href":"https:\/\/cosyowl.com\/pl\/wp-json\/wp\/v2\/pages\/1326\/revisions"}],"wp:attachment":[{"href":"https:\/\/cosyowl.com\/pl\/wp-json\/wp\/v2\/media?parent=1326"}],"curies":[{"name":"wp","href":"https:\/\/api.w.org\/{rel}","templated":true}]}}