{"id":11677,"date":"2021-01-20T13:14:08","date_gmt":"2021-01-20T13:14:08","guid":{"rendered":"https:\/\/cosyowl.com\/?page_id=11677"},"modified":"2025-09-03T13:59:56","modified_gmt":"2025-09-03T12:59:56","slug":"free-delivery-2","status":"publish","type":"page","link":"https:\/\/cosyowl.com\/pl\/free-delivery","title":{"rendered":"Darmowa dostawa"},"content":{"rendered":"<p>Oferujemy bezp\u0142atn\u0105 wysy\u0142k\u0119 dla zam\u00f3wie\u0144 Royal Mail i kurierskich powy\u017cej 250 GBP z VAT, na wi\u0119kszo\u015b\u0107 adres\u00f3w w Wielkiej Brytanii. Opcja bezp\u0142atnej wysy\u0142ki jest us\u0142ug\u0105 standardow\u0105, realizowan\u0105 do 5 dni roboczych.<\/p>\n<p>Niestety, ze wzgl\u0119du na ich wag\u0119, oferta bezp\u0142atnej wysy\u0142ki nie obejmuje \u017cadnych produkt\u00f3w woskowych ani opakowa\u0144 szklanych. Niestety, nie jeste\u015bmy r\u00f3wnie\u017c w stanie zaoferowa\u0107 pe\u0142nej oszcz\u0119dno\u015bci na przesy\u0142kach kurierskich tylko naszym klientom w obszarach uznanych za \"Highlands &amp; Islands\", ale raczej otrzymasz tylko obni\u017con\u0105 stawk\u0119 za wysy\u0142k\u0119.  Oferta nie obejmuje r\u00f3wnie\u017c du\u017cych zam\u00f3wie\u0144 paletowych do dowolnej lokalizacji w Wielkiej Brytanii.<\/p>\n<p>Upewnij si\u0119, \u017ce wybra\u0142e\u015b opcj\u0119 DARMOWEJ DOSTAWY na stronie <a href=\"https:\/\/cosyowl.com\/pl\/checkout\">kasa<\/a> poniewa\u017c nie zostanie ona zwr\u00f3cona z moc\u0105 wsteczn\u0105.<\/p>\n<p>Dla naszych klient\u00f3w za granic\u0105 oferujemy bezp\u0142atn\u0105 wysy\u0142k\u0119 dla zam\u00f3wie\u0144 przekraczaj\u0105cych 300 \u20ac bez podatku VAT. TVA\/VAT. Zam\u00f3wienia do tych kraj\u00f3w mo\u017cna r\u00f3wnie\u017c sk\u0142ada\u0107 za po\u015brednictwem naszej strony internetowej <a href=\"https:\/\/cosyowl.com\/pl\/fr\/?wmc-currency=EUR\">Francuski<\/a> lub <a href=\"https:\/\/cosyowl.com\/pl\/de\/?wmc-currency=EUR\">Niemiecki<\/a> strony internetowe.<\/p>\n<p>Ta bezp\u0142atna promocja wysy\u0142ki obejmuje koszt wys\u0142ania tylko jednej paczki kurierskiej, a w przypadkach, gdy konieczne b\u0119dzie pobranie dodatkowej op\u0142aty za przew\u00f3z, cz\u0142onek naszego zespo\u0142u b\u0119dzie m\u00f3g\u0142 skontaktowa\u0107 si\u0119 z nami. <a href=\"https:\/\/cosyowl.com\/pl\/contact-us\">Obs\u0142uga klienta<\/a> Zesp\u00f3\u0142 skontaktuje si\u0119 z nami za po\u015brednictwem poczty elektronicznej tak szybko, jak to mo\u017cliwe nast\u0119pnego dnia roboczego.<\/p>","protected":false},"excerpt":{"rendered":"<p>We offer free shipping for Royal Mail and Courier orders over \u00a3250 including VAT, to the majority of UK addresses. The free shipping option is a standard, up to 5 business day service only. Regretably, due to their weight, the free shipping offer excludes any Wax products or Packs of Glassware. We are sadly also [&hellip;]<\/p>\n","protected":false},"author":1,"featured_media":0,"parent":0,"menu_order":0,"comment_status":"closed","ping_status":"closed","template":"","meta":{"_acf_changed":false,"footnotes":""},"class_list":["post-11677","page","type-page","status-publish","hentry"],"acf":[],"_links":{"self":[{"href":"https:\/\/cosyowl.com\/pl\/wp-json\/wp\/v2\/pages\/11677","targetHints":{"allow":["GET"]}}],"collection":[{"href":"https:\/\/cosyowl.com\/pl\/wp-json\/wp\/v2\/pages"}],"about":[{"href":"https:\/\/cosyowl.com\/pl\/wp-json\/wp\/v2\/types\/page"}],"author":[{"embeddable":true,"href":"https:\/\/cosyowl.com\/pl\/wp-json\/wp\/v2\/users\/1"}],"replies":[{"embeddable":true,"href":"https:\/\/cosyowl.com\/pl\/wp-json\/wp\/v2\/comments?post=11677"}],"version-history":[{"count":0,"href":"https:\/\/cosyowl.com\/pl\/wp-json\/wp\/v2\/pages\/11677\/revisions"}],"wp:attachment":[{"href":"https:\/\/cosyowl.com\/pl\/wp-json\/wp\/v2\/media?parent=11677"}],"curies":[{"name":"wp","href":"https:\/\/api.w.org\/{rel}","templated":true}]}}