{"id":80335,"date":"2024-07-01T15:02:11","date_gmt":"2024-07-01T14:02:11","guid":{"rendered":"https:\/\/cosyowl.com\/product\/tea-tree-fragrance-oil"},"modified":"2026-03-24T16:27:29","modified_gmt":"2026-03-24T16:27:29","slug":"tea-tree-geurolie","status":"publish","type":"product","link":"https:\/\/cosyowl.com\/nl\/craft-supplies\/body-care-supplies\/fragrance-oils-for-body-care\/tea-tree-fragrance-oil","title":{"rendered":"Tea Tree Geurolie"},"content":{"rendered":"<p><strong>5kg, 10kg en 25kg Tea Tree <a href=\"https:\/\/cosyowl.com\/nl\/candle-making-supplies\/fragrance-oils-for-candle-making\/premium-fragrance-oils\/cosy-owl-premium-1-million-type-fragrance-oil\">Geur olie<\/a><\/strong><strong>s worden uit voorraad geleverd en zijn beschikbaar op standaardverzendtijden.<\/strong><\/p>\n<p>Gemaakt met <a href=\"https:\/\/cosyowl.com\/nl\/candle-making-supplies\/fragrance-oils-for-candle-making\/all-fragrances\/honey-fragrance-oil\">natuurlijk<\/a> ingredi\u00ebnten en essenti\u00eble oli\u00ebn*.<\/p>\n<p>Onze <strong>Tea Tree Geurolie<\/strong> zorgt voor een natuurlijk aroma dat een <a href=\"https:\/\/cosyowl.com\/nl\/candle-making-supplies\/essential-oils\/eucalyptus-globulus-essential-oil\">vers<\/a> modern en onderscheidend in overeenstemming met <strong>sterke munt<\/strong> nuances en een vleugje <strong>natuurlijke tea tree<\/strong> smaken; <a href=\"https:\/\/cosyowl.com\/nl\/candle-making-supplies\/glitters\/turquoise-blue-candle-glitter\">verfrissend<\/a> Het is modern en heeft een uniseks uitstraling en een langdurige frisheid. Het heeft een licht <a href=\"https:\/\/cosyowl.com\/nl\/candle-making-supplies\/essential-oils\/tea-tree-essential-oil\">medicinaal<\/a> Gevoelens van genezing en gevoelens van verrijking en welzijn worden vaak in verband gebracht met de eigenschappen van tea tree.<\/p>\n<p>Al onze <a href=\"https:\/\/cosyowl.com\/nl\/guides\/2023-spring-fragrance-oil-trends\">geuroli\u00ebn<\/a> zijn exclusief voor <a href=\"https:\/\/cosyowl.com\/nl\/\">Gezellige Uil<\/a> en zijn ontwikkeld door onze experts voor superieure geurverspreiding in een <a href=\"https:\/\/cosyowl.com\/nl\/guides\/a-summers-beach-gel-votive-candle\">kaars<\/a> en zijn geoptimaliseerd voor gebruik met onze wax. Onze oli\u00ebn zijn 100% geconcentreerd en zijn volledig compatibel voor gebruik met al onze wassen.<\/p>\n<p><strong>Hoeveel geur moet ik toevoegen?<\/strong><\/p>\n<p>Al onze geuren zijn <a href=\"https:\/\/cosyowl.com\/nl\/candle-wicks\/wedo-lx-wick-raw\">kwaliteit<\/a> en speciaal ontworpen voor een uitstekende geurverspreiding, wat betekent dat over het algemeen minder meer is. Hoeveel je moet toevoegen is enigszins complex en we hebben een <a href=\"https:\/\/cosyowl.com\/nl\/guides\/a-guide-to-creating-your-own-soap-products\">gids<\/a> om je hier meer details over te geven. Over het algemeen is het een goed idee om te beginnen met 5-8% en tot 10% voor minder sterke geuren geeft je meer dan genoeg geur. Het is altijd het beste om te experimenteren met elke geur en wax combinatie en laag te beginnen en op te werken. Zolang je de handleiding volgt en het vlampunt in acht neemt, krijg je met een beetje oefening prachtig geurende kaarsen. Over het algemeen moet je nooit meer dan 12% geur toevoegen, omdat de kaars dan letterlijk begint te zweten of uit te lekken.<\/p>\n<p>Alle geuroli\u00ebn hebben een zogenaamd vlampunt - de temperatuur waarbij de olie begint te verbranden en de geur vrijkomt.<\/p>\n<p>De <strong>het vlampunt van tea tree is 84\u00b0C<\/strong>Voor meer informatie over Flash Points volg deze link <a href=\"https:\/\/cosyowl.com\/nl\/gidsen\/hoe-gebruik-je-geurolien\/?wmc-currency=EUR\">https:\/\/www.cosyowl.com\/guides\/how-to-use-fragrance-oils\/<\/a><\/p>\n<p><strong>Het gebruik van deze geur in een <a href=\"https:\/\/cosyowl.com\/nl\/guides\/making-a-reed-diffuser\">rietrooster<\/a>?<\/strong><\/p>\n<p><em>Deze geurolie wordt momenteel opnieuw samengesteld; we zullen je op de hoogte houden wanneer deze olie weer gebruikt kan worden in verstuivers.<\/em><\/p>\n<p><strong>Gebruik je deze geur in een zeep?<\/strong><\/p>\n<p>Al onze geuren zijn ook speciaal geformuleerd voor gebruik in vaste zepen. Zie het veiligheidsinformatieblad voor informatie over de maximale % van elke geur die kan worden gebruikt in <a href=\"https:\/\/cosyowl.com\/nl\/guides\/a-beginners-guide-to-soap-making\">zeep maken<\/a> toepassingen.<\/p>\n<p>Raadpleeg voor aankoop ook onze CLP-informatie over het gebruik van geurolie in kaarsen. Deze informatie heeft betrekking op de chemische samenstelling van de olie samen met waarschuwende details met betrekking tot mogelijke allergische reacties.<\/p>\n<p><strong> We raden alle klanten aan om geuren te testen met onze 10ml Testerflessen voordat je grotere maten of hoeveelheden bestelt, in het onwaarschijnlijke geval dat je ontevreden bent over een geurolie. Zie onze <a href=\"\/nl\/verzendinfo\/?wmc-currency=EUR\" target=\"_blank\" rel=\"noopener\">Levering &amp; retourneren<\/a> pagina voor volledige <a href=\"https:\/\/cosyowl.com\/nl\/privacy\">voorwaarden<\/a> en voorwaarden.<\/strong><\/p>\n<p>*Deze geur bevat natuurlijke elementen (<a href=\"https:\/\/cosyowl.com\/nl\/guides\/essential-oil-benefits\">essenti\u00eble oli\u00ebn<\/a>extracten, harsen, isolaten), maar is niet volledig natuurlijk. Onze geuroli\u00ebn zijn ontworpen om zo eenvoudig mogelijk te zijn, <a href=\"https:\/\/cosyowl.com\/nl\/candle-making-supplies\/glitters\/pure-white-biodegradable\">schoon<\/a> Zo natuurlijk mogelijk en met de beste geur en de beste reeks geurnoten. Samenstellingen die niet rechtstreeks uit de natuur afkomstig zijn, zijn ofwel chemisch identiek aan natuurlijk gevonden samenstellingen, kunstmatig gecre\u00eberd of licht aangepast, meestal om een iets sterkere geur te geven. Soms worden geurstoffen die niet in de natuur voorkomen gebruikt om de kenmerkende geur te geven die nodig is voor sommige meer kunstmatige geuren. Dit geldt voor alle geuroli\u00ebn die tegenwoordig op de markt zijn.<\/p>\n<p>&nbsp;<\/p>\n<p>Geuroli\u00ebn hebben meestal een houdbaarheidsdatum van een jaar vanaf de productiedatum, maar veel geuroli\u00ebn kunnen maanden of zelfs jaren langer meegaan als ze op de juiste manier worden bewaard. Testen (we bieden deze service niet aan) kunnen worden uitgevoerd op geuroli\u00ebn om te bepalen of ze geschikt zijn na de houdbaarheidsdatum.<\/p>\n<p>De huidige IFRA-documenten (IFRA versie 48) zijn relevant en van toepassing op al onze parfums tot februari 2022, wanneer de nieuwe classificaties van kracht worden voor bestaande producten, d.w.z. parfums die al op de markt zijn. Alle nieuwe geuren vallen al onder de IFRA 49 classificaties. In de komende weken, wanneer we de relevante informatie ontvangen, zullen we onze website updaten en de nodige wijzigingen aanbrengen.<\/p>","protected":false},"excerpt":{"rendered":"<p>5kg, 10kg and 25kg Tea Tree Fragrance Oils are despatched from stock and are available on standard shipping times. Made with natural ingredients and essential oils*. Our Tea Tree Fragrance Oil provides a natural aroma generating a fresh modern and distinctive accord with strong mint nuances and a hint of natural tea tree flavours; refreshing [&hellip;]<\/p>\n","protected":false},"featured_media":11846,"comment_status":"open","ping_status":"closed","template":"","meta":{"_acf_changed":false},"product_brand":[],"product_cat":[753,504,636,586,509,512,511,730,531,717],"product_tag":[909,908],"class_list":{"0":"post-80335","1":"product","2":"type-product","3":"status-publish","4":"has-post-thumbnail","6":"product_cat-sale-fragrance-oils","7":"product_cat-fragrance-oils-all-fragrances","8":"product_cat-body-care-fragrance-oils","9":"product_cat-hair-care-fragrance-oils","10":"product_cat-soap-making-supplies-fragrances","11":"product_cat-wax-melts-fragrances","12":"product_cat-beard-oil-fragrances","13":"product_cat-fragrances-for-reed-diffusers","14":"product_cat-fragrance-oils-new","15":"product_cat-sale","16":"product_tag-black-friday","17":"product_tag-fragrance-oil","18":"pa_bottle-size-100ml","19":"pa_bottle-size-10kg-2","20":"pa_bottle-size-250ml","21":"pa_bottle-size-25kg-2","22":"pa_bottle-size-500ml","23":"pa_bottle-size-50ml","24":"pa_bottle-size-950ml","25":"pa_bottle-size-sample","27":"first","28":"instock","29":"sale","30":"taxable","31":"shipping-taxable","32":"purchasable","33":"product-type-variable"},"acf":[],"_links":{"self":[{"href":"https:\/\/cosyowl.com\/nl\/wp-json\/wp\/v2\/product\/80335","targetHints":{"allow":["GET"]}}],"collection":[{"href":"https:\/\/cosyowl.com\/nl\/wp-json\/wp\/v2\/product"}],"about":[{"href":"https:\/\/cosyowl.com\/nl\/wp-json\/wp\/v2\/types\/product"}],"replies":[{"embeddable":true,"href":"https:\/\/cosyowl.com\/nl\/wp-json\/wp\/v2\/comments?post=80335"}],"wp:featuredmedia":[{"embeddable":true,"href":"https:\/\/cosyowl.com\/nl\/wp-json\/wp\/v2\/media\/11846"}],"wp:attachment":[{"href":"https:\/\/cosyowl.com\/nl\/wp-json\/wp\/v2\/media?parent=80335"}],"wp:term":[{"taxonomy":"product_brand","embeddable":true,"href":"https:\/\/cosyowl.com\/nl\/wp-json\/wp\/v2\/product_brand?post=80335"},{"taxonomy":"product_cat","embeddable":true,"href":"https:\/\/cosyowl.com\/nl\/wp-json\/wp\/v2\/product_cat?post=80335"},{"taxonomy":"product_tag","embeddable":true,"href":"https:\/\/cosyowl.com\/nl\/wp-json\/wp\/v2\/product_tag?post=80335"}],"curies":[{"name":"wp","href":"https:\/\/api.w.org\/{rel}","templated":true}]}}