{"id":78885,"date":"2024-05-15T11:35:09","date_gmt":"2024-05-15T10:35:09","guid":{"rendered":"https:\/\/cosyowl.com\/?post_type=product&#038;p=78885"},"modified":"2026-03-24T16:27:30","modified_gmt":"2026-03-24T16:27:30","slug":"wierook-mirre-geurolie","status":"publish","type":"product","link":"https:\/\/cosyowl.com\/nl\/candle-making-supplies\/fragrance-oils-for-candle-making\/frankincense-myrrh-fragrance-oil","title":{"rendered":"Wierook &amp; Mirre Geurolie"},"content":{"rendered":"<p><strong>Let op - alle 5kg, 10kg en 25kg <a href=\"https:\/\/cosyowl.com\/nl\/guides\/2023-spring-fragrance-oil-trends\">Geur oli\u00ebn<\/a> worden op bestelling gemaakt en hebben een levertijd van maximaal 6 weken. Deze levertijd wordt niet weergegeven in de verzendopties die worden gepresenteerd op <a href=\"https:\/\/cosyowl.com\/nl\/checkout\">kassa<\/a>. Als uw <a href=\"https:\/\/cosyowl.com\/nl\/basket\">bestel<\/a> 5kg, 10kg of 25kg Geuroli\u00ebn omvat, bedraagt de levertijd voor de gehele bestelling maximaal 6 weken. 5kg, 10kg of 25kg op maat gemaakte geuroli\u00ebn worden ook niet gerestitueerd.<\/strong><\/p>\n<p>Al onze geuroli\u00ebn zijn exclusief voor <a href=\"https:\/\/cosyowl.com\/nl\/\">Gezellige Uil<\/a> en zijn ontwikkeld door onze experts vanwege hun uitstekende vermogen om geuren af te geven en zijn vervolgens geoptimaliseerd om perfect te combineren met onze wassen. Onze oli\u00ebn zijn 100% geconcentreerd en combineren perfect met al onze wassen.<\/p>\n<p><strong>Hoeveel <a href=\"https:\/\/cosyowl.com\/nl\/candle-making-supplies\/fragrance-oils-for-candle-making\/all-fragrances\/winter-pine-fragrance-oil\">geurolie<\/a> moet ik gebruiken?<\/strong><\/p>\n<p>Al onze geuroli\u00ebn zijn van hoge <a href=\"https:\/\/cosyowl.com\/nl\/candle-wicks\/wedo-lx-wick-raw\">kwaliteit<\/a> en zijn speciaal ontworpen voor hun uitstekende vermogen om geuren af te geven, wat betekent dat je met een kleine hoeveelheid meestal al een heel eind komt. De formule voor het berekenen van de exacte hoeveelheid die je nodig hebt is relatief complex. Daarom hebben we een <a href=\"https:\/\/cosyowl.com\/nl\/guides\/a-guide-to-creating-your-own-soap-products\">gids<\/a> die je meer gedetailleerde informatie over dit onderwerp zal geven en die je hier kunt vinden. Als algemene regel is het aan te raden om te beginnen met een aandeel geurolie tussen 5-8% van het totale volume, hoewel je tot 10% kunt gaan voor minder intense geuren. Het is altijd het beste om te experimenteren met elke combinatie van was en geurolie, waarbij je niet vergeet om geleidelijk te werk te gaan en de hoeveelheid beetje bij beetje te verhogen. Als je de handleiding volgt en de vlampunttemperaturen respecteert, kun je in een handomdraai heerlijk geurende kaarsen maken. Het is niet aan te raden om meer geurolie te gebruiken dan 12% van het totale volume, om te voorkomen dat de <a href=\"https:\/\/cosyowl.com\/nl\/guides\/a-summers-beach-gel-votive-candle\">kaars<\/a> zodat de olie niet begint te lekken of over de lengte van de kaars begint te stromen.<\/p>\n<p><strong>Kan ik deze geurolie gebruiken in een diffuser stick?<\/strong><\/p>\n<p>Al onze geuroli\u00ebn zijn ontworpen om compatibel te zijn met stick diffusers. Meng ze gewoon met een basisolie voor diffusors, hier verkrijgbaar. Maak een mengsel van basisolie en parfum bestaande uit niet meer dan een kwart (25%) parfumolie, afhankelijk van de gewenste intensiteit.<\/p>\n<p><strong>Kan ik deze geurolie in zeep gebruiken?<\/strong><\/p>\n<p>Onze geuroli\u00ebn zijn speciaal samengesteld om in zeep te worden verwerkt. Raadpleeg het veiligheidsinformatieblad voor informatie over de maximale hoeveelheid (%) olie die je mag gebruiken voor elke geur die je gebruikt bij het maken van zeepstaafjes.<\/p>\n<p>Raadpleeg voordat u onze producten koopt onze CLP-informatie (Classification, Labelling and Packaging) over het gebruik van geuroli\u00ebn in <a href=\"https:\/\/cosyowl.com\/nl\/guides\/how-to-make-a-candle\">kaarsen maken<\/a>. Deze informatie betreft de chemische samenstelling van de oli\u00ebn en mogelijke allergische reacties.<\/p>\n<p>&nbsp;<\/p>\n<p>Geuroli\u00ebn hebben over het algemeen een houdbaarheidsdatum van \u00e9\u00e9n jaar vanaf de productiedatum. Veel geuroli\u00ebn kunnen echter nog maanden of zelfs jaren na deze datum meegaan als ze op de juiste manier worden bewaard. Er kunnen testen (we bieden deze service niet aan) worden uitgevoerd op geuroli\u00ebn om te bepalen of ze geschikt zijn na de houdbaarheidsdatum.<\/p>\n<p>De huidige IFRA documenten (IFRA versie 48) zijn relevant en van toepassing op al onze parfums tot februari 2022, de datum van inwerkingtreding van de nieuwe classificaties voor bestaande producten, d.w.z. parfums die al op de markt zijn. lopen. Alle nieuwe parfums vallen al onder de IFRA 49 classificaties. In de komende weken, wanneer we relevante informatie ontvangen, zullen we onze website bijwerken en de nodige wijzigingen aanbrengen.<\/p>","protected":false},"excerpt":{"rendered":"<p>Please note &#8211; all 5kg, 10kg and 25kg Fragrance Oils are bespoke made-to-order items and have an up to 6-week delivery lead time which isn\u2019t reflected in the shipping options presented at checkout. If your order includes any 5kg, 10kg or 25kg Fragrance Oils, lead time for the entirety of the order will be up [&hellip;]<\/p>\n","protected":false},"featured_media":78887,"comment_status":"open","ping_status":"closed","template":"","meta":{"_acf_changed":false},"product_brand":[],"product_cat":[503,520,514,523,504,636,586,509,512,511,730,515,506],"product_tag":[909,1594,908,1600],"class_list":{"0":"post-78885","1":"product","2":"type-product","3":"status-publish","4":"has-post-thumbnail","6":"product_cat-fragrance-oils","7":"product_cat-fragrance-oils-calm","8":"product_cat-fragrance-oils-christmas","9":"product_cat-fragrance-oils-floral","10":"product_cat-fragrance-oils-all-fragrances","11":"product_cat-body-care-fragrance-oils","12":"product_cat-hair-care-fragrance-oils","13":"product_cat-soap-making-supplies-fragrances","14":"product_cat-wax-melts-fragrances","15":"product_cat-beard-oil-fragrances","16":"product_cat-fragrances-for-reed-diffusers","17":"product_cat-fragrance-oils-herbal","18":"product_cat-fragrance-oils-masculine-fragrances","19":"product_tag-black-friday","20":"product_tag-christmas","21":"product_tag-fragrance-oil","22":"product_tag-winter","23":"pa_bottle-size-100ml","24":"pa_bottle-size-10kg","25":"pa_bottle-size-10ml","26":"pa_bottle-size-250ml","27":"pa_bottle-size-25kg","28":"pa_bottle-size-500ml","29":"pa_bottle-size-50ml","30":"pa_bottle-size-5kg","31":"pa_bottle-size-950ml","33":"first","34":"instock","35":"taxable","36":"shipping-taxable","37":"purchasable","38":"product-type-variable"},"acf":[],"_links":{"self":[{"href":"https:\/\/cosyowl.com\/nl\/wp-json\/wp\/v2\/product\/78885","targetHints":{"allow":["GET"]}}],"collection":[{"href":"https:\/\/cosyowl.com\/nl\/wp-json\/wp\/v2\/product"}],"about":[{"href":"https:\/\/cosyowl.com\/nl\/wp-json\/wp\/v2\/types\/product"}],"replies":[{"embeddable":true,"href":"https:\/\/cosyowl.com\/nl\/wp-json\/wp\/v2\/comments?post=78885"}],"wp:featuredmedia":[{"embeddable":true,"href":"https:\/\/cosyowl.com\/nl\/wp-json\/wp\/v2\/media\/78887"}],"wp:attachment":[{"href":"https:\/\/cosyowl.com\/nl\/wp-json\/wp\/v2\/media?parent=78885"}],"wp:term":[{"taxonomy":"product_brand","embeddable":true,"href":"https:\/\/cosyowl.com\/nl\/wp-json\/wp\/v2\/product_brand?post=78885"},{"taxonomy":"product_cat","embeddable":true,"href":"https:\/\/cosyowl.com\/nl\/wp-json\/wp\/v2\/product_cat?post=78885"},{"taxonomy":"product_tag","embeddable":true,"href":"https:\/\/cosyowl.com\/nl\/wp-json\/wp\/v2\/product_tag?post=78885"}],"curies":[{"name":"wp","href":"https:\/\/api.w.org\/{rel}","templated":true}]}}