{"id":74599,"date":"2024-02-20T13:27:08","date_gmt":"2024-02-20T13:27:08","guid":{"rendered":"https:\/\/cosyowl.com\/?post_type=product&#038;p=74599"},"modified":"2026-03-24T16:27:32","modified_gmt":"2026-03-24T16:27:32","slug":"fluwelen-roos-oud-geurolie","status":"publish","type":"product","link":"https:\/\/cosyowl.com\/nl\/candle-making-supplies\/fragrance-oils-for-candle-making\/all-fragrances\/velvet-rose-oud-fragrance-oil","title":{"rendered":"Fluwelen Roos &amp; Oud Geurolie"},"content":{"rendered":"<p><strong>Let op - alle 5kg, 10kg en 25kg <a href=\"https:\/\/cosyowl.com\/nl\/guides\/2023-spring-fragrance-oil-trends\">Geur oli\u00ebn<\/a> worden op bestelling gemaakt en hebben een levertijd van maximaal 6 weken. Deze levertijd wordt niet weergegeven in de verzendopties die worden gepresenteerd op <a href=\"https:\/\/cosyowl.com\/nl\/checkout\">kassa<\/a>. Als uw <a href=\"https:\/\/cosyowl.com\/nl\/basket\">bestel<\/a> 5kg, 10kg of 25kg Geuroli\u00ebn omvat, bedraagt de levertijd voor de gehele bestelling maximaal 6 weken. 5kg, 10kg of 25kg op maat gemaakte geuroli\u00ebn worden ook niet gerestitueerd.<\/strong><\/p>\n<p>Gemaakt met <a href=\"https:\/\/cosyowl.com\/nl\/candle-making-supplies\/fragrance-oils-for-candle-making\/all-fragrances\/honey-fragrance-oil\">natuurlijk<\/a> ingredi\u00ebnten en essenti\u00eble oli\u00ebn*.<\/p>\n<p>Dompel jezelf onder in het betoverende aroma van deze voortreffelijke <a href=\"https:\/\/cosyowl.com\/nl\/candle-making-supplies\/fragrance-oils-for-candle-making\/premium-fragrance-oils\/cosy-owl-premium-1-million-type-fragrance-oil\">geurolie<\/a>Een prachtige melange met een rijke, ori\u00ebntaalse bloemencompositie. Opening met een <a href=\"https:\/\/cosyowl.com\/nl\/candle-making-supplies\/glitters\/magic-purple-candle-glitter\">betoverend<\/a> boeket van <strong>oud, roos, geranium, <a href=\"https:\/\/cosyowl.com\/nl\/candle-making-supplies\/fragrance-oils-for-candle-making\/all-fragrances\/jasmine-fragrance-oil\">jasmijn<\/a>, <\/strong>en een vleugje<strong> kruidnagel<\/strong>. Terwijl het zich ontwikkelt, voegen noten van praline een vleugje zoetheid toe, terwijl de fluweelzachte basis ontstaat met <strong>Ceder, sandelhout, vetiver, amber, muskus, vanille, patchoeli,<\/strong> en een subtiel vleugje <strong><a href=\"https:\/\/cosyowl.com\/nl\/fragrance-oils\/raspberry\">framboos<\/a><\/strong>.<\/p>\n<p>*Disclaimer: Deze geur is ge\u00efnspireerd op de populaire geur van fluwelen roos en oud.  We zijn niet verbonden aan het ontwerpbedrijf.<\/p>\n<p><b>We zullen nu Craftovator Ltd parfums op voorraad hebben en breiden daarmee onze <a href=\"https:\/\/cosyowl.com\/nl\/helper\">ondersteuning<\/a> aan ex-Craftovator Ltd klanten. We introduceren de Velvet Rose &amp; Oud Fragrance Oil uit de collectie van Craftovator. Dit zijn de exacte geuren die Craftovator Ltd verkocht, geen dupes. Hoewel we normaal gesproken alleen geuren ontwikkelen en op voorraad hebben die exclusief zijn voor <a href=\"https:\/\/cosyowl.com\/nl\/\">Gezellige Uil<\/a>Deze zijn toegevoegd om klanten van Craftovator Ltd te ondersteunen.<\/b><\/p>\n<p>Ontdek onze luxe selectie dupes van luxe parfums - klik op de link om meer te ontdekken en je perfecte geur te vinden.\u00a0<a href=\"https:\/\/cosyowl.com\/nl\/gidsen\/onze-geur-dupes-luxueuze-geuren-zonder-de-luxeprijs\/?wmc-currency=EUR\">Geurolie Dupe Lijst<\/a><\/p>\n<p><strong>Hoeveel geur moet ik toevoegen?<\/strong><\/p>\n<p>Al onze geuren zijn <a href=\"https:\/\/cosyowl.com\/nl\/candle-wicks\/wedo-lx-wick-raw\">kwaliteit<\/a> en speciaal ontworpen voor een uitstekende geurverspreiding, wat betekent dat over het algemeen minder meer is. Hoeveel je moet toevoegen is enigszins complex en we hebben een <a href=\"https:\/\/cosyowl.com\/nl\/guides\/a-guide-to-creating-your-own-soap-products\">gids<\/a> om je hier meer details over te geven. Over het algemeen is het een goed idee om te beginnen met 5-8% en tot 10% voor minder sterke geuren geeft je meer dan genoeg geur. Het is altijd het beste om te experimenteren met elke geur en wax combinatie en laag te beginnen en op te werken. Zolang je de handleiding volgt en het vlampunt in acht neemt, krijg je met een beetje oefening prachtig geurende kaarsen. Over het algemeen moet je nooit meer dan 12% geur toevoegen, omdat de <a href=\"https:\/\/cosyowl.com\/nl\/guides\/a-summers-beach-gel-votive-candle\">kaars<\/a> zal de geur letterlijk gaan zweten of uitlogen.<\/p>\n<p>Alle geuroli\u00ebn hebben een zogenaamd vlampunt - de temperatuur waarbij de olie begint te verbranden en de geur vrijkomt.<\/p>\n<p>De\u00a0<strong>vlampunt voor Velvet Rose &amp; Oud is &gt;100<\/strong><strong>\u00b0C<\/strong>Voor meer informatie over Flash Points volg deze link\u00a0<a href=\"https:\/\/cosyowl.com\/nl\/gidsen\/hoe-gebruik-je-geurolien\/?wmc-currency=EUR\">https:\/\/www.cosyowl.com\/guides\/how-to-use-fragrance-oils\/<\/a><\/p>\n<p>Raadpleeg voor aankoop ook onze CLP-informatie over het gebruik van geurolie in kaarsen. Deze informatie heeft betrekking op de chemische samenstelling van de olie samen met waarschuwende details met betrekking tot mogelijke allergische reacties.<\/p>\n<p><strong>Wreedheidvrij<\/strong><\/p>\n<p>De ethische herkomst van producten is van het grootste belang voor ons en we zijn er trots op te kunnen zeggen dat alle Geuroli\u00ebn geleverd door Cosy Owl, en hun <a href=\"https:\/\/cosyowl.com\/nl\/candle-wicks\/tcr-series-wick-raw\">ruw<\/a> materialen, zijn vrij van wreedheid en worden absoluut niet getest op dieren of mensen. We begrijpen echter dat er enige verwarring kan bestaan over de veiligheid van het product. <a href=\"https:\/\/cosyowl.com\/nl\/data-sheets\">Gegevensbladen<\/a> (SDS) bevatten toxiciteitswaarden voor ratten en konijnen. Dit specifieke gedeelte verwijst naar de LD50 (toxiciteit) van bepaalde ingredi\u00ebnten die vereist zijn voor andere industrie\u00ebn (zoals voor gebruik in voedsel) en het is verplicht dat we deze opnemen waar ze bestaan. Alle gegevens over dierproeven zijn gebaseerd op testen die niet zijn uitgevoerd of gesanctioneerd door ons of onze leveranciers. In sommige gevallen zijn deze testen verplicht gesteld door een overheidsinstantie of zijn ze tientallen jaren geleden uitgevoerd en zijn er categorisch geen testen uitgevoerd voor het gebruik van deze ingredi\u00ebnten in producten die wij leveren.<\/p>\n<p><strong>We raden alle klanten aan om geuren te testen met onze 10ml Testerflessen voordat je grotere maten of hoeveelheden bestelt, in het onwaarschijnlijke geval dat je ontevreden bent over een geurolie. Zie onze\u00a0<a href=\"https:\/\/cosyowl.com\/nl\/verzendinfo\/?wmc-currency=EUR\" target=\"_blank\" rel=\"noopener\">Levering &amp; retourneren<\/a>\u00a0pagina voor volledige <a href=\"https:\/\/cosyowl.com\/nl\/privacy\">voorwaarden<\/a> en voorwaarden.<\/strong><\/p>\n<p>*Deze geur bevat natuurlijke elementen (<a href=\"https:\/\/cosyowl.com\/nl\/guides\/essential-oil-benefits\">essenti\u00eble oli\u00ebn<\/a>extracten, harsen, isolaten), maar is niet volledig natuurlijk. Onze geuroli\u00ebn zijn ontworpen om zo eenvoudig mogelijk te zijn, <a href=\"https:\/\/cosyowl.com\/nl\/candle-making-supplies\/glitters\/pure-white-biodegradable\">schoon<\/a> Zo natuurlijk mogelijk en met de beste geur en de beste reeks geurnoten. Samenstellingen die niet rechtstreeks uit de natuur afkomstig zijn, zijn ofwel chemisch identiek aan natuurlijk gevonden samenstellingen, kunstmatig gecre\u00eberd of licht aangepast, meestal om een iets sterkere geur te geven. Soms worden geurstoffen die niet in de natuur voorkomen gebruikt om de kenmerkende geur te geven die nodig is voor sommige meer kunstmatige geuren. Dit geldt voor alle geuroli\u00ebn die tegenwoordig op de markt zijn.<\/p>\n<p>Geuroli\u00ebn hebben meestal een houdbaarheidsdatum van een jaar vanaf de productiedatum, maar veel geuroli\u00ebn kunnen maanden of zelfs jaren langer meegaan als ze op de juiste manier worden bewaard. Testen (we bieden deze service niet aan) kunnen worden uitgevoerd op geuroli\u00ebn om te bepalen of ze geschikt zijn na de houdbaarheidsdatum.<\/p>","protected":false},"excerpt":{"rendered":"<p>Please note &#8211; all 5kg, 10kg and 25kg Fragrance Oils are bespoke made-to-order items and have an up to 6-week delivery lead time which isn\u2019t reflected in the shipping options presented at checkout. If your order includes any 5kg, 10kg or 25kg Fragrance Oils, lead time for the entirety of the order will be up [&hellip;]<\/p>\n","protected":false},"featured_media":74542,"comment_status":"open","ping_status":"closed","template":"","meta":{"_acf_changed":false},"product_brand":[],"product_cat":[504,765,520,505,523,636,586,509,512,511,762,843,519,800,531,516,521],"product_tag":[1599,909,908,1593],"class_list":{"0":"post-74599","1":"product","2":"type-product","3":"status-publish","4":"has-post-thumbnail","6":"product_cat-fragrance-oils-all-fragrances","7":"product_cat-autumnal-fragrance-oils","8":"product_cat-fragrance-oils-calm","9":"product_cat-fragrance-oils-designer","10":"product_cat-fragrance-oils-floral","11":"product_cat-body-care-fragrance-oils","12":"product_cat-hair-care-fragrance-oils","13":"product_cat-soap-making-supplies-fragrances","14":"product_cat-wax-melts-fragrances","15":"product_cat-beard-oil-fragrances","16":"product_cat-garden-fragrance-oils","17":"product_cat-halloween","18":"product_cat-fragrance-oils-love","19":"product_cat-new","20":"product_cat-fragrance-oils-new","21":"product_cat-fragrance-oils-sweet","22":"product_cat-fragrance-oils-wood","23":"product_tag-autumn","24":"product_tag-black-friday","25":"product_tag-fragrance-oil","26":"product_tag-halloween","27":"product_shipping_class-royal_mail","28":"pa_bottle-size-100ml","29":"pa_bottle-size-10kg","30":"pa_bottle-size-250ml","31":"pa_bottle-size-25kg","32":"pa_bottle-size-500ml","33":"pa_bottle-size-50ml","34":"pa_bottle-size-5kg","35":"pa_bottle-size-950ml","36":"pa_bottle-size-sample","38":"first","39":"instock","40":"taxable","41":"shipping-taxable","42":"purchasable","43":"product-type-variable"},"acf":[],"_links":{"self":[{"href":"https:\/\/cosyowl.com\/nl\/wp-json\/wp\/v2\/product\/74599","targetHints":{"allow":["GET"]}}],"collection":[{"href":"https:\/\/cosyowl.com\/nl\/wp-json\/wp\/v2\/product"}],"about":[{"href":"https:\/\/cosyowl.com\/nl\/wp-json\/wp\/v2\/types\/product"}],"replies":[{"embeddable":true,"href":"https:\/\/cosyowl.com\/nl\/wp-json\/wp\/v2\/comments?post=74599"}],"wp:featuredmedia":[{"embeddable":true,"href":"https:\/\/cosyowl.com\/nl\/wp-json\/wp\/v2\/media\/74542"}],"wp:attachment":[{"href":"https:\/\/cosyowl.com\/nl\/wp-json\/wp\/v2\/media?parent=74599"}],"wp:term":[{"taxonomy":"product_brand","embeddable":true,"href":"https:\/\/cosyowl.com\/nl\/wp-json\/wp\/v2\/product_brand?post=74599"},{"taxonomy":"product_cat","embeddable":true,"href":"https:\/\/cosyowl.com\/nl\/wp-json\/wp\/v2\/product_cat?post=74599"},{"taxonomy":"product_tag","embeddable":true,"href":"https:\/\/cosyowl.com\/nl\/wp-json\/wp\/v2\/product_tag?post=74599"}],"curies":[{"name":"wp","href":"https:\/\/api.w.org\/{rel}","templated":true}]}}