{"id":11437,"date":"2021-01-07T06:15:00","date_gmt":"2021-01-07T06:15:00","guid":{"rendered":"https:\/\/cosyowl.com\/product\/uncategorized\/import-placeholder-for-tcdl-ccar-bowl-njoj-544"},"modified":"2026-04-30T16:22:55","modified_gmt":"2026-04-30T15:22:55","slug":"geraffineerde-jojoba-draagolie","status":"publish","type":"product","link":"https:\/\/cosyowl.com\/nl\/craft-supplies\/body-care-supplies\/base-oils-and-butters-for-body-care\/refined-jojoba-carrier-oil","title":{"rendered":"Jojoba draagolie"},"content":{"rendered":"<p>Deze prachtige Geraffineerde Jojoba Draagolie is een <a href=\"https:\/\/cosyowl.com\/nl\/fragrance-oils\/strawberry-bon-bon\">heerlijk<\/a> drager voor uw <a href=\"https:\/\/cosyowl.com\/nl\/craft-supplies\/body-care-supplies\/fragrance-oils-for-body-care\/tea-tree-fragrance-oil\">essenti\u00eble olie<\/a>. Jojoba-olie wordt gewonnen uit de zaden van de jojoba-struik, die oorspronkelijk uit Noord-Amerika komt. Deze olie heeft veel ontstekingsremmende eigenschappen, waardoor je huid <a href=\"https:\/\/cosyowl.com\/nl\/guides\/scent-and-relaxation\">kalm<\/a> en comfortabel, terwijl het vitamine B-complex de huidbarri\u00e8re helpt beschermen en herstellen. Jojoba-olie bevat ook Gadole\u00efnezuur, dat ervoor zorgt dat de olie de pori\u00ebn van de huid niet verstopt en een vrije zuurstofstroom mogelijk maakt.<\/p>\n<p>Bewaar je jojoba-olie in een <a href=\"https:\/\/cosyowl.com\/nl\/candle-making-supplies\/glitters\/lake-blue-biodegradable\">cool<\/a>Droog op kamertemperatuur, of als je liever een koudere, stevigere olie hebt, bewaar deze dan in de koelkast.<\/p>\n<p>Houd er rekening mee dat deze koudgeperste olie niet geraffineerd is. Het is normaal dat bij koelere temperaturen de <a href=\"https:\/\/cosyowl.com\/nl\/candle-making-supplies\/fragrance-oils-for-candle-making\/all-fragrances\/honey-fragrance-oil\">natuurlijk<\/a> De wassen in de olie beginnen te stollen waardoor de olie er wazig uitziet en\/of wasachtige deeltjes vormt. Dit uiterlijk heeft geen invloed op de <a href=\"https:\/\/cosyowl.com\/nl\/candle-wicks\/wedo-lx-wick-raw\">kwaliteit<\/a> van de olie. Door de olie zachtjes te verwarmen tot kamertemperatuur smelt deze was waardoor de olie <a href=\"https:\/\/cosyowl.com\/nl\/candle-making-extras\/50mm-candle-safety-label-white-black-text\">duidelijk<\/a> en helder.<\/p>\n<p><strong>Soortelijk gewicht<\/strong> 20\/25\u00b0<br \/>\n<strong>Brekingsindex<\/strong> 20\/40\u00b0 1.450-1.470<\/p>\n<p><em>Let op: onze gouden jojoba-olie is alleen van cosmetische kwaliteit.\u00a0<\/em><\/p>","protected":false},"excerpt":{"rendered":"<p>This stunning Refined Jojoba Carrier Oil is a delightful carrier for your essential oil. Jojoba oil is extracted from the seeds of the Jojoba bush, native to North America. This oil has many anti-inflammatory properties, keeping your skin calm and comfortable while the Vitamin B complex helps to protect and repair the skin barrier. Jojoba [&hellip;]<\/p>\n","protected":false},"featured_media":53359,"comment_status":"open","ping_status":"closed","template":"","meta":{"_acf_changed":false},"product_brand":[],"product_cat":[646,579,577,547,752,717],"product_tag":[932],"class_list":{"0":"post-11437","1":"product","2":"type-product","3":"status-publish","4":"has-post-thumbnail","6":"product_cat-soap-making-supplies-base","7":"product_cat-body-care-base-oils-butters","8":"product_cat-hair-care-carrier-oils","9":"product_cat-beard-oil-carrier-oils","10":"product_cat-sale-containers","11":"product_cat-sale","12":"product_tag-carrier-oil","13":"pa_bottle-size-100ml","14":"pa_bottle-size-1litre","15":"pa_bottle-size-250ml","16":"pa_bottle-size-5litre","17":"pa_bottle-size-500ml","19":"first","20":"instock","21":"sale","22":"taxable","23":"shipping-taxable","24":"purchasable","25":"product-type-variable"},"acf":[],"_links":{"self":[{"href":"https:\/\/cosyowl.com\/nl\/wp-json\/wp\/v2\/product\/11437","targetHints":{"allow":["GET"]}}],"collection":[{"href":"https:\/\/cosyowl.com\/nl\/wp-json\/wp\/v2\/product"}],"about":[{"href":"https:\/\/cosyowl.com\/nl\/wp-json\/wp\/v2\/types\/product"}],"replies":[{"embeddable":true,"href":"https:\/\/cosyowl.com\/nl\/wp-json\/wp\/v2\/comments?post=11437"}],"wp:featuredmedia":[{"embeddable":true,"href":"https:\/\/cosyowl.com\/nl\/wp-json\/wp\/v2\/media\/53359"}],"wp:attachment":[{"href":"https:\/\/cosyowl.com\/nl\/wp-json\/wp\/v2\/media?parent=11437"}],"wp:term":[{"taxonomy":"product_brand","embeddable":true,"href":"https:\/\/cosyowl.com\/nl\/wp-json\/wp\/v2\/product_brand?post=11437"},{"taxonomy":"product_cat","embeddable":true,"href":"https:\/\/cosyowl.com\/nl\/wp-json\/wp\/v2\/product_cat?post=11437"},{"taxonomy":"product_tag","embeddable":true,"href":"https:\/\/cosyowl.com\/nl\/wp-json\/wp\/v2\/product_tag?post=11437"}],"curies":[{"name":"wp","href":"https:\/\/api.w.org\/{rel}","templated":true}]}}