{"id":11051,"date":"2021-10-01T06:10:00","date_gmt":"2021-10-01T05:10:00","guid":{"rendered":"https:\/\/cosyowl.com\/product\/uncategorized\/import-placeholder-for-tcdl-cfra-bowl-nbib-428"},"modified":"2026-05-01T13:08:25","modified_gmt":"2026-05-01T12:08:25","slug":"cosy-owl-premium-bibliotheque-geurolie","status":"publish","type":"product","link":"https:\/\/cosyowl.com\/nl\/fragrance-oils\/all-fragrances\/bibliotheque-fragrance-oil","title":{"rendered":"Cosy Owl Premium Bibliotheque Geurolie"},"content":{"rendered":"<p><strong>Let op - alle 5kg, 10kg en 25kg <a href=\"https:\/\/cosyowl.com\/nl\/guides\/2023-spring-fragrance-oil-trends\">Geur oli\u00ebn<\/a> worden op bestelling gemaakt en hebben een levertijd van maximaal 6 weken. Deze levertijd wordt niet weergegeven in de verzendopties die worden gepresenteerd op <a href=\"https:\/\/cosyowl.com\/nl\/checkout\">kassa<\/a>. Als uw <a href=\"https:\/\/cosyowl.com\/nl\/basket\">bestel<\/a> 5kg, 10kg of 25kg Geuroli\u00ebn omvat, bedraagt de levertijd voor de gehele bestelling maximaal 6 weken. 5kg, 10kg of 25kg op maat gemaakte geuroli\u00ebn worden ook niet gerestitueerd.<\/strong><\/p>\n<p>Gemaakt met <a href=\"https:\/\/cosyowl.com\/nl\/candle-making-supplies\/fragrance-oils-for-candle-making\/all-fragrances\/honey-fragrance-oil\">natuurlijk<\/a> ingredi\u00ebnten en essenti\u00eble oli\u00ebn*.<\/p>\n<p>Hoewel al onze geuren bij Cozy Owl <a href=\"https:\/\/cosyowl.com\/nl\/candle-making-supplies\/fragrance-oils-for-candle-making\/all-fragrances\/alien-type-fragrance-oil\">uniek<\/a>Veel geuren zijn ontworpen om ergens naar te ruiken. Met onze nieuwe Premium geur Biblioteque bieden we een geur aan die net is uitgebracht. Deze rijke, iets mannelijkere geur roept het gevoel op van een oude bibliotheek met ingebonden boeken, oude pagina's en krakende vloeren. Die ietwat muffe, wazige en romantische bibliotheek van vroeger. Het is zo'n diepe geur met veel midden- en basisnoten die het zo vol, rond en complex maken dat het echt 'voelt'.<\/p>\n<p>Als een van de <a href=\"https:\/\/cosyowl.com\/nl\/guides\/new-cosy-owl-premium-candle-fragrances\">Knusse Uil Premium<\/a> geuren, zijn we ervan overtuigd dat het met kop en schouders uitsteekt boven alles wat momenteel verkrijgbaar is in de <a href=\"https:\/\/cosyowl.com\/nl\/guides\/how-to-make-a-candle\">kaarsen maken<\/a> de huidige markt.  We hebben maandenlang samengewerkt met experts uit de industrie om een nieuwe reeks geuren te ontwikkelen met meer kracht, diepte, rondheid en geur.  We hebben de hoogste <a href=\"https:\/\/cosyowl.com\/nl\/candle-wicks\/wedo-lx-wick-raw\">kwaliteit<\/a> en duurste ingredi\u00ebnten, complexere mengsels van ingredi\u00ebnten en een veel geconcentreerdere mix, wat allemaal betekent dat dit veel sterkere en meer afgeronde geuren zullen zijn.<\/p>\n<p>Het beste is echter dat, hoewel ze duurder zijn in aanschaf, ze je geld kunnen besparen in vergelijking met standaardgeuren, omdat je minder hoeft te gebruiken voor dezelfde sterkte - wat ook betekent dat de eindproducten van betere kwaliteit zijn.<\/p>\n<p>Ontdek onze luxe selectie dupes van luxe parfums - klik op de link om meer te ontdekken en je perfecte geur te vinden.\u00a0<a href=\"https:\/\/cosyowl.com\/nl\/gidsen\/onze-geur-dupes-luxueuze-geuren-zonder-de-luxeprijs\/?wmc-currency=EUR\">Geurolie Dupe Lijst<\/a><\/p>\n<p>Alle geuroli\u00ebn hebben een zogenaamd vlampunt - de temperatuur waarbij de olie begint te verbranden en de geur vrijkomt.<\/p>\n<p>De <strong>vlampunt voor Bibliotheque is 93\u00b0C<\/strong>Voor meer informatie over Flash Points volg deze link <a href=\"https:\/\/cosyowl.com\/nl\/gidsen\/hoe-gebruik-je-geurolien\/?wmc-currency=EUR\">https:\/\/www.cosyowl.com\/guides\/how-to-use-fragrance-oils\/<\/a><\/p>\n<p>Voor meer informatie over onze nieuwe <a href=\"https:\/\/cosyowl.com\/nl\/\">Gezellige Uil<\/a> Premium Range, hoe en waarom dit superieure geuren zijn en wat de voordelen zijn van het gebruik ervan, <a href=\"https:\/\/cosyowl.com\/nl\/gidsen\/nieuwe-cosy-owl-premium-kaarsgeuren\/?wmc-currency=EUR\" target=\"_blank\" rel=\"noopener\">zie ons artikel<\/a>.<\/p>\n<p>Raadpleeg voor aankoop ook onze CLP-informatie over het gebruik van geurolie in kaarsen. Deze informatie heeft betrekking op de chemische samenstelling van de olie samen met waarschuwende details met betrekking tot mogelijke allergische reacties.<\/p>\n<p><strong> We raden alle klanten aan om geuren te testen met onze 10ml Testerflessen voordat ze grotere maten of hoeveelheden bestellen, in het onwaarschijnlijke geval dat je ontevreden bent over een <a href=\"https:\/\/cosyowl.com\/nl\/candle-making-supplies\/fragrance-oils-for-candle-making\/premium-fragrance-oils\/cosy-owl-premium-1-million-type-fragrance-oil\">Geur olie<\/a>. Zie onze <a href=\"\/index.php?main_page=shippinginfo\">Levering &amp; retourneren<\/a> pagina voor volledige <a href=\"https:\/\/cosyowl.com\/nl\/privacy\">voorwaarden<\/a> en voorwaarden.<\/strong><\/p>\n<p>*Deze geur bevat natuurlijke elementen (<a href=\"https:\/\/cosyowl.com\/nl\/guides\/essential-oil-benefits\">essenti\u00eble oli\u00ebn<\/a>extracten, harsen, isolaten), maar is niet volledig natuurlijk. Onze geuroli\u00ebn zijn ontworpen om zo eenvoudig mogelijk te zijn, <a href=\"https:\/\/cosyowl.com\/nl\/candle-making-supplies\/glitters\/pure-white-biodegradable\">schoon<\/a> Zo natuurlijk mogelijk en met de beste geur en de beste reeks geurnoten. Samenstellingen die niet rechtstreeks uit de natuur afkomstig zijn, zijn ofwel chemisch identiek aan natuurlijk gevonden samenstellingen, kunstmatig gecre\u00eberd of licht aangepast, meestal om een iets sterkere geur te geven. Soms worden geurstoffen die niet in de natuur voorkomen gebruikt om de kenmerkende geur te geven die nodig is voor sommige meer kunstmatige geuren. Dit geldt voor alle geuroli\u00ebn die tegenwoordig op de markt zijn.<\/p>\n<p>Geuroli\u00ebn hebben meestal een houdbaarheidsdatum van een jaar vanaf de productiedatum, maar veel geuroli\u00ebn kunnen maanden of zelfs jaren langer meegaan als ze op de juiste manier worden bewaard. Testen (we bieden deze service niet aan) kunnen worden uitgevoerd op geuroli\u00ebn om te bepalen of ze geschikt zijn na de houdbaarheidsdatum.<\/p>","protected":false},"excerpt":{"rendered":"<p>Please note &#8211; all 5kg, 10kg and 25kg Fragrance Oils are bespoke made-to-order items and have an up to 6-week delivery lead time which isn\u2019t reflected in the shipping options presented at checkout. If your order includes any 5kg, 10kg or 25kg Fragrance Oils, lead time for the entirety of the order will be up [&hellip;]<\/p>\n","protected":false},"featured_media":11849,"comment_status":"open","ping_status":"closed","template":"","meta":{"_acf_changed":false},"product_brand":[],"product_cat":[536,759,520,505,504,636,586,509,512,511,506,521],"product_tag":[909,908],"class_list":{"0":"post-11051","1":"product","2":"type-product","3":"status-publish","4":"has-post-thumbnail","6":"product_cat-fragrance-oils-premium-fragrances","7":"product_cat-best-of-british-fragrance-oils","8":"product_cat-fragrance-oils-calm","9":"product_cat-fragrance-oils-designer","10":"product_cat-fragrance-oils-all-fragrances","11":"product_cat-body-care-fragrance-oils","12":"product_cat-hair-care-fragrance-oils","13":"product_cat-soap-making-supplies-fragrances","14":"product_cat-wax-melts-fragrances","15":"product_cat-beard-oil-fragrances","16":"product_cat-fragrance-oils-masculine-fragrances","17":"product_cat-fragrance-oils-wood","18":"product_tag-black-friday","19":"product_tag-fragrance-oil","20":"pa_bottle-size-100ml","21":"pa_bottle-size-10kg","22":"pa_bottle-size-250ml","23":"pa_bottle-size-25kg","24":"pa_bottle-size-500ml","25":"pa_bottle-size-50ml","26":"pa_bottle-size-5kg","27":"pa_bottle-size-950ml","28":"pa_bottle-size-sample","30":"first","31":"instock","32":"featured","33":"taxable","34":"shipping-taxable","35":"purchasable","36":"product-type-variable"},"acf":[],"_links":{"self":[{"href":"https:\/\/cosyowl.com\/nl\/wp-json\/wp\/v2\/product\/11051","targetHints":{"allow":["GET"]}}],"collection":[{"href":"https:\/\/cosyowl.com\/nl\/wp-json\/wp\/v2\/product"}],"about":[{"href":"https:\/\/cosyowl.com\/nl\/wp-json\/wp\/v2\/types\/product"}],"replies":[{"embeddable":true,"href":"https:\/\/cosyowl.com\/nl\/wp-json\/wp\/v2\/comments?post=11051"}],"wp:featuredmedia":[{"embeddable":true,"href":"https:\/\/cosyowl.com\/nl\/wp-json\/wp\/v2\/media\/11849"}],"wp:attachment":[{"href":"https:\/\/cosyowl.com\/nl\/wp-json\/wp\/v2\/media?parent=11051"}],"wp:term":[{"taxonomy":"product_brand","embeddable":true,"href":"https:\/\/cosyowl.com\/nl\/wp-json\/wp\/v2\/product_brand?post=11051"},{"taxonomy":"product_cat","embeddable":true,"href":"https:\/\/cosyowl.com\/nl\/wp-json\/wp\/v2\/product_cat?post=11051"},{"taxonomy":"product_tag","embeddable":true,"href":"https:\/\/cosyowl.com\/nl\/wp-json\/wp\/v2\/product_tag?post=11051"}],"curies":[{"name":"wp","href":"https:\/\/api.w.org\/{rel}","templated":true}]}}