{"id":11024,"date":"2021-10-01T06:10:00","date_gmt":"2021-10-01T05:10:00","guid":{"rendered":"https:\/\/cosyowl.com\/product\/uncategorized\/import-placeholder-for-tcdl-cfra-bowl-nttf-426"},"modified":"2026-05-01T13:08:31","modified_gmt":"2026-05-01T12:08:31","slug":"cosy-owl-premium-tonka-tabaksbloem-geurolie","status":"publish","type":"product","link":"https:\/\/cosyowl.com\/nl\/candle-making-supplies\/fragrance-oils-for-candle-making\/premium-fragrance-oils\/cosy-owl-premium-tonka-tobacco-flower-fragrance-oil","title":{"rendered":"Cosy Owl Premium Tonka &amp; Tabaksbloem Geurolie"},"content":{"rendered":"<p><strong>Let op - alle 5kg, 10kg en 25kg <a href=\"https:\/\/cosyowl.com\/nl\/guides\/2023-spring-fragrance-oil-trends\">Geur oli\u00ebn<\/a> worden op bestelling gemaakt en hebben een levertijd van maximaal 6 weken. Deze levertijd wordt niet weergegeven in de verzendopties die worden gepresenteerd op <a href=\"https:\/\/cosyowl.com\/nl\/checkout\">kassa<\/a>. Als uw <a href=\"https:\/\/cosyowl.com\/nl\/basket\">bestel<\/a> 5kg, 10kg of 25kg Geuroli\u00ebn omvat, bedraagt de levertijd voor de gehele bestelling maximaal 6 weken. 5kg, 10kg of 25kg op maat gemaakte geuroli\u00ebn worden ook niet gerestitueerd.<\/strong><\/p>\n<p>Gemaakt met natuurlijke ingredi\u00ebnten en essenti\u00eble oli\u00ebn*.<\/p>\n<p>Deze <a href=\"https:\/\/cosyowl.com\/nl\/craft-kits\/candle-making-kits\/soy-wax-mulled-wine-christmas-candle-making-kit\">warm<\/a>, zoete, bijna vanille-achtige tonkaboongeur heeft een ondertoon van tabak, wat het tot een meer mannelijk parfum maakt. Een weelderige, rijke en <a href=\"https:\/\/cosyowl.com\/nl\/candle-making-kits\/soy-wax-christmas-spice-candle-making-kit\">pittig<\/a> Geur met zoete topnoten van vanille en cinamon die mooi samengaan met middennoten van cinamon, amandel en kruidnagel en een subtiele onderbouwing van tobaco.<\/p>\n<p>Als een van de <a href=\"https:\/\/cosyowl.com\/nl\/guides\/new-cosy-owl-premium-candle-fragrances\">Knusse Uil Premium<\/a> geuren, zijn we ervan overtuigd dat het met kop en schouders uitsteekt boven alles wat momenteel verkrijgbaar is in de <a href=\"https:\/\/cosyowl.com\/nl\/guides\/how-to-make-a-candle\">kaarsen maken<\/a> De aanbodmarkt momenteel. We hebben maandenlang samengewerkt met experts uit de sector om een nieuw assortiment geuren te ontwikkelen met meer kracht, diepte, rondheid en geurspreiding. We hebben ingredi\u00ebnten van de hoogste kwaliteit en de duurste gebruikt, complexere mengsels van ingredi\u00ebnten en een veel hogere concentratie, waardoor al deze geuren veel sterker en evenwichtiger zullen zijn.<\/p>\n<p>Het beste is echter dat, hoewel ze duurder zijn in aanschaf, ze je geld kunnen besparen in vergelijking met standaardgeuren, omdat je minder hoeft te gebruiken voor dezelfde sterkte - wat ook betekent dat de eindproducten van betere kwaliteit zijn.<\/p>\n<p>Alle geuroli\u00ebn hebben een zogenaamd vlampunt - de temperatuur waarbij de olie begint te verbranden en de geur vrijkomt.<\/p>\n<p>De <strong>Het vlampunt voor tonijn en tabak is 93,33\u00b0C.<\/strong>Voor meer informatie over Flash Points volg deze link <a href=\"https:\/\/cosyowl.com\/nl\/gidsen\/hoe-gebruik-je-geurolien\/?wmc-currency=EUR\">https:\/\/www.cosyowl.com\/guides\/how-to-use-fragrance-oils\/<\/a><\/p>\n<p>Voor meer informatie over onze nieuwe <a href=\"https:\/\/cosyowl.com\/nl\/\">Gezellige Uil<\/a> Premium Range, hoe en waarom dit superieure geuren zijn en wat de voordelen zijn van het gebruik ervan, <a href=\"https:\/\/cosyowl.com\/nl\/gidsen\/nieuwe-cosy-owl-premium-kaarsgeuren\/?wmc-currency=EUR\" target=\"_blank\" rel=\"noopener\">zie ons artikel<\/a>.<\/p>\n<p>Raadpleeg voor aankoop ook onze CLP-informatie over het gebruik van geurolie in kaarsen. Deze informatie heeft betrekking op de chemische samenstelling van de olie samen met waarschuwende details met betrekking tot mogelijke allergische reacties.<\/p>\n<p><strong> We raden alle klanten aan om geuren te testen met onze 10ml Testerflessen voordat ze grotere maten of hoeveelheden bestellen, in het onwaarschijnlijke geval dat je ontevreden bent over een <a href=\"https:\/\/cosyowl.com\/nl\/candle-making-supplies\/fragrance-oils-for-candle-making\/premium-fragrance-oils\/cosy-owl-premium-1-million-type-fragrance-oil\">Geur olie<\/a>. Zie onze <a href=\"\/index.php?main_page=shippinginfo\">Levering &amp; retourneren<\/a> pagina voor volledige <a href=\"https:\/\/cosyowl.com\/nl\/privacy\">voorwaarden<\/a> en voorwaarden.<\/strong><\/p>\n<p>*Deze geur bevat natuurlijke elementen (<a href=\"https:\/\/cosyowl.com\/nl\/guides\/essential-oil-benefits\">essenti\u00eble oli\u00ebn<\/a>extracten, harsen, isolaten), maar is niet volledig natuurlijk. Onze geuroli\u00ebn zijn ontworpen om zo eenvoudig mogelijk te zijn, <a href=\"https:\/\/cosyowl.com\/nl\/candle-making-supplies\/glitters\/pure-white-biodegradable\">schoon<\/a> Zo natuurlijk mogelijk en met de beste geur en de beste reeks geurnoten. Samenstellingen die niet rechtstreeks uit de natuur afkomstig zijn, zijn ofwel chemisch identiek aan natuurlijk gevonden samenstellingen, kunstmatig gecre\u00eberd of licht aangepast, meestal om een iets sterkere geur te geven. Soms worden geurstoffen die niet in de natuur voorkomen gebruikt om de kenmerkende geur te geven die nodig is voor sommige meer kunstmatige geuren. Dit geldt voor alle geuroli\u00ebn die tegenwoordig op de markt zijn.<\/p>\n<p>Geuroli\u00ebn hebben meestal een houdbaarheidsdatum van een jaar vanaf de productiedatum, maar veel geuroli\u00ebn kunnen maanden of zelfs jaren langer meegaan als ze op de juiste manier worden bewaard. Testen (we bieden deze service niet aan) kunnen worden uitgevoerd op geuroli\u00ebn om te bepalen of ze geschikt zijn na de houdbaarheidsdatum.<\/p>","protected":false},"excerpt":{"rendered":"<p>Please note &#8211; all 5kg, 10kg and 25kg Fragrance Oils are bespoke made-to-order items and have an up to 6-week delivery lead time which isn\u2019t reflected in the shipping options presented at checkout. If your order includes any 5kg, 10kg or 25kg Fragrance Oils, lead time for the entirety of the order will be up [&hellip;]<\/p>\n","protected":false},"featured_media":11847,"comment_status":"open","ping_status":"closed","template":"","meta":{"_acf_changed":false},"product_brand":[],"product_cat":[536,523,504,636,586,509,512,511,730,762,506],"product_tag":[909,908],"class_list":{"0":"post-11024","1":"product","2":"type-product","3":"status-publish","4":"has-post-thumbnail","6":"product_cat-fragrance-oils-premium-fragrances","7":"product_cat-fragrance-oils-floral","8":"product_cat-fragrance-oils-all-fragrances","9":"product_cat-body-care-fragrance-oils","10":"product_cat-hair-care-fragrance-oils","11":"product_cat-soap-making-supplies-fragrances","12":"product_cat-wax-melts-fragrances","13":"product_cat-beard-oil-fragrances","14":"product_cat-fragrances-for-reed-diffusers","15":"product_cat-garden-fragrance-oils","16":"product_cat-fragrance-oils-masculine-fragrances","17":"product_tag-black-friday","18":"product_tag-fragrance-oil","19":"pa_bottle-size-100ml","20":"pa_bottle-size-10kg","21":"pa_bottle-size-250ml","22":"pa_bottle-size-25kg","23":"pa_bottle-size-500ml","24":"pa_bottle-size-50ml","25":"pa_bottle-size-5kg","26":"pa_bottle-size-950ml","27":"pa_bottle-size-sample","29":"first","30":"instock","31":"featured","32":"taxable","33":"shipping-taxable","34":"purchasable","35":"product-type-variable"},"acf":[],"_links":{"self":[{"href":"https:\/\/cosyowl.com\/nl\/wp-json\/wp\/v2\/product\/11024","targetHints":{"allow":["GET"]}}],"collection":[{"href":"https:\/\/cosyowl.com\/nl\/wp-json\/wp\/v2\/product"}],"about":[{"href":"https:\/\/cosyowl.com\/nl\/wp-json\/wp\/v2\/types\/product"}],"replies":[{"embeddable":true,"href":"https:\/\/cosyowl.com\/nl\/wp-json\/wp\/v2\/comments?post=11024"}],"wp:featuredmedia":[{"embeddable":true,"href":"https:\/\/cosyowl.com\/nl\/wp-json\/wp\/v2\/media\/11847"}],"wp:attachment":[{"href":"https:\/\/cosyowl.com\/nl\/wp-json\/wp\/v2\/media?parent=11024"}],"wp:term":[{"taxonomy":"product_brand","embeddable":true,"href":"https:\/\/cosyowl.com\/nl\/wp-json\/wp\/v2\/product_brand?post=11024"},{"taxonomy":"product_cat","embeddable":true,"href":"https:\/\/cosyowl.com\/nl\/wp-json\/wp\/v2\/product_cat?post=11024"},{"taxonomy":"product_tag","embeddable":true,"href":"https:\/\/cosyowl.com\/nl\/wp-json\/wp\/v2\/product_tag?post=11024"}],"curies":[{"name":"wp","href":"https:\/\/api.w.org\/{rel}","templated":true}]}}