{"id":10731,"date":"2021-10-01T06:08:00","date_gmt":"2021-10-01T05:08:00","guid":{"rendered":"https:\/\/cosyowl.com\/product\/uncategorized\/import-placeholder-for-tcdl-cfra-bowl-ncap-358"},"modified":"2026-04-30T16:22:57","modified_gmt":"2026-04-30T15:22:57","slug":"cappuccino-geurolie","status":"publish","type":"product","link":"https:\/\/cosyowl.com\/nl\/candle-making-supplies\/fragrance-oils-for-candle-making\/all-fragrances\/cappuccino-fragrance-oil","title":{"rendered":"Cappuccino Geurolie"},"content":{"rendered":"<p><strong>Let op - De 10kg en 25kg <a href=\"https:\/\/cosyowl.com\/nl\/guides\/2023-spring-fragrance-oil-trends\">geuroli\u00ebn<\/a> hebben een geschatte levertijd van 2-3 weken.<\/strong><\/p>\n<p>Gemaakt met <a href=\"https:\/\/cosyowl.com\/nl\/candle-making-supplies\/fragrance-oils-for-candle-making\/all-fragrances\/honey-fragrance-oil\">natuurlijk<\/a> ingredi\u00ebnten en essenti\u00eble oli\u00ebn*.<\/p>\n<p>Onze <strong>Cappuccino Type <a href=\"https:\/\/cosyowl.com\/nl\/candle-making-supplies\/fragrance-oils-for-candle-making\/premium-fragrance-oils\/cosy-owl-premium-1-million-type-fragrance-oil\">Geur olie<\/a><\/strong> is speciaal samengesteld om je kamer te overspoelen met de gecombineerde heerlijke geur van koffie vermengd met vele complementaire smaken, waardoor een sterke en prominente geur vrijkomt die geassocieerd wordt met de<strong> koffieboon, <a href=\"https:\/\/cosyowl.com\/nl\/fragrance-oils\/coconut\">kokosnoot<\/a> en witte perzik<\/strong>. Dit eerste aroma is het meest uitgesproken als je <a href=\"https:\/\/cosyowl.com\/nl\/guides\/a-summers-beach-gel-votive-candle\">kaars<\/a> begint te branden en vult je kamer met een geur die vervolgens wordt versterkt door lichte ondertonen van <strong>melknoten, tonka en gestrooide kaneel<\/strong>. In de formulering van deze karakteristieke geur zit een heerlijke nasmaak van<strong> vanilleboon, muskus en <a href=\"https:\/\/cosyowl.com\/nl\/candle-making-supplies\/fragrance-oils-for-candle-making\/all-fragrances\/french-vanilla-fragrance-oil\">romig<\/a> amber<\/strong>.<\/p>\n<p>Al onze geuroli\u00ebn zijn exclusief voor <a href=\"https:\/\/cosyowl.com\/nl\/\">Gezellige Uil<\/a> en zijn ontwikkeld door onze experts voor een superieure geur in een kaars en zijn geoptimaliseerd voor gebruik met onze was. Onze oli\u00ebn zijn 100% geconcentreerd en zijn volledig compatibel voor gebruik met al onze wassen.<\/p>\n<p><strong>Hoeveel geur moet ik toevoegen?<\/strong><\/p>\n<p>Al onze geuren zijn <a href=\"https:\/\/cosyowl.com\/nl\/candle-wicks\/wedo-lx-wick-raw\">kwaliteit<\/a> en speciaal ontworpen voor een uitstekende geurverspreiding, wat betekent dat over het algemeen minder meer is. Hoeveel je moet toevoegen is enigszins complex en we hebben een <a href=\"https:\/\/cosyowl.com\/nl\/guides\/a-guide-to-creating-your-own-soap-products\">gids<\/a> om je hier meer details over te geven. Over het algemeen is het een goed idee om te beginnen met 5-8% en tot 10% voor minder sterke geuren geeft je meer dan genoeg geur. Het is altijd het beste om te experimenteren met elke geur en wax combinatie en laag te beginnen en op te werken. Zolang je de handleiding volgt en het vlampunt in acht neemt, krijg je met een beetje oefening prachtig geurende kaarsen. Over het algemeen moet je nooit meer dan 12% geur toevoegen, omdat de kaars dan letterlijk begint te zweten of uit te lekken.<\/p>\n<p>Alle geuroli\u00ebn hebben een zogenaamd vlampunt - de temperatuur waarbij de olie begint te verbranden en de geur vrijkomt.<\/p>\n<p>De <strong>vlampunt voor cappuccino is 93,33\u00b0C<\/strong>Voor meer informatie over Flash Points volg deze link <a href=\"https:\/\/cosyowl.com\/nl\/gidsen\/hoe-gebruik-je-geurolien\/?wmc-currency=EUR\">https:\/\/www.cosyowl.com\/guides\/how-to-use-fragrance-oils\/<\/a><\/p>\n<p><strong>Het gebruik van deze geur in een <a href=\"https:\/\/cosyowl.com\/nl\/guides\/making-a-reed-diffuser\">rietrooster<\/a>?<\/strong><\/p>\n<p>Al onze geuren zijn ontworpen om te werken in <a href=\"https:\/\/cosyowl.com\/nl\/guides\/a-beginners-guide-to-making-reed-diffusers\">rietverspreiders<\/a> wanneer gemengd met een <a href=\"\/nl\/rietverspreiders\/reed-diffusol-base-oil\/?wmc-currency=EUR\">basisolie voor diffusors hier verkrijgbaar<\/a>. Gebruik maximaal 25% geurstof gemengd met de basisolie, afhankelijk van de sterkte van de gewenste geur.<\/p>\n<p><strong>Gebruik je deze geur in een zeep?<\/strong><\/p>\n<p>Al onze geuren zijn ook speciaal geformuleerd voor gebruik in vaste zepen. Zie het veiligheidsinformatieblad voor informatie over de maximale % van elke geur die kan worden gebruikt in <a href=\"https:\/\/cosyowl.com\/nl\/guides\/a-beginners-guide-to-soap-making\">zeep maken<\/a> toepassingen.<\/p>\n<p>Raadpleeg voor aankoop ook onze CLP-informatie over het gebruik van geurolie in kaarsen. Deze informatie heeft betrekking op de chemische samenstelling van de olie samen met waarschuwende details met betrekking tot mogelijke allergische reacties.<\/p>\n<p><strong>Wreedheidvrij<\/strong><\/p>\n<p>De ethische herkomst van producten is van het grootste belang voor ons en we zijn er trots op te kunnen zeggen dat alle Geuroli\u00ebn geleverd door Cosy Owl, en hun <a href=\"https:\/\/cosyowl.com\/nl\/candle-wicks\/tcr-series-wick-raw\">ruw<\/a> materialen, zijn vrij van wreedheid en worden absoluut niet getest op dieren of mensen. We begrijpen echter dat er enige verwarring kan bestaan over de veiligheid van het product. <a href=\"https:\/\/cosyowl.com\/nl\/data-sheets\">Gegevensbladen<\/a> (SDS) bevatten toxiciteitswaarden voor ratten en konijnen. Dit specifieke gedeelte verwijst naar de LD50 (toxiciteit) van bepaalde ingredi\u00ebnten die vereist zijn voor andere industrie\u00ebn (zoals voor gebruik in voedsel) en het is verplicht dat we deze opnemen waar ze bestaan. Alle gegevens over dierproeven zijn gebaseerd op testen die niet zijn uitgevoerd of gesanctioneerd door ons of onze leveranciers. In sommige gevallen zijn deze testen verplicht gesteld door een overheidsinstantie of zijn ze tientallen jaren geleden uitgevoerd en zijn er categorisch geen testen uitgevoerd voor het gebruik van deze ingredi\u00ebnten in producten die wij leveren.<\/p>\n<p><strong> We raden alle klanten aan om geuren te testen met onze 10ml Testerflessen voordat je grotere maten of hoeveelheden bestelt, in het onwaarschijnlijke geval dat je ontevreden bent over een geurolie. Zie onze <a href=\"\/nl\/verzendinfo\/?wmc-currency=EUR\" target=\"_blank\" rel=\"noopener\">Levering &amp; retourneren<\/a> pagina voor volledige <a href=\"https:\/\/cosyowl.com\/nl\/privacy\">voorwaarden<\/a> en voorwaarden.<\/strong><\/p>\n<p>*Deze geur bevat natuurlijke elementen (<a href=\"https:\/\/cosyowl.com\/nl\/guides\/essential-oil-benefits\">essenti\u00eble oli\u00ebn<\/a>extracten, harsen, isolaten), maar is niet volledig natuurlijk. Onze geuroli\u00ebn zijn ontworpen om zo eenvoudig mogelijk te zijn, <a href=\"https:\/\/cosyowl.com\/nl\/candle-making-supplies\/glitters\/pure-white-biodegradable\">schoon<\/a> Zo natuurlijk mogelijk en met de beste geur en de beste reeks geurnoten. Samenstellingen die niet rechtstreeks uit de natuur afkomstig zijn, zijn ofwel chemisch identiek aan natuurlijk gevonden samenstellingen, kunstmatig gecre\u00eberd of licht aangepast, meestal om een iets sterkere geur te geven. Soms worden geurstoffen die niet in de natuur voorkomen gebruikt om de kenmerkende geur te geven die nodig is voor sommige meer kunstmatige geuren. Dit geldt voor alle geuroli\u00ebn die tegenwoordig op de markt zijn.<\/p>\n<p>Geuroli\u00ebn hebben meestal een houdbaarheidsdatum van een jaar vanaf de productiedatum, maar veel geuroli\u00ebn kunnen maanden of zelfs jaren langer meegaan als ze op de juiste manier worden bewaard. Testen (we bieden deze service niet aan) kunnen worden uitgevoerd op geuroli\u00ebn om te bepalen of ze geschikt zijn na de houdbaarheidsdatum.<\/p>\n<p>De huidige IFRA-documenten (IFRA versie 48) zijn relevant en van toepassing op al onze parfums tot februari 2022, wanneer de nieuwe classificaties van kracht worden voor bestaande producten, d.w.z. parfums die al op de markt zijn. Alle nieuwe geuren vallen al onder de IFRA 49 classificaties. In de komende weken, wanneer we de relevante informatie ontvangen, zullen we onze website updaten en de nodige wijzigingen aanbrengen.<\/p>","protected":false},"excerpt":{"rendered":"<p>Please note \u2013 The 10kg and 25kg fragrance oils have an estimated lead time of 2-3 weeks for delivery. Made with natural ingredients and essential oils*. Our Cappuccino Type Fragrance Oil has been specially formulated to release and flood your room with the combined indulgent scent of coffee mixed with many complimentary flavours, providing a [&hellip;]<\/p>\n","protected":false},"featured_media":11836,"comment_status":"open","ping_status":"closed","template":"","meta":{"_acf_changed":false},"product_brand":[],"product_cat":[517,504,516,526],"product_tag":[908],"class_list":{"0":"post-10731","1":"product","2":"type-product","3":"status-publish","4":"has-post-thumbnail","6":"product_cat-fragrance-oils-cravings","7":"product_cat-fragrance-oils-all-fragrances","8":"product_cat-fragrance-oils-sweet","9":"product_cat-fragrance-oils-vanilla","10":"product_tag-fragrance-oil","12":"first","13":"instock","14":"taxable","15":"shipping-taxable","16":"purchasable","17":"product-type-variable"},"acf":[],"_links":{"self":[{"href":"https:\/\/cosyowl.com\/nl\/wp-json\/wp\/v2\/product\/10731","targetHints":{"allow":["GET"]}}],"collection":[{"href":"https:\/\/cosyowl.com\/nl\/wp-json\/wp\/v2\/product"}],"about":[{"href":"https:\/\/cosyowl.com\/nl\/wp-json\/wp\/v2\/types\/product"}],"replies":[{"embeddable":true,"href":"https:\/\/cosyowl.com\/nl\/wp-json\/wp\/v2\/comments?post=10731"}],"wp:featuredmedia":[{"embeddable":true,"href":"https:\/\/cosyowl.com\/nl\/wp-json\/wp\/v2\/media\/11836"}],"wp:attachment":[{"href":"https:\/\/cosyowl.com\/nl\/wp-json\/wp\/v2\/media?parent=10731"}],"wp:term":[{"taxonomy":"product_brand","embeddable":true,"href":"https:\/\/cosyowl.com\/nl\/wp-json\/wp\/v2\/product_brand?post=10731"},{"taxonomy":"product_cat","embeddable":true,"href":"https:\/\/cosyowl.com\/nl\/wp-json\/wp\/v2\/product_cat?post=10731"},{"taxonomy":"product_tag","embeddable":true,"href":"https:\/\/cosyowl.com\/nl\/wp-json\/wp\/v2\/product_tag?post=10731"}],"curies":[{"name":"wp","href":"https:\/\/api.w.org\/{rel}","templated":true}]}}