{"id":10670,"date":"2021-10-01T06:07:00","date_gmt":"2021-10-01T05:07:00","guid":{"rendered":"https:\/\/cosyowl.com\/product\/uncategorized\/import-placeholder-for-tcdl-cfra-bowl-nmpa-349"},"modified":"2026-04-30T16:22:59","modified_gmt":"2026-04-30T15:22:59","slug":"mango-passievrucht-geurolie","status":"publish","type":"product","link":"https:\/\/cosyowl.com\/nl\/fragrance-oils\/mango-amp-passionfruit","title":{"rendered":"Mango &amp; Passievrucht Geurolie"},"content":{"rendered":"<p><strong>Let op - De 10kg en 25kg <a href=\"https:\/\/cosyowl.com\/nl\/guides\/2023-spring-fragrance-oil-trends\">geuroli\u00ebn<\/a> hebben een geschatte levertijd van 2-3 weken.<\/strong><\/p>\n<p>Gemaakt met <a href=\"https:\/\/cosyowl.com\/nl\/candle-making-supplies\/fragrance-oils-for-candle-making\/all-fragrances\/honey-fragrance-oil\">natuurlijk<\/a> ingredi\u00ebnten en essenti\u00eble oli\u00ebn*.<\/p>\n<p>Onze <strong>Mango &amp; Passievrucht Type <a href=\"https:\/\/cosyowl.com\/nl\/candle-making-supplies\/fragrance-oils-for-candle-making\/premium-fragrance-oils\/cosy-owl-premium-1-million-type-fragrance-oil\">Geur olie<\/a><\/strong> is speciaal samengesteld om de heerlijke geur van deze <a href=\"https:\/\/cosyowl.com\/nl\/candle-making-supplies\/fragrance-oils-for-candle-making\/all-fragrances\/black-coconut-fragrance-oil\">tropisch<\/a> fruitige combinatie en geeft aanvankelijk een sterke en prominente geur die geassocieerd wordt met<strong> zoete sappige mango en <a href=\"https:\/\/cosyowl.com\/nl\/candle-making-supplies\/glitters\/lake-blue-biodegradable\">cool<\/a> weelderige papaja<\/strong>. Dit aroma is het meest uitgesproken als je <a href=\"https:\/\/cosyowl.com\/nl\/guides\/a-summers-beach-gel-votive-candle\">kaars<\/a> begint te branden en vult je kamer met een geur die vervolgens wordt versterkt door lichte ondertonen van <strong><a href=\"https:\/\/cosyowl.com\/nl\/candle-making-supplies\/essential-oils\/eucalyptus-globulus-essential-oil\">vers<\/a> passievrucht, zoete meloen en perzik<\/strong>. In de formulering van deze karakteristieke geur zit een heerlijke nasmaak van <strong>musk<\/strong>.<\/p>\n<p>Al onze geuroli\u00ebn zijn exclusief voor <a href=\"https:\/\/cosyowl.com\/nl\/\">Gezellige Uil<\/a> en zijn ontwikkeld door onze experts voor een superieure geur in een kaars en zijn geoptimaliseerd voor gebruik met onze was. Onze oli\u00ebn zijn 100% geconcentreerd en zijn volledig compatibel voor gebruik met al onze wassen.<\/p>\n<p>Al onze geuren zijn <a href=\"https:\/\/cosyowl.com\/nl\/candle-wicks\/wedo-lx-wick-raw\">kwaliteit<\/a> en speciaal ontworpen voor een uitstekende geurverspreiding, wat betekent dat over het algemeen minder meer is. Hoeveel je moet toevoegen is enigszins complex en we hebben een <a href=\"https:\/\/cosyowl.com\/nl\/guides\/a-guide-to-creating-your-own-soap-products\">gids<\/a> om je hier meer details over te geven. Over het algemeen is het een goed idee om te beginnen met 5-8% en tot 10% voor minder sterke geuren geeft je meer dan genoeg geur. Het is altijd het beste om te experimenteren met elke geur en wax combinatie en laag te beginnen en op te werken. Zolang je de handleiding volgt en het vlampunt in acht neemt, krijg je met een beetje oefening prachtig geurende kaarsen. Over het algemeen moet je nooit meer dan 12% geur toevoegen, omdat de kaars dan letterlijk begint te zweten of uit te lekken.<\/p>\n<p>Al onze geuren zijn ook speciaal samengesteld voor gebruik in vaste zepen. Zie het veiligheidsinformatieblad* voor informatie over de maximale % van elke geur die kan worden gebruikt in <a href=\"https:\/\/cosyowl.com\/nl\/guides\/a-beginners-guide-to-soap-making\">zeep maken<\/a> toepassingen.<\/p>\n<p>Raadpleeg voor aankoop ook onze CLP-informatie* over het gebruik van geurolie in kaarsen. Deze informatie heeft betrekking op de chemische samenstelling van de olie samen met waarschuwende details met betrekking tot mogelijke allergische reacties.<\/p>\n<p>* Sorry, maar het veiligheidsinformatieblad (MSDS) en de CLP-kennisgeving zijn momenteel niet beschikbaar voor deze geur, maar zullen zeer binnenkort worden toegevoegd - kom later nog eens terug.<\/p>\n<p><strong> We raden alle klanten aan om geuren te testen met onze 10ml Testerflessen voordat je grotere maten of hoeveelheden bestelt, in het onwaarschijnlijke geval dat je ontevreden bent over een geurolie. Zie onze <a href=\"\/nl\/verzendinfo\/?wmc-currency=EUR\" target=\"_blank\" rel=\"noopener\">Levering &amp; retourneren<\/a> pagina voor volledige <a href=\"https:\/\/cosyowl.com\/nl\/privacy\">voorwaarden<\/a> en voorwaarden.<\/strong><\/p>\n<p>*Deze geur bevat natuurlijke elementen (<a href=\"https:\/\/cosyowl.com\/nl\/guides\/essential-oil-benefits\">essenti\u00eble oli\u00ebn<\/a>extracten, harsen, isolaten), maar is niet volledig natuurlijk. Onze geuroli\u00ebn zijn ontworpen om zo eenvoudig mogelijk te zijn, <a href=\"https:\/\/cosyowl.com\/nl\/candle-making-supplies\/glitters\/pure-white-biodegradable\">schoon<\/a> Zo natuurlijk mogelijk en met de beste geur en de beste reeks geurnoten. Samenstellingen die niet rechtstreeks uit de natuur afkomstig zijn, zijn ofwel chemisch identiek aan natuurlijk gevonden samenstellingen, kunstmatig gecre\u00eberd of licht aangepast, meestal om een iets sterkere geur te geven. Soms worden geurstoffen die niet in de natuur voorkomen gebruikt om de kenmerkende geur te geven die nodig is voor sommige meer kunstmatige geuren. Dit geldt voor alle geuroli\u00ebn die tegenwoordig op de markt zijn.<\/p>\n<p>Geuroli\u00ebn hebben meestal een houdbaarheidsdatum van een jaar vanaf de productiedatum, maar veel geuroli\u00ebn kunnen maanden of zelfs jaren langer meegaan als ze op de juiste manier worden bewaard. Testen (we bieden deze service niet aan) kunnen worden uitgevoerd op geuroli\u00ebn om te bepalen of ze geschikt zijn na de houdbaarheidsdatum.<\/p>","protected":false},"excerpt":{"rendered":"<p>Please note \u2013 The 10kg and 25kg fragrance oils have an estimated lead time of 2-3 weeks for delivery. Made with natural ingredients and essential oils*. Our Mango &amp; Passionfruit Type Fragrance Oil has been specially formulated to release the lovely scent of this tropical fruity combination and initially provides a strong and prominent smell [&hellip;]<\/p>\n","protected":false},"featured_media":11823,"comment_status":"open","ping_status":"closed","template":"","meta":{"_acf_changed":false},"product_brand":[],"product_cat":[788,504,518,698,1590,516,524],"product_tag":[908,1598,1597],"class_list":{"0":"post-10670","1":"product","2":"type-product","3":"status-publish","4":"has-post-thumbnail","6":"product_cat-spring","7":"product_cat-fragrance-oils-all-fragrances","8":"product_cat-fragrance-oils-fresh","9":"product_cat-fruit-fragrance-oils","10":"product_cat-summer-fragrances","11":"product_cat-fragrance-oils-sweet","12":"product_cat-fragrance-oils-tropical","13":"product_tag-fragrance-oil","14":"product_tag-spring","15":"product_tag-summer","16":"pa_bottle-size-100ml","17":"pa_bottle-size-10kg","18":"pa_bottle-size-250ml","19":"pa_bottle-size-25kg","20":"pa_bottle-size-500ml","21":"pa_bottle-size-50ml","22":"pa_bottle-size-950ml","23":"pa_bottle-size-sample","25":"first","26":"instock","27":"taxable","28":"shipping-taxable","29":"purchasable","30":"product-type-variable"},"acf":[],"_links":{"self":[{"href":"https:\/\/cosyowl.com\/nl\/wp-json\/wp\/v2\/product\/10670","targetHints":{"allow":["GET"]}}],"collection":[{"href":"https:\/\/cosyowl.com\/nl\/wp-json\/wp\/v2\/product"}],"about":[{"href":"https:\/\/cosyowl.com\/nl\/wp-json\/wp\/v2\/types\/product"}],"replies":[{"embeddable":true,"href":"https:\/\/cosyowl.com\/nl\/wp-json\/wp\/v2\/comments?post=10670"}],"wp:featuredmedia":[{"embeddable":true,"href":"https:\/\/cosyowl.com\/nl\/wp-json\/wp\/v2\/media\/11823"}],"wp:attachment":[{"href":"https:\/\/cosyowl.com\/nl\/wp-json\/wp\/v2\/media?parent=10670"}],"wp:term":[{"taxonomy":"product_brand","embeddable":true,"href":"https:\/\/cosyowl.com\/nl\/wp-json\/wp\/v2\/product_brand?post=10670"},{"taxonomy":"product_cat","embeddable":true,"href":"https:\/\/cosyowl.com\/nl\/wp-json\/wp\/v2\/product_cat?post=10670"},{"taxonomy":"product_tag","embeddable":true,"href":"https:\/\/cosyowl.com\/nl\/wp-json\/wp\/v2\/product_tag?post=10670"}],"curies":[{"name":"wp","href":"https:\/\/api.w.org\/{rel}","templated":true}]}}