{"id":10611,"date":"2021-10-01T06:06:00","date_gmt":"2021-10-01T05:06:00","guid":{"rendered":"https:\/\/cosyowl.com\/product\/uncategorized\/import-placeholder-for-tcdl-cfra-bowl-nman-343"},"modified":"2026-03-24T16:27:37","modified_gmt":"2026-03-24T16:27:37","slug":"mango-geurolie","status":"publish","type":"product","link":"https:\/\/cosyowl.com\/nl\/fragrance-oils\/mango-fragrance","title":{"rendered":"Mango Geurolie"},"content":{"rendered":"<p><strong>Let op - alle 5kg, 10kg en 25kg <a href=\"https:\/\/cosyowl.com\/nl\/guides\/2023-spring-fragrance-oil-trends\">Geur oli\u00ebn<\/a> worden op bestelling gemaakt en hebben een levertijd van maximaal 6 weken. Deze levertijd wordt niet weergegeven in de verzendopties die worden gepresenteerd op <a href=\"https:\/\/cosyowl.com\/nl\/checkout\">kassa<\/a>. Als uw <a href=\"https:\/\/cosyowl.com\/nl\/basket\">bestel<\/a> 5kg, 10kg of 25kg Geuroli\u00ebn omvat, bedraagt de levertijd voor de gehele bestelling maximaal 6 weken. 5kg, 10kg of 25kg op maat gemaakte geuroli\u00ebn worden ook niet gerestitueerd.<\/strong><\/p>\n<p>Gemaakt met natuurlijke ingredi\u00ebnten en essenti\u00eble oli\u00ebn*.<\/p>\n<p>Onze <strong>Type Mango <a href=\"https:\/\/cosyowl.com\/nl\/candle-making-supplies\/fragrance-oils-for-candle-making\/premium-fragrance-oils\/cosy-owl-premium-1-million-type-fragrance-oil\">Geur olie<\/a><\/strong> is speciaal geformuleerd om de heerlijke fruitige geur van deze populaire <a href=\"https:\/\/cosyowl.com\/nl\/candle-making-supplies\/fragrance-oils-for-candle-making\/all-fragrances\/black-coconut-fragrance-oil\">tropisch<\/a> fruit en zorgt voor een sterke en prominente geur die geassocieerd wordt met<strong> net geperst <a href=\"https:\/\/cosyowl.com\/nl\/fragrance-oils\/lemon\">citroen<\/a>, witte perzik en mandarijn<\/strong>. Dit eerste aroma is het meest uitgesproken als je <a href=\"https:\/\/cosyowl.com\/nl\/guides\/a-summers-beach-gel-votive-candle\">kaars<\/a> begint te branden en vult je kamer met een geur die vervolgens wordt versterkt door lichte ondertonen van <strong>sappige mango en suikerriet<\/strong>. In de formulering van deze karakteristieke geur zit een heerlijke nasmaak van <strong>gouden amber en lichte vanille<\/strong>.<\/p>\n<p>Al onze geuroli\u00ebn zijn exclusief voor <a href=\"https:\/\/cosyowl.com\/nl\/\">Gezellige Uil<\/a> en zijn ontwikkeld door onze experts voor een superieure geur in een kaars en zijn geoptimaliseerd voor gebruik met onze was. Onze oli\u00ebn zijn 100% geconcentreerd en zijn volledig compatibel voor gebruik met al onze wassen.<\/p>\n<p><strong>Hoeveel geur moet ik toevoegen?<\/strong><\/p>\n<p>Al onze geuren zijn <a href=\"https:\/\/cosyowl.com\/nl\/candle-wicks\/wedo-lx-wick-raw\">kwaliteit<\/a> en speciaal ontworpen voor een uitstekende geurverspreiding, wat betekent dat over het algemeen minder meer is. Hoeveel je moet toevoegen is enigszins complex en we hebben een <a href=\"https:\/\/cosyowl.com\/nl\/guides\/a-guide-to-creating-your-own-soap-products\">gids<\/a> om je hier meer details over te geven. Over het algemeen is het een goed idee om te beginnen met 5-8% en tot 10% voor minder sterke geuren geeft je meer dan genoeg geur. Het is altijd het beste om te experimenteren met elke geur en wax combinatie en laag te beginnen en op te werken. Zolang je de handleiding volgt en het vlampunt in acht neemt, krijg je met een beetje oefening prachtig geurende kaarsen. Over het algemeen moet je nooit meer dan 12% geur toevoegen, omdat de kaars dan letterlijk begint te zweten of uit te lekken.<\/p>\n<p>Alle geuroli\u00ebn hebben een zogenaamd vlampunt - de temperatuur waarbij de olie begint te verbranden en de geur vrijkomt.<\/p>\n<p>De <strong>vlampunt voor Mango is 93,33\u00b0C<\/strong>Voor meer informatie over Flash Points volg deze link <a href=\"https:\/\/cosyowl.com\/nl\/gidsen\/hoe-gebruik-je-geurolien\/?wmc-currency=EUR\">https:\/\/www.cosyowl.com\/guides\/how-to-use-fragrance-oils\/<\/a><\/p>\n<p>Raadpleeg voor aankoop ook onze CLP-informatie over het gebruik van geurolie in kaarsen. Deze informatie heeft betrekking op de chemische samenstelling van de olie samen met waarschuwende details met betrekking tot mogelijke allergische reacties.<\/p>\n<p><strong> We raden alle klanten aan om geuren te testen met onze 10ml Testerflessen voordat je grotere maten of hoeveelheden bestelt, in het onwaarschijnlijke geval dat je ontevreden bent over een geurolie. Zie onze <a href=\"\/nl\/verzendinfo\/?wmc-currency=EUR\" target=\"_blank\" rel=\"noopener\">Levering &amp; retourneren<\/a> pagina voor volledige <a href=\"https:\/\/cosyowl.com\/nl\/privacy\">voorwaarden<\/a> en voorwaarden.<\/strong><\/p>\n<p>*Deze geur bevat natuurlijke elementen (<a href=\"https:\/\/cosyowl.com\/nl\/guides\/essential-oil-benefits\">essenti\u00eble oli\u00ebn<\/a>extracten, harsen, isolaten), maar is niet volledig natuurlijk. Onze geuroli\u00ebn zijn ontworpen om zo eenvoudig mogelijk te zijn, <a href=\"https:\/\/cosyowl.com\/nl\/candle-making-supplies\/glitters\/pure-white-biodegradable\">schoon<\/a> Zo natuurlijk mogelijk en met de beste geur en de beste reeks geurnoten. Samenstellingen die niet rechtstreeks uit de natuur afkomstig zijn, zijn ofwel chemisch identiek aan natuurlijk gevonden samenstellingen, kunstmatig gecre\u00eberd of licht aangepast, meestal om een iets sterkere geur te geven. Soms worden geurstoffen die niet in de natuur voorkomen gebruikt om de kenmerkende geur te geven die nodig is voor sommige meer kunstmatige geuren. Dit geldt voor alle geuroli\u00ebn die tegenwoordig op de markt zijn.<\/p>\n<p>Geuroli\u00ebn hebben meestal een houdbaarheidsdatum van een jaar vanaf de productiedatum, maar veel geuroli\u00ebn kunnen maanden of zelfs jaren langer meegaan als ze op de juiste manier worden bewaard. Testen (we bieden deze service niet aan) kunnen worden uitgevoerd op geuroli\u00ebn om te bepalen of ze geschikt zijn na de houdbaarheidsdatum.<\/p>","protected":false},"excerpt":{"rendered":"<p>Please note &#8211; all 5kg, 10kg and 25kg Fragrance Oils are bespoke made-to-order items and have an up to 6-week delivery lead time which isn\u2019t reflected in the shipping options presented at checkout. If your order includes any 5kg, 10kg or 25kg Fragrance Oils, lead time for the entirety of the order will be up [&hellip;]<\/p>\n","protected":false},"featured_media":11822,"comment_status":"open","ping_status":"closed","template":"","meta":{"_acf_changed":false},"product_brand":[],"product_cat":[517,504,518,698,762,788,1590,516,524],"product_tag":[908,1598,1597],"class_list":{"0":"post-10611","1":"product","2":"type-product","3":"status-publish","4":"has-post-thumbnail","6":"product_cat-fragrance-oils-cravings","7":"product_cat-fragrance-oils-all-fragrances","8":"product_cat-fragrance-oils-fresh","9":"product_cat-fruit-fragrance-oils","10":"product_cat-garden-fragrance-oils","11":"product_cat-spring","12":"product_cat-summer-fragrances","13":"product_cat-fragrance-oils-sweet","14":"product_cat-fragrance-oils-tropical","15":"product_tag-fragrance-oil","16":"product_tag-spring","17":"product_tag-summer","18":"pa_bottle-size-100ml","19":"pa_bottle-size-10kg","20":"pa_bottle-size-250ml","21":"pa_bottle-size-25kg","22":"pa_bottle-size-500ml","23":"pa_bottle-size-50ml","24":"pa_bottle-size-950ml","25":"pa_bottle-size-sample","27":"first","28":"instock","29":"taxable","30":"shipping-taxable","31":"purchasable","32":"product-type-variable"},"acf":[],"_links":{"self":[{"href":"https:\/\/cosyowl.com\/nl\/wp-json\/wp\/v2\/product\/10611","targetHints":{"allow":["GET"]}}],"collection":[{"href":"https:\/\/cosyowl.com\/nl\/wp-json\/wp\/v2\/product"}],"about":[{"href":"https:\/\/cosyowl.com\/nl\/wp-json\/wp\/v2\/types\/product"}],"replies":[{"embeddable":true,"href":"https:\/\/cosyowl.com\/nl\/wp-json\/wp\/v2\/comments?post=10611"}],"wp:featuredmedia":[{"embeddable":true,"href":"https:\/\/cosyowl.com\/nl\/wp-json\/wp\/v2\/media\/11822"}],"wp:attachment":[{"href":"https:\/\/cosyowl.com\/nl\/wp-json\/wp\/v2\/media?parent=10611"}],"wp:term":[{"taxonomy":"product_brand","embeddable":true,"href":"https:\/\/cosyowl.com\/nl\/wp-json\/wp\/v2\/product_brand?post=10611"},{"taxonomy":"product_cat","embeddable":true,"href":"https:\/\/cosyowl.com\/nl\/wp-json\/wp\/v2\/product_cat?post=10611"},{"taxonomy":"product_tag","embeddable":true,"href":"https:\/\/cosyowl.com\/nl\/wp-json\/wp\/v2\/product_tag?post=10611"}],"curies":[{"name":"wp","href":"https:\/\/api.w.org\/{rel}","templated":true}]}}