{"id":9985,"date":"2021-10-01T05:41:00","date_gmt":"2021-10-01T03:41:00","guid":{"rendered":"https:\/\/cosyowl.com\/fr\/product\/non%20class\u00e9\/ovale-graue-silikonform-4er-set"},"modified":"2025-09-29T17:23:51","modified_gmt":"2025-09-29T15:23:51","slug":"moule-en-silicone-gris-ovale-lot-de-4","status":"publish","type":"product","link":"https:\/\/cosyowl.com\/fr\/fournitures-loisirs-creatifs\/fournitures-de-fabrication-de-savon\/moule-a-savon\/moule-en-silicone-gris-ovale-lot-de-4","title":{"rendered":"Moule en silicone gris ovale (lot de 4)"},"content":{"rendered":"<p>Ce moule \u00e0 savon ovale propre est l&rsquo;une des formes les plus tendances de la fabrication de savon. Ce savon est un merveilleux ajout \u00e0 ceux qui cherchent \u00e0 ajouter un ajout maison intemporel \u00e0 vos fournitures de fabrication de savon.<br \/>\nDans un beau joint gris, nous vous proposons ce moule par lot de 4 en silicone souple, il est \u00e9galement r\u00e9utilisable afin que vous puissiez produire r\u00e9guli\u00e8rement vos savons pr\u00e9f\u00e9r\u00e9s!<br \/>\nMesures de ce moule *:<br \/>\nMoule complet (longueur x largeur): 184 mm x 239 mm<br \/>\nTaille du savon (longueur x largeur x profondeur): 79 mm x 60 mm x 22 mm<br \/>\n* Veuillez noter que toutes les mesures sont approximatives.<\/p>\n","protected":false},"excerpt":{"rendered":"<p>Ce moule \u00e0 savon ovale propre est l&rsquo;une des formes les plus tendances de la fabrication de savon. Ce savon est un merveilleux ajout \u00e0 ceux qui cherchent \u00e0 ajouter un ajout maison intemporel \u00e0 vos fournitures de fabrication de savon. Dans un beau joint gris, nous vous proposons ce moule par lot de 4 [&hellip;]<\/p>\n","protected":false},"featured_media":11249,"comment_status":"open","ping_status":"closed","template":"","meta":{"_acf_changed":false},"product_brand":[],"product_cat":[152],"product_tag":[],"class_list":{"0":"post-9985","1":"product","2":"type-product","3":"status-publish","4":"has-post-thumbnail","6":"product_cat-fabrication-de-savon-moules-savon","8":"first","9":"instock","10":"taxable","11":"shipping-taxable","12":"purchasable","13":"product-type-simple"},"acf":[],"_links":{"self":[{"href":"https:\/\/cosyowl.com\/fr\/wp-json\/wp\/v2\/product\/9985","targetHints":{"allow":["GET"]}}],"collection":[{"href":"https:\/\/cosyowl.com\/fr\/wp-json\/wp\/v2\/product"}],"about":[{"href":"https:\/\/cosyowl.com\/fr\/wp-json\/wp\/v2\/types\/product"}],"replies":[{"embeddable":true,"href":"https:\/\/cosyowl.com\/fr\/wp-json\/wp\/v2\/comments?post=9985"}],"wp:featuredmedia":[{"embeddable":true,"href":"https:\/\/cosyowl.com\/fr\/wp-json\/wp\/v2\/media\/11249"}],"wp:attachment":[{"href":"https:\/\/cosyowl.com\/fr\/wp-json\/wp\/v2\/media?parent=9985"}],"wp:term":[{"taxonomy":"product_brand","embeddable":true,"href":"https:\/\/cosyowl.com\/fr\/wp-json\/wp\/v2\/product_brand?post=9985"},{"taxonomy":"product_cat","embeddable":true,"href":"https:\/\/cosyowl.com\/fr\/wp-json\/wp\/v2\/product_cat?post=9985"},{"taxonomy":"product_tag","embeddable":true,"href":"https:\/\/cosyowl.com\/fr\/wp-json\/wp\/v2\/product_tag?post=9985"}],"curies":[{"name":"wp","href":"https:\/\/api.w.org\/{rel}","templated":true}]}}