{"id":9906,"date":"2021-07-01T05:40:00","date_gmt":"2021-07-01T04:40:00","guid":{"rendered":"https:\/\/cosyowl.com\/fr\/product\/non%20class\u00e9\/import-placeholder-for-tcdl-cess-bowl-nmjo-511"},"modified":"2025-09-29T17:23:46","modified_gmt":"2025-09-29T15:23:46","slug":"huile-essentielle-de-marjolaine","status":"publish","type":"product","link":"https:\/\/cosyowl.com\/fr\/fournitures-de-bougies\/huiles-essentielles\/huile-essentielle-de-marjolaine","title":{"rendered":"Huile essentielle de marjolaine"},"content":{"rendered":"<p>Cette huile essentielle r\u00e9confortante de marjolaine est apaisante et l\u00e9g\u00e8rement m\u00e9dicinale avec un ar\u00f4me camphr\u00e9 et une nuance antiseptique. Il peut \u00eatre utilis\u00e9 individuellement ou dans le cadre d&rsquo;un m\u00e9lange de parfums sur mesure, se mariant parfaitement avec d&rsquo;autres huiles essentielles telles que: la sauge sclar\u00e9e et le romarin. Cette huile essentielle peut \u00eatre utilis\u00e9e dans les bougies, les savons et les diffuseurs.<br \/>\nToutes nos huiles essentielles sont exclusives \u00e0 Cozy Owl et ont \u00e9t\u00e9 d\u00e9velopp\u00e9es par nos experts pour un jet de parfum sup\u00e9rieur et des propri\u00e9t\u00e9s aromath\u00e9rapeutiques remarquables. Nos huiles 100% concentr\u00e9es sont compatibles avec toutes nos cires, bases de savon et huiles d&rsquo;augeo.<br \/>\nLes huiles essentielles doivent \u00eatre conserv\u00e9es dans un endroit frais et sombre pour \u00e9viter l&rsquo;oxydation. L&rsquo;endroit id\u00e9al pour les stocker est dans le r\u00e9frig\u00e9rateur, mais si ce n&rsquo;est pas id\u00e9al, assurez-vous qu&rsquo;ils sont tenus \u00e0 l&rsquo;\u00e9cart de la lumi\u00e8re directe et des temp\u00e9ratures \u00e9lev\u00e9es.<br \/>\nCombien d&rsquo;huile essentielle dois-je ajouter?<br \/>\nToutes nos huiles essentielles sont de haute qualit\u00e9 et con\u00e7ues de mani\u00e8re experte pour des propri\u00e9t\u00e9s parfum\u00e9es et aromath\u00e9rapeutiques \u00e9tonnantes, donc g\u00e9n\u00e9ralement moins c&rsquo;est plus. Les huiles essentielles doivent \u00eatre dilu\u00e9es \u00e0 une petite concentration telle que:<br \/>\n\u2022 2% pour dilution dans une huile de support<br \/>\n\u2022 3% pour dilution \u00e0 base de savon<br \/>\n\u2022 3% pour dilution dans la cire de bougie<br \/>\n\u2022 25% pour la dilution dans l&rsquo;huile d&rsquo;augeo<br \/>\nToutes les huiles essentielles ont ce qu&rsquo;on appelle un point d&rsquo;\u00e9clair &#8211; la temp\u00e9rature la plus basse \u00e0 laquelle l&rsquo;huile commencera \u00e0 br\u00fbler, et le parfum et les propri\u00e9t\u00e9s curatives sont lib\u00e9r\u00e9s.<br \/>\nLe point d&rsquo;\u00e9clair de la Marjolaine est de 59 \u00b0 C<\/p>\n","protected":false},"excerpt":{"rendered":"<p>Cette huile essentielle r\u00e9confortante de marjolaine est apaisante et l\u00e9g\u00e8rement m\u00e9dicinale avec un ar\u00f4me camphr\u00e9 et une nuance antiseptique. Il peut \u00eatre utilis\u00e9 individuellement ou dans le cadre d&rsquo;un m\u00e9lange de parfums sur mesure, se mariant parfaitement avec d&rsquo;autres huiles essentielles telles que: la sauge sclar\u00e9e et le romarin. Cette huile essentielle peut \u00eatre utilis\u00e9e [&hellip;]<\/p>\n","protected":false},"featured_media":9929,"comment_status":"open","ping_status":"closed","template":"","meta":{"_acf_changed":false},"product_brand":[],"product_cat":[339,148,149,258,266,151,198,150,286],"product_tag":[],"class_list":{"0":"post-9906","1":"product","2":"type-product","3":"status-publish","4":"has-post-thumbnail","6":"product_cat-sale","7":"product_cat-fournitures-de-bougies-huiles-essentielles","8":"product_cat-fabrication-de-savon-huiles-essentielles","9":"product_cat-baume-a-levres-huiles-essentielles","10":"product_cat-diffuseurs-batonnets-huiles-essentielles","11":"product_cat-fondants-parfumes-huiles-essentielles","12":"product_cat-soin-des-cheveux-huiles-essentielles","13":"product_cat-huile-a-barbe-huiles-essentielles","14":"product_cat-soin-des-corps-huiles-essentielles","16":"first","17":"instock","18":"sale","19":"taxable","20":"shipping-taxable","21":"purchasable","22":"product-type-variable"},"acf":[],"_links":{"self":[{"href":"https:\/\/cosyowl.com\/fr\/wp-json\/wp\/v2\/product\/9906","targetHints":{"allow":["GET"]}}],"collection":[{"href":"https:\/\/cosyowl.com\/fr\/wp-json\/wp\/v2\/product"}],"about":[{"href":"https:\/\/cosyowl.com\/fr\/wp-json\/wp\/v2\/types\/product"}],"replies":[{"embeddable":true,"href":"https:\/\/cosyowl.com\/fr\/wp-json\/wp\/v2\/comments?post=9906"}],"wp:featuredmedia":[{"embeddable":true,"href":"https:\/\/cosyowl.com\/fr\/wp-json\/wp\/v2\/media\/9929"}],"wp:attachment":[{"href":"https:\/\/cosyowl.com\/fr\/wp-json\/wp\/v2\/media?parent=9906"}],"wp:term":[{"taxonomy":"product_brand","embeddable":true,"href":"https:\/\/cosyowl.com\/fr\/wp-json\/wp\/v2\/product_brand?post=9906"},{"taxonomy":"product_cat","embeddable":true,"href":"https:\/\/cosyowl.com\/fr\/wp-json\/wp\/v2\/product_cat?post=9906"},{"taxonomy":"product_tag","embeddable":true,"href":"https:\/\/cosyowl.com\/fr\/wp-json\/wp\/v2\/product_tag?post=9906"}],"curies":[{"name":"wp","href":"https:\/\/api.w.org\/{rel}","templated":true}]}}