{"id":9823,"date":"2021-10-01T05:39:00","date_gmt":"2021-01-10T05:39:24","guid":{"rendered":"https:\/\/cosyowl.com\/fr\/product\/non%20class\u00e9\/import-placeholder-for-tcdl-cmca-bowl-lagr-495"},"modified":"2025-12-03T11:48:37","modified_gmt":"2025-12-03T10:48:37","slug":"bougie-biodegradable-vert-pomme-scintillante","status":"publish","type":"product","link":"https:\/\/cosyowl.com\/fr\/bougeoirs-fournitures\/paillettes\/pomme-vert-biodgradable","title":{"rendered":"Bougie biod\u00e9gradable vert pomme scintillante"},"content":{"rendered":"<p>Cette impressionnante paillette biod\u00e9gradable vert pomme est un incontournable pour vos cires fondues. Avec sa teinte puissante, cette paillette rehausse d&rsquo;autres reflets de couleurs similaires. Ces paillettes peuvent \u00eatre utilis\u00e9es dans les cosm\u00e9tiques, les ombres \u00e0 paupi\u00e8res, les savons, les nail art et l&rsquo;artisanat.<\/p>\n<p>Ce produit est mieux utilis\u00e9 dans la cire fondue, s&rsquo;il est utilis\u00e9 dans des bougies, il peut obstruer la m\u00e8che!<\/p>\n","protected":false},"excerpt":{"rendered":"<p>Cette impressionnante paillette biod\u00e9gradable vert pomme est un incontournable pour vos cires fondues. Avec sa teinte puissante, cette paillette rehausse d&rsquo;autres reflets de couleurs similaires. Ces paillettes peuvent \u00eatre utilis\u00e9es dans les cosm\u00e9tiques, les ombres \u00e0 paupi\u00e8res, les savons, les nail art et l&rsquo;artisanat. Ce produit est mieux utilis\u00e9 dans la cire fondue, s&rsquo;il est [&hellip;]<\/p>\n","protected":false},"featured_media":9846,"comment_status":"open","ping_status":"closed","template":"","meta":{"_acf_changed":false},"product_brand":[],"product_cat":[147,146],"product_tag":[533],"class_list":{"0":"post-9823","1":"product","2":"type-product","3":"status-publish","4":"has-post-thumbnail","6":"product_cat-fondants-parfumes-poudre-de-mica-et-paillettes","7":"product_cat-fournitures-de-bougie-poudres-de-mica","8":"product_tag-black-friday","10":"first","11":"instock","12":"taxable","13":"shipping-taxable","14":"purchasable","15":"product-type-variable"},"acf":[],"_links":{"self":[{"href":"https:\/\/cosyowl.com\/fr\/wp-json\/wp\/v2\/product\/9823","targetHints":{"allow":["GET"]}}],"collection":[{"href":"https:\/\/cosyowl.com\/fr\/wp-json\/wp\/v2\/product"}],"about":[{"href":"https:\/\/cosyowl.com\/fr\/wp-json\/wp\/v2\/types\/product"}],"replies":[{"embeddable":true,"href":"https:\/\/cosyowl.com\/fr\/wp-json\/wp\/v2\/comments?post=9823"}],"wp:featuredmedia":[{"embeddable":true,"href":"https:\/\/cosyowl.com\/fr\/wp-json\/wp\/v2\/media\/9846"}],"wp:attachment":[{"href":"https:\/\/cosyowl.com\/fr\/wp-json\/wp\/v2\/media?parent=9823"}],"wp:term":[{"taxonomy":"product_brand","embeddable":true,"href":"https:\/\/cosyowl.com\/fr\/wp-json\/wp\/v2\/product_brand?post=9823"},{"taxonomy":"product_cat","embeddable":true,"href":"https:\/\/cosyowl.com\/fr\/wp-json\/wp\/v2\/product_cat?post=9823"},{"taxonomy":"product_tag","embeddable":true,"href":"https:\/\/cosyowl.com\/fr\/wp-json\/wp\/v2\/product_tag?post=9823"}],"curies":[{"name":"wp","href":"https:\/\/api.w.org\/{rel}","templated":true}]}}