{"id":9821,"date":"2021-10-01T05:39:00","date_gmt":"2021-01-10T05:39:24","guid":{"rendered":"https:\/\/cosyowl.com\/fr\/product\/non%20class\u00e9\/import-placeholder-for-tcdl-cmca-bowl-lpgo-493"},"modified":"2025-12-03T11:48:37","modified_gmt":"2025-12-03T10:48:37","slug":"bougie-biodegradable-en-or-platine","status":"publish","type":"product","link":"https:\/\/cosyowl.com\/fr\/bougeoirs-fournitures\/paillettes\/platine-or-biodgradable","title":{"rendered":"Bougie biod\u00e9gradable en or platine"},"content":{"rendered":"<p>Cette \u00e9l\u00e9gante paillette biod\u00e9gradable en or platine est un accompagnement \u00e9blouissant \u00e0 vos cires fondues. Avec la teinte de cette paillette, elle ajoute un autre niveau de classe et de sophistication \u00e0 votre cire. Ces paillettes peuvent \u00eatre utilis\u00e9es dans les cosm\u00e9tiques, les ombres \u00e0 paupi\u00e8res, les savons, les nail art et l&rsquo;artisanat.<\/p>\n<p>Ce produit est mieux utilis\u00e9 dans la cire fondue, s&rsquo;il est utilis\u00e9 dans des bougies, il peut obstruer la m\u00e8che!<\/p>\n","protected":false},"excerpt":{"rendered":"<p>Cette \u00e9l\u00e9gante paillette biod\u00e9gradable en or platine est un accompagnement \u00e9blouissant \u00e0 vos cires fondues. Avec la teinte de cette paillette, elle ajoute un autre niveau de classe et de sophistication \u00e0 votre cire. Ces paillettes peuvent \u00eatre utilis\u00e9es dans les cosm\u00e9tiques, les ombres \u00e0 paupi\u00e8res, les savons, les nail art et l&rsquo;artisanat. Ce produit [&hellip;]<\/p>\n","protected":false},"featured_media":9838,"comment_status":"open","ping_status":"closed","template":"","meta":{"_acf_changed":false},"product_brand":[],"product_cat":[105,147,146],"product_tag":[533],"class_list":{"0":"post-9821","1":"product","2":"type-product","3":"status-publish","4":"has-post-thumbnail","6":"product_cat-noel","7":"product_cat-fondants-parfumes-poudre-de-mica-et-paillettes","8":"product_cat-fournitures-de-bougie-poudres-de-mica","9":"product_tag-black-friday","11":"first","12":"instock","13":"taxable","14":"shipping-taxable","15":"purchasable","16":"product-type-variable"},"acf":[],"_links":{"self":[{"href":"https:\/\/cosyowl.com\/fr\/wp-json\/wp\/v2\/product\/9821","targetHints":{"allow":["GET"]}}],"collection":[{"href":"https:\/\/cosyowl.com\/fr\/wp-json\/wp\/v2\/product"}],"about":[{"href":"https:\/\/cosyowl.com\/fr\/wp-json\/wp\/v2\/types\/product"}],"replies":[{"embeddable":true,"href":"https:\/\/cosyowl.com\/fr\/wp-json\/wp\/v2\/comments?post=9821"}],"wp:featuredmedia":[{"embeddable":true,"href":"https:\/\/cosyowl.com\/fr\/wp-json\/wp\/v2\/media\/9838"}],"wp:attachment":[{"href":"https:\/\/cosyowl.com\/fr\/wp-json\/wp\/v2\/media?parent=9821"}],"wp:term":[{"taxonomy":"product_brand","embeddable":true,"href":"https:\/\/cosyowl.com\/fr\/wp-json\/wp\/v2\/product_brand?post=9821"},{"taxonomy":"product_cat","embeddable":true,"href":"https:\/\/cosyowl.com\/fr\/wp-json\/wp\/v2\/product_cat?post=9821"},{"taxonomy":"product_tag","embeddable":true,"href":"https:\/\/cosyowl.com\/fr\/wp-json\/wp\/v2\/product_tag?post=9821"}],"curies":[{"name":"wp","href":"https:\/\/api.w.org\/{rel}","templated":true}]}}