{"id":9820,"date":"2021-10-01T05:39:00","date_gmt":"2021-01-10T05:39:24","guid":{"rendered":"https:\/\/cosyowl.com\/fr\/product\/non%20class\u00e9\/import-placeholder-for-tcdl-cmca-bowl-lsil-492"},"modified":"2025-12-03T11:48:37","modified_gmt":"2025-12-03T10:48:37","slug":"bougie-biodegradable-en-argent-scintillant","status":"publish","type":"product","link":"https:\/\/cosyowl.com\/fr\/bougeoirs-fournitures\/paillettes\/argent-biodgradable","title":{"rendered":"Bougie biod\u00e9gradable en argent scintillant"},"content":{"rendered":"<p>Cette charmante paillette biod\u00e9gradable en argent est un magnifique accompagnement pour vos passepoils de cire. Les paillettes r\u00e9fl\u00e9chissent et refl\u00e8tent la lumi\u00e8re \u00e0 travers la cire, la rendant tr\u00e8s attrayante visuellement. Ces paillettes peuvent \u00eatre utilis\u00e9es dans les cosm\u00e9tiques, les ombres \u00e0 paupi\u00e8res, les savons, les nail art et l&rsquo;artisanat.<\/p>\n<p>Ce produit est mieux utilis\u00e9 dans la cire fondue, s&rsquo;il est utilis\u00e9 dans des bougies, il peut obstruer la m\u00e8che!<\/p>\n","protected":false},"excerpt":{"rendered":"<p>Cette charmante paillette biod\u00e9gradable en argent est un magnifique accompagnement pour vos passepoils de cire. Les paillettes r\u00e9fl\u00e9chissent et refl\u00e8tent la lumi\u00e8re \u00e0 travers la cire, la rendant tr\u00e8s attrayante visuellement. Ces paillettes peuvent \u00eatre utilis\u00e9es dans les cosm\u00e9tiques, les ombres \u00e0 paupi\u00e8res, les savons, les nail art et l&rsquo;artisanat. Ce produit est mieux utilis\u00e9 [&hellip;]<\/p>\n","protected":false},"featured_media":9834,"comment_status":"open","ping_status":"closed","template":"","meta":{"_acf_changed":false},"product_brand":[],"product_cat":[105,147,146],"product_tag":[533],"class_list":{"0":"post-9820","1":"product","2":"type-product","3":"status-publish","4":"has-post-thumbnail","6":"product_cat-noel","7":"product_cat-fondants-parfumes-poudre-de-mica-et-paillettes","8":"product_cat-fournitures-de-bougie-poudres-de-mica","9":"product_tag-black-friday","11":"first","12":"instock","13":"taxable","14":"shipping-taxable","15":"purchasable","16":"product-type-variable"},"acf":[],"_links":{"self":[{"href":"https:\/\/cosyowl.com\/fr\/wp-json\/wp\/v2\/product\/9820","targetHints":{"allow":["GET"]}}],"collection":[{"href":"https:\/\/cosyowl.com\/fr\/wp-json\/wp\/v2\/product"}],"about":[{"href":"https:\/\/cosyowl.com\/fr\/wp-json\/wp\/v2\/types\/product"}],"replies":[{"embeddable":true,"href":"https:\/\/cosyowl.com\/fr\/wp-json\/wp\/v2\/comments?post=9820"}],"wp:featuredmedia":[{"embeddable":true,"href":"https:\/\/cosyowl.com\/fr\/wp-json\/wp\/v2\/media\/9834"}],"wp:attachment":[{"href":"https:\/\/cosyowl.com\/fr\/wp-json\/wp\/v2\/media?parent=9820"}],"wp:term":[{"taxonomy":"product_brand","embeddable":true,"href":"https:\/\/cosyowl.com\/fr\/wp-json\/wp\/v2\/product_brand?post=9820"},{"taxonomy":"product_cat","embeddable":true,"href":"https:\/\/cosyowl.com\/fr\/wp-json\/wp\/v2\/product_cat?post=9820"},{"taxonomy":"product_tag","embeddable":true,"href":"https:\/\/cosyowl.com\/fr\/wp-json\/wp\/v2\/product_tag?post=9820"}],"curies":[{"name":"wp","href":"https:\/\/api.w.org\/{rel}","templated":true}]}}