{"id":9819,"date":"2021-10-01T05:39:00","date_gmt":"2021-10-01T04:39:00","guid":{"rendered":"https:\/\/cosyowl.com\/fr\/product\/non%20class\u00e9\/import-placeholder-for-tcdl-cmca-bowl-lgpb-491"},"modified":"2025-12-03T11:48:37","modified_gmt":"2025-12-03T10:48:37","slug":"or-paillettes-cercle-violet-et-bleu","status":"publish","type":"product","link":"https:\/\/cosyowl.com\/fr\/fournitures-de-bougies\/poudre-et-paillettes-de-mica\/or-paillettes-cercle-violet-et-bleu","title":{"rendered":"Or paillettes cercle violet et bleu"},"content":{"rendered":"<p>Ce luxueux m\u00e9lange d&rsquo;or, de bleu profond et de violet vif est un excellent additif \u00e0 votre cire. Avec cette riche combinaison de couleurs, il est tr\u00e8s accrocheur lorsqu&rsquo;il est suspendu dans de la cire. Ces paillettes peuvent \u00eatre utilis\u00e9es dans les savons, les vernis \u00e0 ongles, l&rsquo;artisanat, les peintures et les rev\u00eatements et les arts graphiques.<\/p>\n<p>Ce produit est mieux utilis\u00e9 dans la cire fondue, s&rsquo;il est utilis\u00e9 dans des bougies, il peut obstruer la m\u00e8che!<\/p>\n","protected":false},"excerpt":{"rendered":"<p>Ce luxueux m\u00e9lange d&rsquo;or, de bleu profond et de violet vif est un excellent additif \u00e0 votre cire. Avec cette riche combinaison de couleurs, il est tr\u00e8s accrocheur lorsqu&rsquo;il est suspendu dans de la cire. Ces paillettes peuvent \u00eatre utilis\u00e9es dans les savons, les vernis \u00e0 ongles, l&rsquo;artisanat, les peintures et les rev\u00eatements et les [&hellip;]<\/p>\n","protected":false},"featured_media":20928,"comment_status":"open","ping_status":"closed","template":"","meta":{"_acf_changed":false},"product_brand":[],"product_cat":[147,146],"product_tag":[533],"class_list":{"0":"post-9819","1":"product","2":"type-product","3":"status-publish","4":"has-post-thumbnail","6":"product_cat-fondants-parfumes-poudre-de-mica-et-paillettes","7":"product_cat-fournitures-de-bougie-poudres-de-mica","8":"product_tag-black-friday","10":"first","11":"instock","12":"taxable","13":"shipping-taxable","14":"purchasable","15":"product-type-variable"},"acf":[],"_links":{"self":[{"href":"https:\/\/cosyowl.com\/fr\/wp-json\/wp\/v2\/product\/9819","targetHints":{"allow":["GET"]}}],"collection":[{"href":"https:\/\/cosyowl.com\/fr\/wp-json\/wp\/v2\/product"}],"about":[{"href":"https:\/\/cosyowl.com\/fr\/wp-json\/wp\/v2\/types\/product"}],"replies":[{"embeddable":true,"href":"https:\/\/cosyowl.com\/fr\/wp-json\/wp\/v2\/comments?post=9819"}],"wp:featuredmedia":[{"embeddable":true,"href":"https:\/\/cosyowl.com\/fr\/wp-json\/wp\/v2\/media\/20928"}],"wp:attachment":[{"href":"https:\/\/cosyowl.com\/fr\/wp-json\/wp\/v2\/media?parent=9819"}],"wp:term":[{"taxonomy":"product_brand","embeddable":true,"href":"https:\/\/cosyowl.com\/fr\/wp-json\/wp\/v2\/product_brand?post=9819"},{"taxonomy":"product_cat","embeddable":true,"href":"https:\/\/cosyowl.com\/fr\/wp-json\/wp\/v2\/product_cat?post=9819"},{"taxonomy":"product_tag","embeddable":true,"href":"https:\/\/cosyowl.com\/fr\/wp-json\/wp\/v2\/product_tag?post=9819"}],"curies":[{"name":"wp","href":"https:\/\/api.w.org\/{rel}","templated":true}]}}