{"id":9818,"date":"2021-10-01T05:39:00","date_gmt":"2021-01-10T05:39:23","guid":{"rendered":"https:\/\/cosyowl.com\/fr\/product\/non%20class\u00e9\/import-placeholder-for-tcdl-cmca-bowl-lwab-490"},"modified":"2025-12-03T11:48:36","modified_gmt":"2025-12-03T10:48:36","slug":"paillettes-cercle-blanc-bleu","status":"publish","type":"product","link":"https:\/\/cosyowl.com\/fr\/fournitures-de-bougies\/paillettes\/paillettes-cercle-blanc-bleu","title":{"rendered":"Paillettes Cercle Blanc &amp; Bleu"},"content":{"rendered":"<p>Ce superbe m\u00e9lange de nuances assorties de bleu et de blanc est un additif int\u00e9ressant \u00e0 votre cire. Avec les teintes bleues vari\u00e9es, il donne l&rsquo;illusion de bulles dans la cire. Ces paillettes peuvent \u00eatre utilis\u00e9es dans les savons, les vernis \u00e0 ongles, l&rsquo;artisanat, les peintures et les rev\u00eatements et les arts graphiques.<\/p>\n<p>Ce produit est mieux utilis\u00e9 dans la cire fondue, s&rsquo;il est utilis\u00e9 dans des bougies, il peut obstruer la m\u00e8che!<\/p>\n","protected":false},"excerpt":{"rendered":"<p>Ce superbe m\u00e9lange de nuances assorties de bleu et de blanc est un additif int\u00e9ressant \u00e0 votre cire. Avec les teintes bleues vari\u00e9es, il donne l&rsquo;illusion de bulles dans la cire. Ces paillettes peuvent \u00eatre utilis\u00e9es dans les savons, les vernis \u00e0 ongles, l&rsquo;artisanat, les peintures et les rev\u00eatements et les arts graphiques. Ce produit [&hellip;]<\/p>\n","protected":false},"featured_media":20929,"comment_status":"open","ping_status":"closed","template":"","meta":{"_acf_changed":false},"product_brand":[],"product_cat":[147,146],"product_tag":[533],"class_list":{"0":"post-9818","1":"product","2":"type-product","3":"status-publish","4":"has-post-thumbnail","6":"product_cat-fondants-parfumes-poudre-de-mica-et-paillettes","7":"product_cat-fournitures-de-bougie-poudres-de-mica","8":"product_tag-black-friday","10":"first","11":"instock","12":"taxable","13":"shipping-taxable","14":"purchasable","15":"product-type-variable"},"acf":[],"_links":{"self":[{"href":"https:\/\/cosyowl.com\/fr\/wp-json\/wp\/v2\/product\/9818","targetHints":{"allow":["GET"]}}],"collection":[{"href":"https:\/\/cosyowl.com\/fr\/wp-json\/wp\/v2\/product"}],"about":[{"href":"https:\/\/cosyowl.com\/fr\/wp-json\/wp\/v2\/types\/product"}],"replies":[{"embeddable":true,"href":"https:\/\/cosyowl.com\/fr\/wp-json\/wp\/v2\/comments?post=9818"}],"wp:featuredmedia":[{"embeddable":true,"href":"https:\/\/cosyowl.com\/fr\/wp-json\/wp\/v2\/media\/20929"}],"wp:attachment":[{"href":"https:\/\/cosyowl.com\/fr\/wp-json\/wp\/v2\/media?parent=9818"}],"wp:term":[{"taxonomy":"product_brand","embeddable":true,"href":"https:\/\/cosyowl.com\/fr\/wp-json\/wp\/v2\/product_brand?post=9818"},{"taxonomy":"product_cat","embeddable":true,"href":"https:\/\/cosyowl.com\/fr\/wp-json\/wp\/v2\/product_cat?post=9818"},{"taxonomy":"product_tag","embeddable":true,"href":"https:\/\/cosyowl.com\/fr\/wp-json\/wp\/v2\/product_tag?post=9818"}],"curies":[{"name":"wp","href":"https:\/\/api.w.org\/{rel}","templated":true}]}}