{"id":9787,"date":"2021-10-01T05:39:00","date_gmt":"2021-01-10T05:39:13","guid":{"rendered":"https:\/\/cosyowl.com\/fr\/product\/non%20class\u00e9\/import-placeholder-for-tcdl-cmca-bowl-lhrt-489"},"modified":"2025-12-03T11:48:36","modified_gmt":"2025-12-03T10:48:36","slug":"bougie-coeur-glitter","status":"publish","type":"product","link":"https:\/\/cosyowl.com\/fr\/bougeoir-fournitures\/paillettes\/coeur-bougie-paillettes","title":{"rendered":"Bougie Coeur Glitter"},"content":{"rendered":"<p>Ce brillant c\u0153ur dor\u00e9 scintillant est un excellent moyen d&rsquo;ajouter quelque chose de plus \u00e0 votre cire. Les coeurs sont de couleur or jusqu&rsquo;\u00e0 ce qu&rsquo;ils soient fortement \u00e9clair\u00e9s, \u00e0 quel point ils se refl\u00e8tent et d\u00e9gagent beaucoup de couleurs telles que: rouges, verts, bleus et blancs. Ces paillettes peuvent \u00eatre utilis\u00e9es dans les savons, les vernis \u00e0 ongles, l&rsquo;artisanat, les peintures et les rev\u00eatements et les arts graphiques.<\/p>\n<p>Ce produit est mieux utilis\u00e9 dans la cire fondue, s&rsquo;il est utilis\u00e9 dans des bougies, il peut obstruer la m\u00e8che!<\/p>\n","protected":false},"excerpt":{"rendered":"<p>Ce brillant c\u0153ur dor\u00e9 scintillant est un excellent moyen d&rsquo;ajouter quelque chose de plus \u00e0 votre cire. Les coeurs sont de couleur or jusqu&rsquo;\u00e0 ce qu&rsquo;ils soient fortement \u00e9clair\u00e9s, \u00e0 quel point ils se refl\u00e8tent et d\u00e9gagent beaucoup de couleurs telles que: rouges, verts, bleus et blancs. Ces paillettes peuvent \u00eatre utilis\u00e9es dans les savons, [&hellip;]<\/p>\n","protected":false},"featured_media":20927,"comment_status":"open","ping_status":"closed","template":"","meta":{"_acf_changed":false},"product_brand":[],"product_cat":[147,146],"product_tag":[533],"class_list":{"0":"post-9787","1":"product","2":"type-product","3":"status-publish","4":"has-post-thumbnail","6":"product_cat-fondants-parfumes-poudre-de-mica-et-paillettes","7":"product_cat-fournitures-de-bougie-poudres-de-mica","8":"product_tag-black-friday","10":"first","11":"instock","12":"taxable","13":"shipping-taxable","14":"purchasable","15":"product-type-variable"},"acf":[],"_links":{"self":[{"href":"https:\/\/cosyowl.com\/fr\/wp-json\/wp\/v2\/product\/9787","targetHints":{"allow":["GET"]}}],"collection":[{"href":"https:\/\/cosyowl.com\/fr\/wp-json\/wp\/v2\/product"}],"about":[{"href":"https:\/\/cosyowl.com\/fr\/wp-json\/wp\/v2\/types\/product"}],"replies":[{"embeddable":true,"href":"https:\/\/cosyowl.com\/fr\/wp-json\/wp\/v2\/comments?post=9787"}],"wp:featuredmedia":[{"embeddable":true,"href":"https:\/\/cosyowl.com\/fr\/wp-json\/wp\/v2\/media\/20927"}],"wp:attachment":[{"href":"https:\/\/cosyowl.com\/fr\/wp-json\/wp\/v2\/media?parent=9787"}],"wp:term":[{"taxonomy":"product_brand","embeddable":true,"href":"https:\/\/cosyowl.com\/fr\/wp-json\/wp\/v2\/product_brand?post=9787"},{"taxonomy":"product_cat","embeddable":true,"href":"https:\/\/cosyowl.com\/fr\/wp-json\/wp\/v2\/product_cat?post=9787"},{"taxonomy":"product_tag","embeddable":true,"href":"https:\/\/cosyowl.com\/fr\/wp-json\/wp\/v2\/product_tag?post=9787"}],"curies":[{"name":"wp","href":"https:\/\/api.w.org\/{rel}","templated":true}]}}