{"id":9786,"date":"2021-10-01T05:39:00","date_gmt":"2021-01-10T05:39:12","guid":{"rendered":"https:\/\/cosyowl.com\/fr\/product\/non%20class\u00e9\/import-placeholder-for-tcdl-cmca-bowl-lmpu-488"},"modified":"2025-12-03T11:48:36","modified_gmt":"2025-12-03T10:48:36","slug":"bougie-magique-pourpre-paillettes","status":"publish","type":"product","link":"https:\/\/cosyowl.com\/fr\/fournitures-de-bougie\/paillettes\/magic-purple-candle-glitter","title":{"rendered":"Bougie magique pourpre paillettes"},"content":{"rendered":"<p>Magie de nom et magie de nature! Sous sa forme scintillante, il est facilement confondu avec le blanc. Mais lorsqu&rsquo;elle est suspendue dans de la cire, les nuances subtiles d&rsquo;am\u00e9thyste et de lilas deviennent apparentes lorsqu&rsquo;elle tourbillonne autour de la cire. Ces paillettes peuvent \u00eatre utilis\u00e9es dans les savons, les vernis \u00e0 ongles, l&rsquo;artisanat, les peintures et les rev\u00eatements et les arts graphiques.<\/p>\n<p>Ce produit est mieux utilis\u00e9 dans la cire fondue, s&rsquo;il est utilis\u00e9 dans des bougies, il peut obstruer la m\u00e8che!<\/p>\n","protected":false},"excerpt":{"rendered":"<p>Magie de nom et magie de nature! Sous sa forme scintillante, il est facilement confondu avec le blanc. Mais lorsqu&rsquo;elle est suspendue dans de la cire, les nuances subtiles d&rsquo;am\u00e9thyste et de lilas deviennent apparentes lorsqu&rsquo;elle tourbillonne autour de la cire. Ces paillettes peuvent \u00eatre utilis\u00e9es dans les savons, les vernis \u00e0 ongles, l&rsquo;artisanat, les [&hellip;]<\/p>\n","protected":false},"featured_media":9811,"comment_status":"open","ping_status":"closed","template":"","meta":{"_acf_changed":false},"product_brand":[],"product_cat":[147,146],"product_tag":[533],"class_list":{"0":"post-9786","1":"product","2":"type-product","3":"status-publish","4":"has-post-thumbnail","6":"product_cat-fondants-parfumes-poudre-de-mica-et-paillettes","7":"product_cat-fournitures-de-bougie-poudres-de-mica","8":"product_tag-black-friday","10":"first","11":"instock","12":"taxable","13":"shipping-taxable","14":"purchasable","15":"product-type-variable"},"acf":[],"_links":{"self":[{"href":"https:\/\/cosyowl.com\/fr\/wp-json\/wp\/v2\/product\/9786","targetHints":{"allow":["GET"]}}],"collection":[{"href":"https:\/\/cosyowl.com\/fr\/wp-json\/wp\/v2\/product"}],"about":[{"href":"https:\/\/cosyowl.com\/fr\/wp-json\/wp\/v2\/types\/product"}],"replies":[{"embeddable":true,"href":"https:\/\/cosyowl.com\/fr\/wp-json\/wp\/v2\/comments?post=9786"}],"wp:featuredmedia":[{"embeddable":true,"href":"https:\/\/cosyowl.com\/fr\/wp-json\/wp\/v2\/media\/9811"}],"wp:attachment":[{"href":"https:\/\/cosyowl.com\/fr\/wp-json\/wp\/v2\/media?parent=9786"}],"wp:term":[{"taxonomy":"product_brand","embeddable":true,"href":"https:\/\/cosyowl.com\/fr\/wp-json\/wp\/v2\/product_brand?post=9786"},{"taxonomy":"product_cat","embeddable":true,"href":"https:\/\/cosyowl.com\/fr\/wp-json\/wp\/v2\/product_cat?post=9786"},{"taxonomy":"product_tag","embeddable":true,"href":"https:\/\/cosyowl.com\/fr\/wp-json\/wp\/v2\/product_tag?post=9786"}],"curies":[{"name":"wp","href":"https:\/\/api.w.org\/{rel}","templated":true}]}}