{"id":9783,"date":"2021-10-01T05:39:00","date_gmt":"2021-01-10T05:39:12","guid":{"rendered":"https:\/\/cosyowl.com\/fr\/product\/non%20class\u00e9\/import-placeholder-for-tcdl-cmca-bowl-lfly-485"},"modified":"2025-12-03T11:48:36","modified_gmt":"2025-12-03T10:48:36","slug":"bougie-jaune-fluorescent-scintillant","status":"publish","type":"product","link":"https:\/\/cosyowl.com\/fr\/fournitures-de-bougies\/paillettes\/jaune-fluorescent","title":{"rendered":"Bougie jaune fluorescent scintillant"},"content":{"rendered":"<p>Ce scintillement jaune fluorescent \u00e0 couper le souffle est un incontournable comme additif \u00e0 votre cire. L&rsquo;\u00e9quilibre saisissant entre les paillettes scintillantes et la couleur faisant autorit\u00e9 du jaune fluorescent est impressionnant. Ces paillettes peuvent \u00eatre utilis\u00e9es dans les savons, les vernis \u00e0 ongles, l&rsquo;artisanat, les peintures et les rev\u00eatements et les arts graphiques.<\/p>\n<p>Ce produit est mieux utilis\u00e9 dans la cire fondue, s&rsquo;il est utilis\u00e9 dans des bougies, il peut obstruer la m\u00e8che!<\/p>\n","protected":false},"excerpt":{"rendered":"<p>Ce scintillement jaune fluorescent \u00e0 couper le souffle est un incontournable comme additif \u00e0 votre cire. L&rsquo;\u00e9quilibre saisissant entre les paillettes scintillantes et la couleur faisant autorit\u00e9 du jaune fluorescent est impressionnant. Ces paillettes peuvent \u00eatre utilis\u00e9es dans les savons, les vernis \u00e0 ongles, l&rsquo;artisanat, les peintures et les rev\u00eatements et les arts graphiques. Ce [&hellip;]<\/p>\n","protected":false},"featured_media":9799,"comment_status":"open","ping_status":"closed","template":"","meta":{"_acf_changed":false},"product_brand":[],"product_cat":[412,147,146],"product_tag":[533],"class_list":{"0":"post-9783","1":"product","2":"type-product","3":"status-publish","4":"has-post-thumbnail","6":"product_cat-halloween","7":"product_cat-fondants-parfumes-poudre-de-mica-et-paillettes","8":"product_cat-fournitures-de-bougie-poudres-de-mica","9":"product_tag-black-friday","11":"first","12":"instock","13":"taxable","14":"shipping-taxable","15":"purchasable","16":"product-type-variable"},"acf":[],"_links":{"self":[{"href":"https:\/\/cosyowl.com\/fr\/wp-json\/wp\/v2\/product\/9783","targetHints":{"allow":["GET"]}}],"collection":[{"href":"https:\/\/cosyowl.com\/fr\/wp-json\/wp\/v2\/product"}],"about":[{"href":"https:\/\/cosyowl.com\/fr\/wp-json\/wp\/v2\/types\/product"}],"replies":[{"embeddable":true,"href":"https:\/\/cosyowl.com\/fr\/wp-json\/wp\/v2\/comments?post=9783"}],"wp:featuredmedia":[{"embeddable":true,"href":"https:\/\/cosyowl.com\/fr\/wp-json\/wp\/v2\/media\/9799"}],"wp:attachment":[{"href":"https:\/\/cosyowl.com\/fr\/wp-json\/wp\/v2\/media?parent=9783"}],"wp:term":[{"taxonomy":"product_brand","embeddable":true,"href":"https:\/\/cosyowl.com\/fr\/wp-json\/wp\/v2\/product_brand?post=9783"},{"taxonomy":"product_cat","embeddable":true,"href":"https:\/\/cosyowl.com\/fr\/wp-json\/wp\/v2\/product_cat?post=9783"},{"taxonomy":"product_tag","embeddable":true,"href":"https:\/\/cosyowl.com\/fr\/wp-json\/wp\/v2\/product_tag?post=9783"}],"curies":[{"name":"wp","href":"https:\/\/api.w.org\/{rel}","templated":true}]}}