{"id":9780,"date":"2021-10-01T05:39:00","date_gmt":"2021-01-10T05:39:09","guid":{"rendered":"https:\/\/cosyowl.com\/fr\/product\/non%20class\u00e9\/rot-kerzenglitter"},"modified":"2025-12-03T11:48:36","modified_gmt":"2025-12-03T10:48:36","slug":"bougie-rouge-scintillante","status":"publish","type":"product","link":"https:\/\/cosyowl.com\/fr\/bougeoirs-fournitures\/paillettes\/bougie-paillettes-rouges","title":{"rendered":"Bougie rouge scintillante"},"content":{"rendered":"<p>Cette superbe paillette cramoisie est un bel additif \u00e0 votre cire. Lorsque la cire est fondue, les paillettes dansent autour du r\u00e9cipient. Ces paillettes peuvent \u00eatre utilis\u00e9es dans les cosm\u00e9tiques, les soins personnels, les savons, les vernis \u00e0 ongles, l&rsquo;artisanat, les peintures et les rev\u00eatements et les arts graphiques.<\/p>\n<p>Ce produit est mieux utilis\u00e9 dans la cire fondue, s&rsquo;il est utilis\u00e9 dans des bougies, il peut obstruer la m\u00e8che!<\/p>\n","protected":false},"excerpt":{"rendered":"<p>Cette superbe paillette cramoisie est un bel additif \u00e0 votre cire. Lorsque la cire est fondue, les paillettes dansent autour du r\u00e9cipient. Ces paillettes peuvent \u00eatre utilis\u00e9es dans les cosm\u00e9tiques, les soins personnels, les savons, les vernis \u00e0 ongles, l&rsquo;artisanat, les peintures et les rev\u00eatements et les arts graphiques. Ce produit est mieux utilis\u00e9 dans [&hellip;]<\/p>\n","protected":false},"featured_media":11244,"comment_status":"open","ping_status":"closed","template":"","meta":{"_acf_changed":false},"product_brand":[],"product_cat":[105,147,146],"product_tag":[533],"class_list":{"0":"post-9780","1":"product","2":"type-product","3":"status-publish","4":"has-post-thumbnail","6":"product_cat-noel","7":"product_cat-fondants-parfumes-poudre-de-mica-et-paillettes","8":"product_cat-fournitures-de-bougie-poudres-de-mica","9":"product_tag-black-friday","11":"first","12":"instock","13":"taxable","14":"shipping-taxable","15":"purchasable","16":"product-type-variable"},"acf":[],"_links":{"self":[{"href":"https:\/\/cosyowl.com\/fr\/wp-json\/wp\/v2\/product\/9780","targetHints":{"allow":["GET"]}}],"collection":[{"href":"https:\/\/cosyowl.com\/fr\/wp-json\/wp\/v2\/product"}],"about":[{"href":"https:\/\/cosyowl.com\/fr\/wp-json\/wp\/v2\/types\/product"}],"replies":[{"embeddable":true,"href":"https:\/\/cosyowl.com\/fr\/wp-json\/wp\/v2\/comments?post=9780"}],"wp:featuredmedia":[{"embeddable":true,"href":"https:\/\/cosyowl.com\/fr\/wp-json\/wp\/v2\/media\/11244"}],"wp:attachment":[{"href":"https:\/\/cosyowl.com\/fr\/wp-json\/wp\/v2\/media?parent=9780"}],"wp:term":[{"taxonomy":"product_brand","embeddable":true,"href":"https:\/\/cosyowl.com\/fr\/wp-json\/wp\/v2\/product_brand?post=9780"},{"taxonomy":"product_cat","embeddable":true,"href":"https:\/\/cosyowl.com\/fr\/wp-json\/wp\/v2\/product_cat?post=9780"},{"taxonomy":"product_tag","embeddable":true,"href":"https:\/\/cosyowl.com\/fr\/wp-json\/wp\/v2\/product_tag?post=9780"}],"curies":[{"name":"wp","href":"https:\/\/api.w.org\/{rel}","templated":true}]}}