{"id":9749,"date":"2020-10-01T05:39:00","date_gmt":"2020-10-01T04:39:00","guid":{"rendered":"https:\/\/cosyowl.com\/fr\/product\/non%20class\u00e9\/import-placeholder-for-tcdl-cmca-bowl-lflb-481"},"modified":"2025-12-03T11:48:36","modified_gmt":"2025-12-03T10:48:36","slug":"flash-blue-mica-powder","status":"publish","type":"product","link":"https:\/\/cosyowl.com\/fr\/fournitures-de-bougies\/poudres-de-mica\/bleu-flash","title":{"rendered":"Flash Blue Mica Powder"},"content":{"rendered":"<p class=\"p3\" style=\"margin: 0cm;margin-bottom: .0001pt\">Cette teinte cobalt impressionnante fait une d\u00e9claration audacieuse. Lorsqu&rsquo;il est suspendu dans de la cire, ce bleu rayonnant est convaincant car il tourbillonne dans la cire. Cette poudre de mica peut \u00eatre utilis\u00e9e dans les cosm\u00e9tiques, les soins personnels, les savons, les vernis \u00e0 ongles, l&rsquo;artisanat, les peintures et les rev\u00eatements et les arts graphiques. Les ingr\u00e9dients de cette poudre de mica sont: Fluorphlogopite, dioxyde de titane, oxyde d&rsquo;\u00e9tain et bleu outremer.<\/p>\n<p>Ce produit est mieux utilis\u00e9 dans la cire fondue, s&rsquo;il est utilis\u00e9 dans des bougies, il peut obstruer la m\u00e8che!<\/p>\n","protected":false},"excerpt":{"rendered":"<p>Cette teinte cobalt impressionnante fait une d\u00e9claration audacieuse. Lorsqu&rsquo;il est suspendu dans de la cire, ce bleu rayonnant est convaincant car il tourbillonne dans la cire. Cette poudre de mica peut \u00eatre utilis\u00e9e dans les cosm\u00e9tiques, les soins personnels, les savons, les vernis \u00e0 ongles, l&rsquo;artisanat, les peintures et les rev\u00eatements et les arts graphiques. [&hellip;]<\/p>\n","protected":false},"featured_media":9775,"comment_status":"open","ping_status":"closed","template":"","meta":{"_acf_changed":false},"product_brand":[],"product_cat":[154,147,146,260],"product_tag":[533],"class_list":{"0":"post-9749","1":"product","2":"type-product","3":"status-publish","4":"has-post-thumbnail","6":"product_cat-fabrication-de-savon-poudre-de-mica-et-paillettes","7":"product_cat-fondants-parfumes-poudre-de-mica-et-paillettes","8":"product_cat-fournitures-de-bougie-poudres-de-mica","9":"product_cat-baume-a-levres-teintes","10":"product_tag-black-friday","12":"first","13":"instock","14":"taxable","15":"shipping-taxable","16":"purchasable","17":"product-type-variable"},"acf":[],"_links":{"self":[{"href":"https:\/\/cosyowl.com\/fr\/wp-json\/wp\/v2\/product\/9749","targetHints":{"allow":["GET"]}}],"collection":[{"href":"https:\/\/cosyowl.com\/fr\/wp-json\/wp\/v2\/product"}],"about":[{"href":"https:\/\/cosyowl.com\/fr\/wp-json\/wp\/v2\/types\/product"}],"replies":[{"embeddable":true,"href":"https:\/\/cosyowl.com\/fr\/wp-json\/wp\/v2\/comments?post=9749"}],"wp:featuredmedia":[{"embeddable":true,"href":"https:\/\/cosyowl.com\/fr\/wp-json\/wp\/v2\/media\/9775"}],"wp:attachment":[{"href":"https:\/\/cosyowl.com\/fr\/wp-json\/wp\/v2\/media?parent=9749"}],"wp:term":[{"taxonomy":"product_brand","embeddable":true,"href":"https:\/\/cosyowl.com\/fr\/wp-json\/wp\/v2\/product_brand?post=9749"},{"taxonomy":"product_cat","embeddable":true,"href":"https:\/\/cosyowl.com\/fr\/wp-json\/wp\/v2\/product_cat?post=9749"},{"taxonomy":"product_tag","embeddable":true,"href":"https:\/\/cosyowl.com\/fr\/wp-json\/wp\/v2\/product_tag?post=9749"}],"curies":[{"name":"wp","href":"https:\/\/api.w.org\/{rel}","templated":true}]}}