{"id":9748,"date":"2020-10-01T05:39:00","date_gmt":"2020-10-01T04:39:00","guid":{"rendered":"https:\/\/cosyowl.com\/fr\/product\/non%20class\u00e9\/import-placeholder-for-tcdl-cmca-bowl-lppi-480"},"modified":"2025-12-03T11:48:36","modified_gmt":"2025-12-03T10:48:36","slug":"mica-en-poudre-rose-peche","status":"publish","type":"product","link":"https:\/\/cosyowl.com\/fr\/bougeoirs-fournitures\/poudres-de-mica\/rose-peche","title":{"rendered":"Mica en poudre rose p\u00eache"},"content":{"rendered":"<p class=\"p3\" style=\"margin: 0cm;margin-bottom: .0001pt\">Ce magnifique rose thulian est magnifiquement fin. Lorsqu&rsquo;il est m\u00e9lang\u00e9 avec d&rsquo;autres reflets, l&rsquo;imp\u00e9rialit\u00e9 de la couleur est extr\u00eamement puissante. Cette poudre de mica peut \u00eatre utilis\u00e9e dans les savons, les vernis \u00e0 ongles, l&rsquo;artisanat, les peintures et les rev\u00eatements et les arts graphiques. Les ingr\u00e9dients de cette poudre de mica sont: le mica, le dioxyde de titane, l&rsquo;oxyde de fer et la silice.<\/p>\n<p>Ce produit est mieux utilis\u00e9 dans la cire fondue, s&rsquo;il est utilis\u00e9 dans des bougies, il peut obstruer la m\u00e8che!<\/p>\n","protected":false},"excerpt":{"rendered":"<p>Ce magnifique rose thulian est magnifiquement fin. Lorsqu&rsquo;il est m\u00e9lang\u00e9 avec d&rsquo;autres reflets, l&rsquo;imp\u00e9rialit\u00e9 de la couleur est extr\u00eamement puissante. Cette poudre de mica peut \u00eatre utilis\u00e9e dans les savons, les vernis \u00e0 ongles, l&rsquo;artisanat, les peintures et les rev\u00eatements et les arts graphiques. Les ingr\u00e9dients de cette poudre de mica sont: le mica, le [&hellip;]<\/p>\n","protected":false},"featured_media":9771,"comment_status":"open","ping_status":"closed","template":"","meta":{"_acf_changed":false},"product_brand":[],"product_cat":[411,154,147,146,260],"product_tag":[533],"class_list":{"0":"post-9748","1":"product","2":"type-product","3":"status-publish","4":"has-post-thumbnail","6":"product_cat-saint-valentin","7":"product_cat-fabrication-de-savon-poudre-de-mica-et-paillettes","8":"product_cat-fondants-parfumes-poudre-de-mica-et-paillettes","9":"product_cat-fournitures-de-bougie-poudres-de-mica","10":"product_cat-baume-a-levres-teintes","11":"product_tag-black-friday","13":"first","14":"instock","15":"taxable","16":"shipping-taxable","17":"purchasable","18":"product-type-variable"},"acf":[],"_links":{"self":[{"href":"https:\/\/cosyowl.com\/fr\/wp-json\/wp\/v2\/product\/9748","targetHints":{"allow":["GET"]}}],"collection":[{"href":"https:\/\/cosyowl.com\/fr\/wp-json\/wp\/v2\/product"}],"about":[{"href":"https:\/\/cosyowl.com\/fr\/wp-json\/wp\/v2\/types\/product"}],"replies":[{"embeddable":true,"href":"https:\/\/cosyowl.com\/fr\/wp-json\/wp\/v2\/comments?post=9748"}],"wp:featuredmedia":[{"embeddable":true,"href":"https:\/\/cosyowl.com\/fr\/wp-json\/wp\/v2\/media\/9771"}],"wp:attachment":[{"href":"https:\/\/cosyowl.com\/fr\/wp-json\/wp\/v2\/media?parent=9748"}],"wp:term":[{"taxonomy":"product_brand","embeddable":true,"href":"https:\/\/cosyowl.com\/fr\/wp-json\/wp\/v2\/product_brand?post=9748"},{"taxonomy":"product_cat","embeddable":true,"href":"https:\/\/cosyowl.com\/fr\/wp-json\/wp\/v2\/product_cat?post=9748"},{"taxonomy":"product_tag","embeddable":true,"href":"https:\/\/cosyowl.com\/fr\/wp-json\/wp\/v2\/product_tag?post=9748"}],"curies":[{"name":"wp","href":"https:\/\/api.w.org\/{rel}","templated":true}]}}