{"id":9744,"date":"2020-10-01T05:39:00","date_gmt":"2020-10-01T04:39:00","guid":{"rendered":"https:\/\/cosyowl.com\/fr\/product\/non%20class\u00e9\/import-placeholder-for-tcdl-cmca-bowl-lrpr-476"},"modified":"2025-12-03T11:48:32","modified_gmt":"2025-12-03T10:48:32","slug":"mica-en-poudre-perle-rouge","status":"publish","type":"product","link":"https:\/\/cosyowl.com\/fr\/fournitures-de-bougies\/poudre-et-paillettes-de-mica\/red-pearl-mica-powder","title":{"rendered":"Mica En Poudre Perle Rouge"},"content":{"rendered":"<p>Ce vermillon nacr\u00e9 est profond, sombre et riche. Il est \u00e0 la fois l\u00e9ger et d\u00e9licat, excitant et enchanteur. S&rsquo;accordant parfaitement avec une autre teinte chatoyante, cette poudre de mica a des possibilit\u00e9s cr\u00e9atives infinies. Cette poudre de mica peut \u00eatre utilis\u00e9e dans les cosm\u00e9tiques, les soins personnels, les savons, les vernis \u00e0 ongles, l&rsquo;artisanat, les peintures et les rev\u00eatements et les arts graphiques. Les ingr\u00e9dients de cette poudre de mica sont: le mica et l&rsquo;oxyde de fer.<\/p>\n<p>Nous vous conseillons de ne pas mettre ce produit dans des bougies car il peut obstruer votre m\u00e8che.<\/p>\n","protected":false},"excerpt":{"rendered":"<p>Ce vermillon nacr\u00e9 est profond, sombre et riche. Il est \u00e0 la fois l\u00e9ger et d\u00e9licat, excitant et enchanteur. S&rsquo;accordant parfaitement avec une autre teinte chatoyante, cette poudre de mica a des possibilit\u00e9s cr\u00e9atives infinies. Cette poudre de mica peut \u00eatre utilis\u00e9e dans les cosm\u00e9tiques, les soins personnels, les savons, les vernis \u00e0 ongles, l&rsquo;artisanat, [&hellip;]<\/p>\n","protected":false},"featured_media":9755,"comment_status":"open","ping_status":"closed","template":"","meta":{"_acf_changed":false},"product_brand":[],"product_cat":[411,154,147,146,260],"product_tag":[533],"class_list":{"0":"post-9744","1":"product","2":"type-product","3":"status-publish","4":"has-post-thumbnail","6":"product_cat-saint-valentin","7":"product_cat-fabrication-de-savon-poudre-de-mica-et-paillettes","8":"product_cat-fondants-parfumes-poudre-de-mica-et-paillettes","9":"product_cat-fournitures-de-bougie-poudres-de-mica","10":"product_cat-baume-a-levres-teintes","11":"product_tag-black-friday","13":"first","14":"instock","15":"taxable","16":"shipping-taxable","17":"purchasable","18":"product-type-variable"},"acf":[],"_links":{"self":[{"href":"https:\/\/cosyowl.com\/fr\/wp-json\/wp\/v2\/product\/9744","targetHints":{"allow":["GET"]}}],"collection":[{"href":"https:\/\/cosyowl.com\/fr\/wp-json\/wp\/v2\/product"}],"about":[{"href":"https:\/\/cosyowl.com\/fr\/wp-json\/wp\/v2\/types\/product"}],"replies":[{"embeddable":true,"href":"https:\/\/cosyowl.com\/fr\/wp-json\/wp\/v2\/comments?post=9744"}],"wp:featuredmedia":[{"embeddable":true,"href":"https:\/\/cosyowl.com\/fr\/wp-json\/wp\/v2\/media\/9755"}],"wp:attachment":[{"href":"https:\/\/cosyowl.com\/fr\/wp-json\/wp\/v2\/media?parent=9744"}],"wp:term":[{"taxonomy":"product_brand","embeddable":true,"href":"https:\/\/cosyowl.com\/fr\/wp-json\/wp\/v2\/product_brand?post=9744"},{"taxonomy":"product_cat","embeddable":true,"href":"https:\/\/cosyowl.com\/fr\/wp-json\/wp\/v2\/product_cat?post=9744"},{"taxonomy":"product_tag","embeddable":true,"href":"https:\/\/cosyowl.com\/fr\/wp-json\/wp\/v2\/product_tag?post=9744"}],"curies":[{"name":"wp","href":"https:\/\/api.w.org\/{rel}","templated":true}]}}