{"id":9698,"date":"2020-10-01T05:38:00","date_gmt":"2020-10-01T04:38:00","guid":{"rendered":"https:\/\/cosyowl.com\/fr\/product\/non%20class\u00e9\/import-placeholder-for-tcdl-cmca-bowl-lsst-474"},"modified":"2025-12-03T11:48:32","modified_gmt":"2025-12-03T10:48:32","slug":"mica-en-poudre-argent-satine","status":"publish","type":"product","link":"https:\/\/cosyowl.com\/fr\/fournitures-de-bougies\/poudres-de-mica\/argent-satine","title":{"rendered":"Mica en poudre argent satin\u00e9"},"content":{"rendered":"<p>Cet argent nacr\u00e9 est une fa\u00e7on \u00e9tonnante d&rsquo;ajouter un peu de punch suppl\u00e9mentaire \u00e0 vos cires fondues. L&rsquo;irisation ajoute un glamour et une sophistication discrets \u00e0 toutes ses applications. Cette poudre de mica peut \u00eatre utilis\u00e9e dans les cosm\u00e9tiques, les soins personnels, les savons, les vernis \u00e0 ongles, les peintures et les rev\u00eatements et les arts graphiques. Les ingr\u00e9dients de cette poudre de mica sont: le mica et le dioxyde de titane.<\/p>\n<p>Nous vous conseillons de ne pas mettre ce produit dans des bougies car il peut obstruer votre m\u00e8che.<\/p>\n","protected":false},"excerpt":{"rendered":"<p>Cet argent nacr\u00e9 est une fa\u00e7on \u00e9tonnante d&rsquo;ajouter un peu de punch suppl\u00e9mentaire \u00e0 vos cires fondues. L&rsquo;irisation ajoute un glamour et une sophistication discrets \u00e0 toutes ses applications. Cette poudre de mica peut \u00eatre utilis\u00e9e dans les cosm\u00e9tiques, les soins personnels, les savons, les vernis \u00e0 ongles, les peintures et les rev\u00eatements et les [&hellip;]<\/p>\n","protected":false},"featured_media":9740,"comment_status":"open","ping_status":"closed","template":"","meta":{"_acf_changed":false},"product_brand":[],"product_cat":[154,147,146,260],"product_tag":[533],"class_list":{"0":"post-9698","1":"product","2":"type-product","3":"status-publish","4":"has-post-thumbnail","6":"product_cat-fabrication-de-savon-poudre-de-mica-et-paillettes","7":"product_cat-fondants-parfumes-poudre-de-mica-et-paillettes","8":"product_cat-fournitures-de-bougie-poudres-de-mica","9":"product_cat-baume-a-levres-teintes","10":"product_tag-black-friday","12":"first","13":"outofstock","14":"taxable","15":"shipping-taxable","16":"purchasable","17":"product-type-variable"},"acf":[],"_links":{"self":[{"href":"https:\/\/cosyowl.com\/fr\/wp-json\/wp\/v2\/product\/9698","targetHints":{"allow":["GET"]}}],"collection":[{"href":"https:\/\/cosyowl.com\/fr\/wp-json\/wp\/v2\/product"}],"about":[{"href":"https:\/\/cosyowl.com\/fr\/wp-json\/wp\/v2\/types\/product"}],"replies":[{"embeddable":true,"href":"https:\/\/cosyowl.com\/fr\/wp-json\/wp\/v2\/comments?post=9698"}],"wp:featuredmedia":[{"embeddable":true,"href":"https:\/\/cosyowl.com\/fr\/wp-json\/wp\/v2\/media\/9740"}],"wp:attachment":[{"href":"https:\/\/cosyowl.com\/fr\/wp-json\/wp\/v2\/media?parent=9698"}],"wp:term":[{"taxonomy":"product_brand","embeddable":true,"href":"https:\/\/cosyowl.com\/fr\/wp-json\/wp\/v2\/product_brand?post=9698"},{"taxonomy":"product_cat","embeddable":true,"href":"https:\/\/cosyowl.com\/fr\/wp-json\/wp\/v2\/product_cat?post=9698"},{"taxonomy":"product_tag","embeddable":true,"href":"https:\/\/cosyowl.com\/fr\/wp-json\/wp\/v2\/product_tag?post=9698"}],"curies":[{"name":"wp","href":"https:\/\/api.w.org\/{rel}","templated":true}]}}