{"id":9671,"date":"2021-01-01T05:37:00","date_gmt":"2021-01-01T04:37:00","guid":{"rendered":"https:\/\/cosyowl.com\/fr\/product\/non%20class\u00e9\/segmentierte-delikatessen-topfe-mit-deckeln-giesform"},"modified":"2025-09-29T17:23:34","modified_gmt":"2025-09-29T15:23:34","slug":"moule-deli-pots-segmente-avec-couvercle","status":"publish","type":"product","link":"https:\/\/cosyowl.com\/fr\/produit\/moule-deli-pots-segmente-avec-couvercle","title":{"rendered":"Moule deli pots segment\u00e9 avec couvercle &#8211; Pas de couvercle"},"content":{"rendered":"<p>(Veuillez noter que le couvercle n&rsquo;est pas inclus en raison d&rsquo;une rupture de stock)<\/p>\n<p>Ce moule est id\u00e9al pour r\u00e9aliser des segments de marmite \u00e0 charcuterie facilement d\u00e9composables en 6 fondues individuelles.<\/p>\n<p>Ce moule est enti\u00e8rement recyclable.<\/p>\n","protected":false},"excerpt":{"rendered":"<p>(Veuillez noter que le couvercle n&rsquo;est pas inclus en raison d&rsquo;une rupture de stock) Ce moule est id\u00e9al pour r\u00e9aliser des segments de marmite \u00e0 charcuterie facilement d\u00e9composables en 6 fondues individuelles. Ce moule est enti\u00e8rement recyclable.<\/p>\n","protected":false},"featured_media":24737,"comment_status":"open","ping_status":"closed","template":"","meta":{"_acf_changed":false},"product_brand":[],"product_cat":[109,141],"product_tag":[],"class_list":{"0":"post-9671","1":"product","2":"type-product","3":"status-publish","4":"has-post-thumbnail","6":"product_cat-autres-contenants-pour-bougies","7":"product_cat-fondants-parfumes-moules","9":"first","10":"instock","11":"taxable","12":"shipping-taxable","13":"purchasable","14":"product-type-variable"},"acf":[],"_links":{"self":[{"href":"https:\/\/cosyowl.com\/fr\/wp-json\/wp\/v2\/product\/9671","targetHints":{"allow":["GET"]}}],"collection":[{"href":"https:\/\/cosyowl.com\/fr\/wp-json\/wp\/v2\/product"}],"about":[{"href":"https:\/\/cosyowl.com\/fr\/wp-json\/wp\/v2\/types\/product"}],"replies":[{"embeddable":true,"href":"https:\/\/cosyowl.com\/fr\/wp-json\/wp\/v2\/comments?post=9671"}],"wp:featuredmedia":[{"embeddable":true,"href":"https:\/\/cosyowl.com\/fr\/wp-json\/wp\/v2\/media\/24737"}],"wp:attachment":[{"href":"https:\/\/cosyowl.com\/fr\/wp-json\/wp\/v2\/media?parent=9671"}],"wp:term":[{"taxonomy":"product_brand","embeddable":true,"href":"https:\/\/cosyowl.com\/fr\/wp-json\/wp\/v2\/product_brand?post=9671"},{"taxonomy":"product_cat","embeddable":true,"href":"https:\/\/cosyowl.com\/fr\/wp-json\/wp\/v2\/product_cat?post=9671"},{"taxonomy":"product_tag","embeddable":true,"href":"https:\/\/cosyowl.com\/fr\/wp-json\/wp\/v2\/product_tag?post=9671"}],"curies":[{"name":"wp","href":"https:\/\/api.w.org\/{rel}","templated":true}]}}