{"id":9639,"date":"2021-01-01T05:37:00","date_gmt":"2021-01-01T04:37:00","guid":{"rendered":"https:\/\/cosyowl.com\/fr\/product\/non%20class\u00e9\/import-placeholder-for-tcdl-ccon-bowl-chcl-447"},"modified":"2025-09-29T17:23:31","modified_gmt":"2025-09-29T15:23:31","slug":"moule-a-clapet-en-forme-de-coeur","status":"publish","type":"product","link":"https:\/\/cosyowl.com\/fr\/produit\/moule-a-clapet-en-forme-de-coeur","title":{"rendered":"Moule \u00e0 clapet en forme de c\u0153ur"},"content":{"rendered":"<p>Ce moule est id\u00e9al pour faire un bloc de c\u0153urs de cire adorateurs qui peuvent facilement \u00eatre d\u00e9compos\u00e9s en 6 fusions individuelles. Veuillez noter que le moule n&rsquo;est pas livr\u00e9 avec de la cire.<\/p>\n<p>Suggestions pour fabriquer vos coquilles de palourdes cardiaques<\/p>\n<ul>\n<li>Faites fondre la cire et laissez-la refroidir \u00e0 55\u00b0C avant de la verser soigneusement dans les moules (le verser dans les moules \u00e0 une temp\u00e9rature plus \u00e9lev\u00e9e pourrait endommager la fonte et provoquer des fuites) &#8211; utilisez toujours une surface plane qui r\u00e9siste \u00e0 la chaleur (la plupart des contre-surfaces dans les cuisines le sont)<\/li>\n<li>Pour les c\u0153urs d&rsquo;une seule couleur, versez simplement votre cire dans le moule jusqu&rsquo;au niveau maximum<\/li>\n<li>Si vous souhaitez combiner des couleurs, versez d&rsquo;abord une petite quantit\u00e9 de cire que vous souhaitez placer sur la surface sup\u00e9rieure du c\u0153ur dans la cavit\u00e9 et laissez-la durcir l\u00e9g\u00e8rement &#8211; puis ajoutez des couleurs suppl\u00e9mentaires si n\u00e9cessaire (nous sugg\u00e9rons pas plus de trois couleurs par c\u0153ur)<\/li>\n<li>Laissez la cire refroidir pour qu&rsquo;il soit clair qu&rsquo;elle se solidifie avant de fermer le couvercle et laissez durcir jusqu&rsquo;\u00e0 ce qu&rsquo;elle durcisse<\/li>\n<li>Un m\u00e9lange pilier de cire est le choix pr\u00e9f\u00e9r\u00e9 de la plupart de nos clients car ce type de cire est plus dur et permet aux c\u0153urs solidifi\u00e9s d&rsquo;\u00eatre facilement retir\u00e9s du moule<\/li>\n<\/ul>\n<p>Rappelez-vous, les meilleurs coeurs d&rsquo;amour sont ceux qui incluent ce parfum parfait pour cr\u00e9er l&rsquo;ar\u00f4me tendre tr\u00e8s important. Une s\u00e9lection de parfums sugg\u00e9r\u00e9s peut \u00eatre trouv\u00e9e dans notre liste <strong> Love Fragrance Oils <\/strong>, y compris des ar\u00f4mes populaires comme &lsquo;Midnight Passion&rsquo; et &lsquo;French Lavender&rsquo;.<\/p>\n<p>Ce moule est enti\u00e8rement recyclable.<\/p>\n","protected":false},"excerpt":{"rendered":"<p>Ce moule est id\u00e9al pour faire un bloc de c\u0153urs de cire adorateurs qui peuvent facilement \u00eatre d\u00e9compos\u00e9s en 6 fusions individuelles. Veuillez noter que le moule n&rsquo;est pas livr\u00e9 avec de la cire. Suggestions pour fabriquer vos coquilles de palourdes cardiaques Faites fondre la cire et laissez-la refroidir \u00e0 55\u00b0C avant de la verser [&hellip;]<\/p>\n","protected":false},"featured_media":9662,"comment_status":"open","ping_status":"closed","template":"","meta":{"_acf_changed":false},"product_brand":[],"product_cat":[339,109,411,141],"product_tag":[],"class_list":{"0":"post-9639","1":"product","2":"type-product","3":"status-publish","4":"has-post-thumbnail","6":"product_cat-sale","7":"product_cat-autres-contenants-pour-bougies","8":"product_cat-saint-valentin","9":"product_cat-fondants-parfumes-moules","11":"first","12":"outofstock","13":"sale","14":"taxable","15":"shipping-taxable","16":"purchasable","17":"product-type-variable"},"acf":[],"_links":{"self":[{"href":"https:\/\/cosyowl.com\/fr\/wp-json\/wp\/v2\/product\/9639","targetHints":{"allow":["GET"]}}],"collection":[{"href":"https:\/\/cosyowl.com\/fr\/wp-json\/wp\/v2\/product"}],"about":[{"href":"https:\/\/cosyowl.com\/fr\/wp-json\/wp\/v2\/types\/product"}],"replies":[{"embeddable":true,"href":"https:\/\/cosyowl.com\/fr\/wp-json\/wp\/v2\/comments?post=9639"}],"wp:featuredmedia":[{"embeddable":true,"href":"https:\/\/cosyowl.com\/fr\/wp-json\/wp\/v2\/media\/9662"}],"wp:attachment":[{"href":"https:\/\/cosyowl.com\/fr\/wp-json\/wp\/v2\/media?parent=9639"}],"wp:term":[{"taxonomy":"product_brand","embeddable":true,"href":"https:\/\/cosyowl.com\/fr\/wp-json\/wp\/v2\/product_brand?post=9639"},{"taxonomy":"product_cat","embeddable":true,"href":"https:\/\/cosyowl.com\/fr\/wp-json\/wp\/v2\/product_cat?post=9639"},{"taxonomy":"product_tag","embeddable":true,"href":"https:\/\/cosyowl.com\/fr\/wp-json\/wp\/v2\/product_tag?post=9639"}],"curies":[{"name":"wp","href":"https:\/\/api.w.org\/{rel}","templated":true}]}}