{"id":9638,"date":"2021-10-01T05:37:00","date_gmt":"2021-10-01T03:37:00","guid":{"rendered":"https:\/\/cosyowl.com\/fr\/product\/non%20class\u00e9\/import-placeholder-for-tcdl-cfra-bowl-nptl-445"},"modified":"2025-10-30T16:35:44","modified_gmt":"2025-10-30T15:35:44","slug":"huile-parfumee-a-lessence","status":"publish","type":"product","link":"https:\/\/cosyowl.com\/fr\/fournitures-de-bougies\/parfumees-pour-bougies\/tous-les-parfums\/huile-parfumee-a-lessence","title":{"rendered":"Huile parfum\u00e9e \u00e0 l&rsquo;essence"},"content":{"rendered":"<p>Fabriqu\u00e9 avec des ingr\u00e9dients naturels et des huiles essentielles*.<\/p>\n<p>Notre huile parfum\u00e9e \u00e0 l\u2019essence unique et captivante est unique en son genre. Un ar\u00f4me fruit\u00e9 chimique \u00e0 la fois audacieux et s\u00e9duisant. Des notes de cerise et d&rsquo;amande enveloppent vos sens dans une \u00e9treinte succulente. Pendant ce temps, des notes de raisin ajoutent une touche de douceur. Mais ce qui distingue vraiment notre huile parfum\u00e9e \u00e0 l\u2019essence, c\u2019est sa touche inattendue : des nuances subtiles d\u2019essence, d\u2019ambre et de sucre sucr\u00e9.<\/p>\n<p>Nous allons d\u00e9sormais stocker les parfums Craftovator, \u00e9tendant ainsi notre assistance aux anciens clients Craftovator. Ce sont exactement les parfums vendus par Craftovator, pas des dupes. Bien que nous d\u00e9veloppions et stockions g\u00e9n\u00e9ralement uniquement des parfums exclusifs \u00e0 Cozy Owl, ceux-ci ont \u00e9t\u00e9 introduits pour soutenir les clients Craftovator.<\/p>\n<p>Quelle quantit\u00e9 de parfum dois-je ajouter ?<\/p>\n<p>Tous nos parfums sont de haute qualit\u00e9 et sp\u00e9cialement con\u00e7us pour offrir une excellente diffusion de parfum, ce qui signifie que de mani\u00e8re g\u00e9n\u00e9rale, moins c&rsquo;est plus. La quantit\u00e9 \u00e0 ajouter est l\u00e9g\u00e8rement complexe et nous avons d\u00e9velopp\u00e9 un guide pour vous donner plus de d\u00e9tails ici. En g\u00e9n\u00e9ral, commencer avec 5 \u00e0 8 % est une bonne id\u00e9e et jusqu&rsquo;\u00e0 10 % pour les parfums moins forts devraient vous donner plus qu&rsquo;assez de parfum. Il est toujours pr\u00e9f\u00e9rable d\u2019exp\u00e9rimenter chaque combinaison de parfum et de cire, de commencer doucement et de progresser. Tant que vous suivez le guide et respectez le point d&rsquo;\u00e9clair, vous obtiendrez des bougies magnifiquement parfum\u00e9es avec un peu de pratique. De mani\u00e8re g\u00e9n\u00e9rale, vous ne devriez jamais mettre plus de 12 % de parfum, car la bougie commencerait litt\u00e9ralement \u00e0 transpirer ou \u00e0 lessiver le parfum.<\/p>\n<p>Toutes les huiles parfum\u00e9es ont ce que l\u2019on appelle un point d\u2019\u00e9clair \u2013 la temp\u00e9rature \u00e0 laquelle l\u2019huile commence \u00e0 br\u00fbler et le parfum est lib\u00e9r\u00e9.<\/p>\n<p>Le\u00a0point d&rsquo;\u00e9clair de l&rsquo;essence est de 63\u00a0\u00b0\u00a0C. Pour plus d&rsquo;informations sur les points d&rsquo;\u00e9clair, suivez ce lien\u00a0https:\/\/www.cosyowl.com\/guides\/how-to-use-fragrance-oils\/<\/p>\n<p>Veuillez \u00e9galement vous r\u00e9f\u00e9rer \u00e0 notre notice d&rsquo;information CLP sur l&rsquo;utilisation des huiles parfum\u00e9es dans les bougies avant d&rsquo;acheter. Ces informations concernent la composition chimique de l\u2019huile ainsi que des mises en garde concernant d\u2019\u00e9ventuelles r\u00e9actions allergiques.<\/p>\n<p>Sans cruaut\u00e9<\/p>\n<p>L&rsquo;approvisionnement \u00e9thique des produits est de la plus haute importance pour nous et nous sommes tr\u00e8s fiers de dire que toutes les huiles parfum\u00e9es fournies par Cozy Owl, ainsi que leurs mati\u00e8res premi\u00e8res, sont sans cruaut\u00e9 envers les animaux et qu&rsquo;aucun test sur les animaux ou les humains n&rsquo;est effectu\u00e9. Nous comprenons cependant qu&rsquo;il puisse y avoir une certaine confusion car les fiches de donn\u00e9es de s\u00e9curit\u00e9 (FDS) contiennent des valeurs de toxicit\u00e9 pour le rat et le lapin. Cette section particuli\u00e8re fait r\u00e9f\u00e9rence \u00e0 la DL50 (toxicit\u00e9) d&rsquo;ingr\u00e9dients particuliers qui sont requis pour d&rsquo;autres industries (comme pour une utilisation dans l&rsquo;alimentation) et il est obligatoire de les inclure l\u00e0 o\u00f9 ils existent. Toutes les donn\u00e9es de tests sur les animaux sont bas\u00e9es sur des tests qui n&rsquo;ont pas \u00e9t\u00e9 effectu\u00e9s ou sanctionn\u00e9s par nous ou nos fournisseurs. Dans certains cas, ces tests ont \u00e9t\u00e9 mandat\u00e9s par une agence gouvernementale ou effectu\u00e9s il y a des d\u00e9cennies et aucun test n&rsquo;a \u00e9t\u00e9 cat\u00e9goriquement effectu\u00e9 pour l&rsquo;utilisation de ces ingr\u00e9dients dans les produits. nous fournissons.<\/p>\n<p>Nous conseillons \u00e0 tous les clients de tester les parfums avec nos flacons testeurs de 10 ml avant de commander des tailles ou des quantit\u00e9s plus grandes, dans le cas peu probable o\u00f9 vous seriez insatisfait d&rsquo;une huile parfum\u00e9e. Veuillez consulter notre\u00a0page\u00a0Livraison et retours\u00a0pour conna\u00eetre l&rsquo;int\u00e9gralit\u00e9 des conditions g\u00e9n\u00e9rales.<\/p>\n<p>*Ce parfum contient des \u00e9l\u00e9ments naturels (huiles essentielles, extraits, r\u00e9sines, isolats) mais n&rsquo;est pas enti\u00e8rement naturel. Nos huiles parfum\u00e9es ont \u00e9t\u00e9 con\u00e7ues pour \u00eatre aussi simples, propres et naturelles que possible tout en offrant le meilleur parfum et la meilleure gamme de notes parfum\u00e9es. Les compos\u00e9s qui ne proviennent pas directement de la nature sont soit chimiquement identiques aux compos\u00e9s naturels, soit cr\u00e9\u00e9s artificiellement, soit l\u00e9g\u00e8rement modifi\u00e9s, g\u00e9n\u00e9ralement pour donner un parfum l\u00e9g\u00e8rement plus fort. Parfois, des parfums introuvables dans la nature sont utilis\u00e9s pour donner le parfum distinctif requis pour certains parfums de type plus artificiels. C\u2019est la m\u00eame chose que toutes les huiles parfum\u00e9es disponibles sur le march\u00e9 aujourd\u2019hui.<\/p>\n<p>Les huiles parfum\u00e9es ont g\u00e9n\u00e9ralement un d\u00e9lai d\u2019expiration d\u2019un an \u00e0 compter de la date de fabrication. Cependant, de nombreuses huiles parfum\u00e9es peuvent durer des mois, voire des ann\u00e9es, au-del\u00e0 de cette date si elles sont stock\u00e9es correctement. Des tests (nous n&rsquo;offrons pas ce service) peuvent \u00eatre effectu\u00e9s sur les huiles parfum\u00e9es pour d\u00e9terminer leur ad\u00e9quation au-del\u00e0 de leur dur\u00e9e de conservation.<\/p>\n","protected":false},"excerpt":{"rendered":"<p>Fabriqu\u00e9 avec des ingr\u00e9dients naturels et des huiles essentielles*. Notre huile parfum\u00e9e \u00e0 l\u2019essence unique et captivante est unique en son genre. Un ar\u00f4me fruit\u00e9 chimique \u00e0 la fois audacieux et s\u00e9duisant. Des notes de cerise et d&rsquo;amande enveloppent vos sens dans une \u00e9treinte succulente. Pendant ce temps, des notes de raisin ajoutent une touche [&hellip;]<\/p>\n","protected":false},"featured_media":9653,"comment_status":"open","ping_status":"closed","template":"","meta":{"_acf_changed":false},"product_brand":[],"product_cat":[116,118,265,119,285,414,138,199,111],"product_tag":[],"class_list":{"0":"post-9638","1":"product","2":"type-product","3":"status-publish","4":"has-post-thumbnail","6":"product_cat-fabrication-de-savon-huiles-parfumees","7":"product_cat-huile-a-barbe-parfumees","8":"product_cat-diffuseurs-batonnets-huiles-parfumees","9":"product_cat-fondants-parfumes-huiles-parfumees","10":"product_cat-soin-des-corps-huiles-parfumees","11":"product_cat-nouveau","12":"product_cat-huiles-parfumees-nouveau","13":"product_cat-soin-des-cheveux-huiles-parfumees","14":"product_cat-huiles-parfumees-tous-les-parfums","16":"first","17":"instock","18":"taxable","19":"shipping-taxable","20":"purchasable","21":"product-type-variable"},"acf":[],"_links":{"self":[{"href":"https:\/\/cosyowl.com\/fr\/wp-json\/wp\/v2\/product\/9638","targetHints":{"allow":["GET"]}}],"collection":[{"href":"https:\/\/cosyowl.com\/fr\/wp-json\/wp\/v2\/product"}],"about":[{"href":"https:\/\/cosyowl.com\/fr\/wp-json\/wp\/v2\/types\/product"}],"replies":[{"embeddable":true,"href":"https:\/\/cosyowl.com\/fr\/wp-json\/wp\/v2\/comments?post=9638"}],"wp:featuredmedia":[{"embeddable":true,"href":"https:\/\/cosyowl.com\/fr\/wp-json\/wp\/v2\/media\/9653"}],"wp:attachment":[{"href":"https:\/\/cosyowl.com\/fr\/wp-json\/wp\/v2\/media?parent=9638"}],"wp:term":[{"taxonomy":"product_brand","embeddable":true,"href":"https:\/\/cosyowl.com\/fr\/wp-json\/wp\/v2\/product_brand?post=9638"},{"taxonomy":"product_cat","embeddable":true,"href":"https:\/\/cosyowl.com\/fr\/wp-json\/wp\/v2\/product_cat?post=9638"},{"taxonomy":"product_tag","embeddable":true,"href":"https:\/\/cosyowl.com\/fr\/wp-json\/wp\/v2\/product_tag?post=9638"}],"curies":[{"name":"wp","href":"https:\/\/api.w.org\/{rel}","templated":true}]}}