{"id":9606,"date":"2021-10-01T05:37:00","date_gmt":"2021-10-01T03:37:00","guid":{"rendered":"https:\/\/cosyowl.com\/fr\/product\/non%20class\u00e9\/import-placeholder-for-tcdl-cfra-bowl-nsgt-442"},"modified":"2025-12-03T11:52:06","modified_gmt":"2025-12-03T10:52:06","slug":"huile-parfumee-grace-type-premium-de-cosy-owl","status":"publish","type":"product","link":"https:\/\/cosyowl.com\/fr\/huiles-parfumees\/huile-parfumee-grace-type","title":{"rendered":"Huile parfum\u00e9e Grace Type Premium de Cosy Owl"},"content":{"rendered":"<p>Ce parfum culte a un v\u00e9ritable public d\u00e9di\u00e9 et a \u00e9t\u00e9 d\u00e9crit comme provoquant une d\u00e9pendance par ses d\u00e9fenseurs. D\u00e9j\u00e0 un parfum de bougie haut la version Cozy Owl Premium est une excellente reproduction de ce parfum classique. Avec des notes de t\u00eate zest\u00e9es et fra\u00eeches d&rsquo;agrumes, les m\u00e9diums de rose et de jasmin se combinent avec les notes de fond musqu\u00e9es plus terreuses pour cr\u00e9er ce parfum cors\u00e9 qui s&rsquo;est r\u00e9v\u00e9l\u00e9 si populaire.<\/p>\n<p>En tant que parfum Cozy Owl Premium, nous en sommes convaincus, il est sans \u00e9gal au-dessus de tout ce qui est actuellement disponible sur le march\u00e9 de la fabrication de bougies. Nous avons pass\u00e9 des mois \u00e0 travailler avec des experts du secteur pour d\u00e9velopper une nouvelle gamme de parfums offrant plus de force, de profondeur, de rondeur et de parfum. Nous avons utilis\u00e9 des ingr\u00e9dients de la plus haute qualit\u00e9 et des plus co\u00fbteux, des m\u00e9langes d&rsquo;ingr\u00e9dients plus complexes et un m\u00e9lange beaucoup plus concentr\u00e9, ce qui signifie que ces parfums seront bien plus forts et plus arrondis.<\/p>\n<p>La meilleure partie est que, bien que ceux-ci soient plus chers \u00e0 l&rsquo;achat au d\u00e9but, ils pourraient vous faire \u00e9conomiser de l&rsquo;argent par rapport aux parfums standard car vous devriez en utiliser moins pour obtenir la m\u00eame force, ce qui signifie \u00e9galement des produits finis de meilleure qualit\u00e9.<\/p>\n<p>Pour plus d&rsquo;informations sur notre nouvelle gamme Cozy Owl Premium, comment et pourquoi ces parfums sont sup\u00e9rieurs et quels sont les avantages de les utiliser, consultez notre article.<\/p>\n<p><strong>Vous utilisez ce parfum dans un diffuseur \u00e0 roseaux\u00a0?<\/strong><\/p>\n<p><em>Cette huile parfum\u00e9e est actuellement en cours de reformulation\u00a0; nous vous tiendrons au courant lorsqu&rsquo;il sera de nouveau pr\u00eat \u00e0 \u00eatre utilis\u00e9 dans les diffuseurs.<\/em><\/p>\n<p><b>Puis-je utiliser cette huile parfum\u00e9e dans un savon ?<\/b><\/p>\n<p>Nos huiles parfum\u00e9es sont sp\u00e9cialement formul\u00e9es pour \u00eatre incorpor\u00e9es \u00e0 des barres de savon. Consultez la fiche de s\u00e9curit\u00e9 pour en savoir plus sur la quantit\u00e9 (%) maximale d\u2019huile \u00e0 utiliser pour chaque parfum utilis\u00e9 dans des applications de fabrication de barres de savon.<\/p>\n<p>Avant d\u2019acheter nos produits, veuillez vous reporter \u00e0 notre Avis d\u2019information sur la norme CLP (classification, \u00e9tiquetage et emballage) concernant l\u2019utilisation d\u2019huiles parfum\u00e9es dans la fabrication de bougies. Ces informations concernent la composition chimique des huiles ainsi que les r\u00e9actions allergiques potentielles.<\/p>\n<p>&nbsp;<\/p>\n<p>Les huiles parfum\u00e9es ont g\u00e9n\u00e9ralement une expiration d&rsquo;un an \u00e0 compter de la date de fabrication. Cependant, de nombreuses huiles parfum\u00e9es peuvent durer des mois, voire des ann\u00e9es apr\u00e8s cette date si elles sont stock\u00e9es correctement. Des tests (nous n&rsquo;offrons pas ce service) peuvent \u00eatre effectu\u00e9s sur les huiles parfum\u00e9es pour d\u00e9terminer leur ad\u00e9quation au-del\u00e0 de leur dur\u00e9e de conservation.<\/p>\n<p>Les documents IFRA en vigueur (IFRA version 48) sont pertinents et applicables pour tous nos parfums jusqu&rsquo;en f\u00e9vrier 2022, date d&rsquo;entr\u00e9e en vigueur des nouvelles classifications pour les produits existants, c&rsquo;est-\u00e0-dire les parfums d\u00e9j\u00e0 sur le march\u00e9. Tous les nouveaux parfums sont d\u00e9j\u00e0 soumis aux classifications IFRA 49. Au cours des prochaines semaines, au fur et \u00e0 mesure que nous recevrons les informations pertinentes, nous mettrons \u00e0 jour et apporterons les modifications n\u00e9cessaires \u00e0 notre site Web.<\/p>\n","protected":false},"excerpt":{"rendered":"<p>Ce parfum culte a un v\u00e9ritable public d\u00e9di\u00e9 et a \u00e9t\u00e9 d\u00e9crit comme provoquant une d\u00e9pendance par ses d\u00e9fenseurs. D\u00e9j\u00e0 un parfum de bougie haut la version Cozy Owl Premium est une excellente reproduction de ce parfum classique. Avec des notes de t\u00eate zest\u00e9es et fra\u00eeches d&rsquo;agrumes, les m\u00e9diums de rose et de jasmin se [&hellip;]<\/p>\n","protected":false},"featured_media":9635,"comment_status":"open","ping_status":"closed","template":"","meta":{"_acf_changed":false},"product_brand":[],"product_cat":[129,112,116,118,119,285,199,142,111],"product_tag":[533],"class_list":{"0":"post-9606","1":"product","2":"type-product","3":"status-publish","4":"has-post-thumbnail","6":"product_cat-huiles-parfumees-agrumes","7":"product_cat-huiles-parfumees-designer","8":"product_cat-fabrication-de-savon-huiles-parfumees","9":"product_cat-huile-a-barbe-parfumees","10":"product_cat-fondants-parfumes-huiles-parfumees","11":"product_cat-soin-des-corps-huiles-parfumees","12":"product_cat-soin-des-cheveux-huiles-parfumees","13":"product_cat-huiles-parfumees-premium","14":"product_cat-huiles-parfumees-tous-les-parfums","15":"product_tag-black-friday","17":"first","18":"instock","19":"taxable","20":"shipping-taxable","21":"purchasable","22":"product-type-variable"},"acf":[],"_links":{"self":[{"href":"https:\/\/cosyowl.com\/fr\/wp-json\/wp\/v2\/product\/9606","targetHints":{"allow":["GET"]}}],"collection":[{"href":"https:\/\/cosyowl.com\/fr\/wp-json\/wp\/v2\/product"}],"about":[{"href":"https:\/\/cosyowl.com\/fr\/wp-json\/wp\/v2\/types\/product"}],"replies":[{"embeddable":true,"href":"https:\/\/cosyowl.com\/fr\/wp-json\/wp\/v2\/comments?post=9606"}],"wp:featuredmedia":[{"embeddable":true,"href":"https:\/\/cosyowl.com\/fr\/wp-json\/wp\/v2\/media\/9635"}],"wp:attachment":[{"href":"https:\/\/cosyowl.com\/fr\/wp-json\/wp\/v2\/media?parent=9606"}],"wp:term":[{"taxonomy":"product_brand","embeddable":true,"href":"https:\/\/cosyowl.com\/fr\/wp-json\/wp\/v2\/product_brand?post=9606"},{"taxonomy":"product_cat","embeddable":true,"href":"https:\/\/cosyowl.com\/fr\/wp-json\/wp\/v2\/product_cat?post=9606"},{"taxonomy":"product_tag","embeddable":true,"href":"https:\/\/cosyowl.com\/fr\/wp-json\/wp\/v2\/product_tag?post=9606"}],"curies":[{"name":"wp","href":"https:\/\/api.w.org\/{rel}","templated":true}]}}