{"id":9568,"date":"2021-10-01T05:37:00","date_gmt":"2021-10-01T03:37:00","guid":{"rendered":"https:\/\/cosyowl.com\/fr\/product\/non%20class\u00e9\/import-placeholder-for-tcdl-cfra-bowl-nbbb-434"},"modified":"2025-12-03T11:52:05","modified_gmt":"2025-12-03T10:52:05","slug":"huile-parfumee-blackberry-bay-premium-de-cosy-owl","status":"publish","type":"product","link":"https:\/\/cosyowl.com\/fr\/huiles-parfumees\/huile-parfumee-blackberry-and-bay","title":{"rendered":"Huile parfum\u00e9e Blackberry &amp; Bay Premium de Cosy Owl"},"content":{"rendered":"<p>Un autre incontournable des rangs du fournisseur de bougies haut de gamme le plus c\u00e9l\u00e8bre du Royaume-Uni, reformul\u00e9 pour la gamme Cozy Owl Premium. Un parfum floral et fruit\u00e9 destin\u00e9 principalement aux femmes.\u00a0<strong>Les notes de t\u00eate de prune blanche, de ch\u00e8vrefeuille, de p\u00eache et de th\u00e9 noir<\/strong>\u00a0c\u00e8dent la place \u00e0 des notes moyennes de\u00a0<strong>m\u00fbre, fleur d&rsquo;oranger et feuilles de laurier<\/strong>\u00a0et des notes de fond de\u00a0<strong>vanille, mousse de ch\u00eane, c\u00e8dre et bois de santal cr\u00e9meux<\/strong>qui soutiennent l&rsquo;ensemble du parfum.<\/p>\n<p>En tant que l&rsquo;un des parfums Cozy Owl Premium, nous sommes convaincus qu&rsquo;il est au-dessus de tout ce qui est actuellement disponible sur le march\u00e9 actuel des fournitures de fabrication de bougies. Nous avons pass\u00e9 des mois \u00e0 travailler avec des experts de l&rsquo;industrie pour d\u00e9velopper une nouvelle gamme de parfums avec plus de force, de profondeur, de rondeur et de diffusion de parfum. Nous avons utilis\u00e9 les ingr\u00e9dients de la plus haute qualit\u00e9 et les plus chers, des m\u00e9langes d&rsquo;ingr\u00e9dients plus complexes et un m\u00e9lange beaucoup plus concentr\u00e9, ce qui signifie que ces parfums seront beaucoup plus forts et plus arrondis.<\/p>\n<p>La meilleure partie cependant est que bien qu&rsquo;ils soient plus chers \u00e0 l&rsquo;achat au d\u00e9part, ils pourraient vous faire \u00e9conomiser de l&rsquo;argent par rapport aux parfums standard car vous devriez en utiliser moins pour obtenir la m\u00eame force &#8211; ce qui signifie \u00e9galement des produits finaux de meilleure qualit\u00e9.&lt; \/p&gt;<\/p>\n<p>Cette huile parfum\u00e9e ne contient pas d&rsquo;huile de palme<\/p>\n<p>D\u00e9couvrez notre luxueuse s\u00e9lection de dupes de parfums haut de gamme \u2013 cliquez sur le lien pour en savoir plus et trouver votre parfum parfait <a href=\"https:\/\/cosyowl.com\/fr\/guides\/nos-parfums-dupes-des-parfums-luxueux-sans-le-prix-du-luxe\">Nos Dupes de Parfum ur <\/a><\/p>\n<p>Toutes les huiles parfum\u00e9es ont ce qu&rsquo;on appelle un point d&rsquo;\u00e9clair \u2013 la temp\u00e9rature \u00e0 laquelle l&rsquo;huile commencera \u00e0 br\u00fbler et le parfum sera lib\u00e9r\u00e9.<\/p>\n<p>Le\u00a0<strong>point d&rsquo;\u00e9clair pour Blackberry et Bay est de 93\u00a0\u00b0C<\/strong>, pour plus d&rsquo;informations sur les points d&rsquo;\u00e9clair, suivez ce lien\u00a0<a href=\"https:\/\/www.cosyowl.com\/guides\/how-%20to-use-fragrance-oils\/\">https:\/\/www.cosyowl.com\/guides\/how-to-use-fragrance-oils\/<\/a><\/p>\n<p>Pour plus d&rsquo;informations sur notre nouvelle gamme Cozy Owl Premium, comment et pourquoi ce sont des parfums sup\u00e9rieurs et quels sont les avantages de leur utilisation,\u00a0<a href=\"https:\/\/www.cosyowl.com\/guides\/new-cosy%20-owl-premium-candle-fragrances\/\" target=\"_blank\" rel=\"noopener\">voir notre article<\/a>.<\/p>\n<p><strong>Vous utilisez ce parfum dans un diffuseur \u00e0 roseaux\u00a0?<\/strong><\/p>\n<p><em>Cette huile parfum\u00e9e est actuellement en cours de reformulation\u00a0; nous vous tiendrons au courant lorsqu&rsquo;il sera de nouveau pr\u00eat \u00e0 \u00eatre utilis\u00e9 dans les diffuseurs.<\/em><\/p>\n<p><strong>Utiliser ce parfum dans un savon\u00a0?<\/strong><\/p>\n<p>Tous nos parfums sont \u00e9galement sp\u00e9cialement formul\u00e9s pour fonctionner dans les savons solides, consultez la fiche de donn\u00e9es de s\u00e9curit\u00e9 pour obtenir des informations sur le % maximum de chaque parfum pouvant \u00eatre utilis\u00e9 dans les applications de fabrication de savon.<\/p>\n<p>Veuillez \u00e9galement consulter notre avis d&rsquo;information CLP sur l&rsquo;utilisation des huiles parfum\u00e9es dans les bougies avant d&rsquo;acheter. Ces informations concernent la composition chimique de l&rsquo;huile ainsi que des mises en garde concernant d&rsquo;\u00e9ventuelles r\u00e9actions allergiques.<\/p>\n<p><strong>Sans cruaut\u00e9 envers les animaux<\/strong><\/p>\n<p>L&rsquo;approvisionnement \u00e9thique des produits est de la plus haute importance pour nous et nous sommes tr\u00e8s fiers de dire que toutes les huiles parfum\u00e9es fournies par Cozy Owl, et leurs mati\u00e8res premi\u00e8res, sont sans cruaut\u00e9 et absolument aucun test sur les animaux ou les humains n&rsquo;a lieu. Nous comprenons cependant qu&rsquo;il peut y avoir une certaine confusion car les fiches de donn\u00e9es de s\u00e9curit\u00e9 (FDS) contiennent des valeurs de toxicit\u00e9 pour le rat et le lapin. Cette section particuli\u00e8re fait r\u00e9f\u00e9rence \u00e0 la DL50 (toxicit\u00e9) d&rsquo;ingr\u00e9dients particuliers qui sont requis pour d&rsquo;autres industries (comme pour une utilisation dans les aliments) et il est obligatoire que nous les incluions l\u00e0 o\u00f9 ils existent. Toutes les donn\u00e9es de tests sur les animaux sont bas\u00e9es sur des tests qui n&rsquo;ont pas \u00e9t\u00e9 effectu\u00e9s ou sanctionn\u00e9s par nous ou nos fournisseurs, dans certains cas, ces tests ont \u00e9t\u00e9 mandat\u00e9s par une agence gouvernementale ou effectu\u00e9s il y a des d\u00e9cennies et cat\u00e9goriquement aucun test n&rsquo;a \u00e9t\u00e9 effectu\u00e9 pour l&rsquo;utilisation de ces ingr\u00e9dients dans les produits. nous fournissons.<\/p>\n<p><strong>Nous conseillons \u00e0 tous les clients de tester les parfums avec nos flacons testeurs de 10 ml avant de commander en plus grandes tailles ou quantit\u00e9s dans le cas peu probable o\u00f9 vous seriez insatisfait d&rsquo;une huile parfum\u00e9e. Veuillez consulter notre\u00a0<a href=\"https:\/\/www.cosyowl.com\/index.php?main_page=shippinginfo\">Livraison &amp; Retourne<\/a>\u00a0la page pour les termes et conditions complets.<\/strong><\/p>\n","protected":false},"excerpt":{"rendered":"<p>Un autre incontournable des rangs du fournisseur de bougies haut de gamme le plus c\u00e9l\u00e8bre du Royaume-Uni, reformul\u00e9 pour la gamme Cozy Owl Premium. Un parfum floral et fruit\u00e9 destin\u00e9 principalement aux femmes.\u00a0Les notes de t\u00eate de prune blanche, de ch\u00e8vrefeuille, de p\u00eache et de th\u00e9 noir\u00a0c\u00e8dent la place \u00e0 des notes moyennes de\u00a0m\u00fbre, fleur [&hellip;]<\/p>\n","protected":false},"featured_media":9574,"comment_status":"open","ping_status":"closed","template":"","meta":{"_acf_changed":false},"product_brand":[],"product_cat":[112,116,118,120,130,119,285,199,142,111],"product_tag":[533],"class_list":{"0":"post-9568","1":"product","2":"type-product","3":"status-publish","4":"has-post-thumbnail","6":"product_cat-huiles-parfumees-designer","7":"product_cat-fabrication-de-savon-huiles-parfumees","8":"product_cat-huile-a-barbe-parfumees","9":"product_cat-huiles-parfumees-fruit","10":"product_cat-huiles-parfumees-floral","11":"product_cat-fondants-parfumes-huiles-parfumees","12":"product_cat-soin-des-corps-huiles-parfumees","13":"product_cat-soin-des-cheveux-huiles-parfumees","14":"product_cat-huiles-parfumees-premium","15":"product_cat-huiles-parfumees-tous-les-parfums","16":"product_tag-black-friday","18":"first","19":"instock","20":"taxable","21":"shipping-taxable","22":"purchasable","23":"product-type-variable"},"acf":[],"_links":{"self":[{"href":"https:\/\/cosyowl.com\/fr\/wp-json\/wp\/v2\/product\/9568","targetHints":{"allow":["GET"]}}],"collection":[{"href":"https:\/\/cosyowl.com\/fr\/wp-json\/wp\/v2\/product"}],"about":[{"href":"https:\/\/cosyowl.com\/fr\/wp-json\/wp\/v2\/types\/product"}],"replies":[{"embeddable":true,"href":"https:\/\/cosyowl.com\/fr\/wp-json\/wp\/v2\/comments?post=9568"}],"wp:featuredmedia":[{"embeddable":true,"href":"https:\/\/cosyowl.com\/fr\/wp-json\/wp\/v2\/media\/9574"}],"wp:attachment":[{"href":"https:\/\/cosyowl.com\/fr\/wp-json\/wp\/v2\/media?parent=9568"}],"wp:term":[{"taxonomy":"product_brand","embeddable":true,"href":"https:\/\/cosyowl.com\/fr\/wp-json\/wp\/v2\/product_brand?post=9568"},{"taxonomy":"product_cat","embeddable":true,"href":"https:\/\/cosyowl.com\/fr\/wp-json\/wp\/v2\/product_cat?post=9568"},{"taxonomy":"product_tag","embeddable":true,"href":"https:\/\/cosyowl.com\/fr\/wp-json\/wp\/v2\/product_tag?post=9568"}],"curies":[{"name":"wp","href":"https:\/\/api.w.org\/{rel}","templated":true}]}}