{"id":9562,"date":"2021-10-01T05:36:00","date_gmt":"2021-01-10T05:36:56","guid":{"rendered":"https:\/\/cosyowl.com\/fr\/product\/non%20class\u00e9\/klebepunkte-3"},"modified":"2025-09-29T17:23:22","modified_gmt":"2025-09-29T15:23:22","slug":"points-de-colle-3","status":"publish","type":"product","link":"https:\/\/cosyowl.com\/fr\/fournitures-de-bougies\/supplements-pour-la-fabrication-de-bougies\/points-de-colle","title":{"rendered":"Points de colle"},"content":{"rendered":"<p>bougies permettant de fabriquer des <strong>points de colle<\/strong> \u00e0 double face servent \u00e0 fixer efficacement la m\u00e8che \u00e0 la base de votre contenant de bougies et sont con\u00e7ues pour une temp\u00e9rature sup\u00e9rieure \u00e0 70\u00b0C. Pour l&rsquo;utiliser, il suffit de coller \u00e0 la base de la m\u00e8che, de la placer au centre du r\u00e9cipient, puis d&rsquo;appuyer fermement pour maintenir la m\u00e8che en place. Cela \u00e9vite le mouvement tr\u00e8s p\u00e9nible de la m\u00e8che lors du versement de la cire de bougie dans le r\u00e9cipient. Veuillez noter que ce produit n\u2019est pratiquement pas diff\u00e9rent du point de vue de la fonctionnalit\u00e9 et de l\u2019utilisation de ce qu\u2019on appelle parfois un onglet de colle.<\/p>\n<p>D\u2019environ 100 points de colle.<\/p>\n","protected":false},"excerpt":{"rendered":"<p>bougies permettant de fabriquer des points de colle \u00e0 double face servent \u00e0 fixer efficacement la m\u00e8che \u00e0 la base de votre contenant de bougies et sont con\u00e7ues pour une temp\u00e9rature sup\u00e9rieure \u00e0 70\u00b0C. Pour l&rsquo;utiliser, il suffit de coller \u00e0 la base de la m\u00e8che, de la placer au centre du r\u00e9cipient, puis d&rsquo;appuyer [&hellip;]<\/p>\n","protected":false},"featured_media":11222,"comment_status":"open","ping_status":"closed","template":"","meta":{"_acf_changed":false},"product_brand":[],"product_cat":[139],"product_tag":[],"class_list":{"0":"post-9562","1":"product","2":"type-product","3":"status-publish","4":"has-post-thumbnail","6":"product_cat-supplements","8":"first","9":"instock","10":"taxable","11":"shipping-taxable","12":"purchasable","13":"product-type-simple"},"acf":[],"_links":{"self":[{"href":"https:\/\/cosyowl.com\/fr\/wp-json\/wp\/v2\/product\/9562","targetHints":{"allow":["GET"]}}],"collection":[{"href":"https:\/\/cosyowl.com\/fr\/wp-json\/wp\/v2\/product"}],"about":[{"href":"https:\/\/cosyowl.com\/fr\/wp-json\/wp\/v2\/types\/product"}],"replies":[{"embeddable":true,"href":"https:\/\/cosyowl.com\/fr\/wp-json\/wp\/v2\/comments?post=9562"}],"wp:featuredmedia":[{"embeddable":true,"href":"https:\/\/cosyowl.com\/fr\/wp-json\/wp\/v2\/media\/11222"}],"wp:attachment":[{"href":"https:\/\/cosyowl.com\/fr\/wp-json\/wp\/v2\/media?parent=9562"}],"wp:term":[{"taxonomy":"product_brand","embeddable":true,"href":"https:\/\/cosyowl.com\/fr\/wp-json\/wp\/v2\/product_brand?post=9562"},{"taxonomy":"product_cat","embeddable":true,"href":"https:\/\/cosyowl.com\/fr\/wp-json\/wp\/v2\/product_cat?post=9562"},{"taxonomy":"product_tag","embeddable":true,"href":"https:\/\/cosyowl.com\/fr\/wp-json\/wp\/v2\/product_tag?post=9562"}],"curies":[{"name":"wp","href":"https:\/\/api.w.org\/{rel}","templated":true}]}}