{"id":9501,"date":"2021-10-01T05:36:00","date_gmt":"2021-10-01T03:36:00","guid":{"rendered":"https:\/\/cosyowl.com\/fr\/product\/non%20class\u00e9\/import-placeholder-for-tcdl-cfra-bowl-nsas-427"},"modified":"2025-12-03T11:52:04","modified_gmt":"2025-12-03T10:52:04","slug":"huile-parfumee-premium-wood-sage-seasalt","status":"publish","type":"product","link":"https:\/\/cosyowl.com\/fr\/huiles-parfumees\/tous-les-parfums\/huile-parfumee-sage-seasalt","title":{"rendered":"Huile parfum\u00e9e Premium Wood Sage &amp; Seasalt"},"content":{"rendered":"<p>Un parfum aromatique et musqu\u00e9 inspir\u00e9 du c\u00e9l\u00e8bre parfum Jo Malone. Avec la richesse et la profondeur qui caract\u00e9risent notre gamme de parfums haut de gamme, ce parfum \u00e0 base marine a des notes d&rsquo;agrumes, offrant un excellent m\u00e9lange de bois, de sel, de piquant et de douceur. Pas trop puissant mais avec une r\u00e9elle tenue, ce parfum \u00e9volue vraiment et m\u00fbrit plus il reste longtemps dans l&rsquo;air.<\/p>\n<p>En tant que parfum Cozy Owl Premium, nous en sommes convaincus, il est sans \u00e9gal au-dessus de tout ce qui est actuellement disponible sur le march\u00e9 de la fabrication de bougies. Nous avons pass\u00e9 des mois \u00e0 travailler avec des experts du secteur pour d\u00e9velopper une nouvelle gamme de parfums offrant plus de force, de profondeur, de rondeur et de parfum. Nous avons utilis\u00e9 des ingr\u00e9dients de la plus haute qualit\u00e9 et des plus co\u00fbteux, des m\u00e9langes d&rsquo;ingr\u00e9dients plus complexes et un m\u00e9lange beaucoup plus concentr\u00e9, ce qui signifie que ces parfums seront bien plus forts et plus arrondis.<\/p>\n<p>La meilleure partie est que, bien que ceux-ci soient plus chers \u00e0 l&rsquo;achat au d\u00e9but, ils pourraient vous faire \u00e9conomiser de l&rsquo;argent par rapport aux parfums standard car vous devriez en utiliser moins pour obtenir la m\u00eame force, ce qui signifie \u00e9galement des produits finis de meilleure qualit\u00e9.<\/p>\n<p>Pour plus d&rsquo;informations sur notre nouvelle gamme Cozy Owl Premium, comment et pourquoi ces parfums sont sup\u00e9rieurs et quels sont les avantages de les utiliser, consultez notre article.<\/p>\n<p>D\u00e9couvrez notre luxueuse s\u00e9lection de dupes de parfums haut de gamme \u2013 cliquez sur le lien pour en savoir plus et trouver votre parfum parfait <a href=\"https:\/\/cosyowl.com\/fr\/guides\/nos-parfums-dupes-des-parfums-luxueux-sans-le-prix-du-luxe\">Nos Dupes de Parfum ur <\/a><\/p>\n<p><strong>Puis-je utiliser cette huile parfum\u00e9e dans un diffuseur en b\u00e2tons ?<\/strong><\/p>\n<p>Toutes nos huiles parfum\u00e9es ont \u00e9t\u00e9 con\u00e7ues pour \u00eatre compatibles avec les diffuseurs en b\u00e2tons. Il suffit de les m\u00e9langer \u00e0 une <a href=\"https:\/\/www.cosyowl.com\/fr\/Huile-de-base-Diffusol\">huile de base pour diffuseurs, disponible ici<\/a>. R\u00e9alisez un m\u00e9lange d\u2019huile de base et de parfum compos\u00e9 au maximum d\u2019un quart (25 %) d\u2019huile parfum\u00e9e, en fonction de l\u2019intensit\u00e9 d\u00e9sir\u00e9e.<\/p>\n<p><strong>Puis-je utiliser cette huile parfum\u00e9e dans un savon ?<\/strong><\/p>\n<p>Nos huiles parfum\u00e9es sont sp\u00e9cialement formul\u00e9es pour \u00eatre incorpor\u00e9es \u00e0 des barres de savon. Consultez la fiche de s\u00e9curit\u00e9 pour en savoir plus sur la quantit\u00e9 (%) maximale d\u2019huile \u00e0 utiliser pour chaque parfum utilis\u00e9 dans des applications de fabrication de barres de savon.<\/p>\n<p>Avant d\u2019acheter nos produits, veuillez vous reporter \u00e0 notre Avis d\u2019information sur la norme CLP (classification, \u00e9tiquetage et emballage) concernant l\u2019utilisation d\u2019huiles parfum\u00e9es dans la fabrication de bougies. Ces informations concernent la composition chimique des huiles ainsi que les r\u00e9actions allergiques potentielles.<\/p>\n<p>&nbsp;<\/p>\n<p>Les huiles parfum\u00e9es ont g\u00e9n\u00e9ralement une expiration d&rsquo;un an \u00e0 compter de la date de fabrication. Cependant, de nombreuses huiles parfum\u00e9es peuvent durer des mois, voire des ann\u00e9es apr\u00e8s cette date si elles sont stock\u00e9es correctement. Des tests (nous n&rsquo;offrons pas ce service) peuvent \u00eatre effectu\u00e9s sur les huiles parfum\u00e9es pour d\u00e9terminer leur ad\u00e9quation au-del\u00e0 de leur dur\u00e9e de conservation.<\/p>\n<p>Les documents IFRA en vigueur (IFRA version 48) sont pertinents et applicables pour tous nos parfums jusqu&rsquo;en f\u00e9vrier 2022, date d&rsquo;entr\u00e9e en vigueur des nouvelles classifications pour les produits existants, c&rsquo;est-\u00e0-dire les parfums d\u00e9j\u00e0 sur le march\u00e9. Tous les nouveaux parfums sont d\u00e9j\u00e0 soumis aux classifications IFRA 49. Au cours des prochaines semaines, au fur et \u00e0 mesure que nous recevrons les informations pertinentes, nous mettrons \u00e0 jour et apporterons les modifications n\u00e9cessaires \u00e0 notre site Web.<\/p>\n","protected":false},"excerpt":{"rendered":"<p>Un parfum aromatique et musqu\u00e9 inspir\u00e9 du c\u00e9l\u00e8bre parfum Jo Malone. Avec la richesse et la profondeur qui caract\u00e9risent notre gamme de parfums haut de gamme, ce parfum \u00e0 base marine a des notes d&rsquo;agrumes, offrant un excellent m\u00e9lange de bois, de sel, de piquant et de douceur. Pas trop puissant mais avec une r\u00e9elle [&hellip;]<\/p>\n","protected":false},"featured_media":9527,"comment_status":"open","ping_status":"closed","template":"","meta":{"_acf_changed":false},"product_brand":[],"product_cat":[112,113,116,118,122,128,265,119,285,199,142,111],"product_tag":[533],"class_list":{"0":"post-9501","1":"product","2":"type-product","3":"status-publish","4":"has-post-thumbnail","6":"product_cat-huiles-parfumees-designer","7":"product_cat-huiles-parfumees-masculins","8":"product_cat-fabrication-de-savon-huiles-parfumees","9":"product_cat-huile-a-barbe-parfumees","10":"product_cat-huiles-parfumees-base-de-plant","11":"product_cat-huiles-parfumees-bois","12":"product_cat-diffuseurs-batonnets-huiles-parfumees","13":"product_cat-fondants-parfumes-huiles-parfumees","14":"product_cat-soin-des-corps-huiles-parfumees","15":"product_cat-soin-des-cheveux-huiles-parfumees","16":"product_cat-huiles-parfumees-premium","17":"product_cat-huiles-parfumees-tous-les-parfums","18":"product_tag-black-friday","20":"first","21":"instock","22":"featured","23":"taxable","24":"shipping-taxable","25":"purchasable","26":"product-type-variable"},"acf":[],"_links":{"self":[{"href":"https:\/\/cosyowl.com\/fr\/wp-json\/wp\/v2\/product\/9501","targetHints":{"allow":["GET"]}}],"collection":[{"href":"https:\/\/cosyowl.com\/fr\/wp-json\/wp\/v2\/product"}],"about":[{"href":"https:\/\/cosyowl.com\/fr\/wp-json\/wp\/v2\/types\/product"}],"replies":[{"embeddable":true,"href":"https:\/\/cosyowl.com\/fr\/wp-json\/wp\/v2\/comments?post=9501"}],"wp:featuredmedia":[{"embeddable":true,"href":"https:\/\/cosyowl.com\/fr\/wp-json\/wp\/v2\/media\/9527"}],"wp:attachment":[{"href":"https:\/\/cosyowl.com\/fr\/wp-json\/wp\/v2\/media?parent=9501"}],"wp:term":[{"taxonomy":"product_brand","embeddable":true,"href":"https:\/\/cosyowl.com\/fr\/wp-json\/wp\/v2\/product_brand?post=9501"},{"taxonomy":"product_cat","embeddable":true,"href":"https:\/\/cosyowl.com\/fr\/wp-json\/wp\/v2\/product_cat?post=9501"},{"taxonomy":"product_tag","embeddable":true,"href":"https:\/\/cosyowl.com\/fr\/wp-json\/wp\/v2\/product_tag?post=9501"}],"curies":[{"name":"wp","href":"https:\/\/api.w.org\/{rel}","templated":true}]}}