{"id":9499,"date":"2020-10-01T05:36:00","date_gmt":"2020-10-01T03:36:00","guid":{"rendered":"https:\/\/cosyowl.com\/fr\/product\/non%20class\u00e9\/import-placeholder-for-tcdl-ccon-bowl-ccls-425"},"modified":"2025-09-29T17:23:18","modified_gmt":"2025-09-29T15:23:18","slug":"moule-a-clapet-casse","status":"publish","type":"product","link":"https:\/\/cosyowl.com\/fr\/produit\/moule-a-clapet-casse","title":{"rendered":"Moule \u00e0 clapet cass\u00e9"},"content":{"rendered":"<p>Les coquilles de tartelettes Wax Melt mesurent environ 77 x 55 mm avec une profondeur de 25 mm. Ceci est id\u00e9al pour faire un bloc de cire fondue qui peut facilement \u00eatre d\u00e9compos\u00e9 en 6 fondus individuels. Veuillez laisser et laisser refroidir la cire avant de fermer le couvercle.<\/p>\n<p>Notez que ce produit peut \u00eatre recycl\u00e9.<\/p>\n","protected":false},"excerpt":{"rendered":"<p>Les coquilles de tartelettes Wax Melt mesurent environ 77 x 55 mm avec une profondeur de 25 mm. Ceci est id\u00e9al pour faire un bloc de cire fondue qui peut facilement \u00eatre d\u00e9compos\u00e9 en 6 fondus individuels. Veuillez laisser et laisser refroidir la cire avant de fermer le couvercle. Notez que ce produit peut \u00eatre [&hellip;]<\/p>\n","protected":false},"featured_media":19121,"comment_status":"open","ping_status":"closed","template":"","meta":{"_acf_changed":false},"product_brand":[],"product_cat":[339,109,141],"product_tag":[],"class_list":{"0":"post-9499","1":"product","2":"type-product","3":"status-publish","4":"has-post-thumbnail","6":"product_cat-sale","7":"product_cat-autres-contenants-pour-bougies","8":"product_cat-fondants-parfumes-moules","10":"first","11":"instock","12":"sale","13":"taxable","14":"shipping-taxable","15":"purchasable","16":"product-type-variable"},"acf":[],"_links":{"self":[{"href":"https:\/\/cosyowl.com\/fr\/wp-json\/wp\/v2\/product\/9499","targetHints":{"allow":["GET"]}}],"collection":[{"href":"https:\/\/cosyowl.com\/fr\/wp-json\/wp\/v2\/product"}],"about":[{"href":"https:\/\/cosyowl.com\/fr\/wp-json\/wp\/v2\/types\/product"}],"replies":[{"embeddable":true,"href":"https:\/\/cosyowl.com\/fr\/wp-json\/wp\/v2\/comments?post=9499"}],"wp:featuredmedia":[{"embeddable":true,"href":"https:\/\/cosyowl.com\/fr\/wp-json\/wp\/v2\/media\/19121"}],"wp:attachment":[{"href":"https:\/\/cosyowl.com\/fr\/wp-json\/wp\/v2\/media?parent=9499"}],"wp:term":[{"taxonomy":"product_brand","embeddable":true,"href":"https:\/\/cosyowl.com\/fr\/wp-json\/wp\/v2\/product_brand?post=9499"},{"taxonomy":"product_cat","embeddable":true,"href":"https:\/\/cosyowl.com\/fr\/wp-json\/wp\/v2\/product_cat?post=9499"},{"taxonomy":"product_tag","embeddable":true,"href":"https:\/\/cosyowl.com\/fr\/wp-json\/wp\/v2\/product_tag?post=9499"}],"curies":[{"name":"wp","href":"https:\/\/api.w.org\/{rel}","templated":true}]}}