{"id":9461,"date":"2021-10-01T05:36:00","date_gmt":"2021-10-01T03:36:00","guid":{"rendered":"https:\/\/cosyowl.com\/fr\/product\/non%20class\u00e9\/import-placeholder-for-tcdl-ccon-bowl-ctin4-414"},"modified":"2025-09-29T17:23:18","modified_gmt":"2025-09-29T15:23:18","slug":"boite-a-bougie-ronde-en-or-rose-couture-laterale-soudee-100ml","status":"publish","type":"product","link":"https:\/\/cosyowl.com\/fr\/bote-bougies-ronde-en-or-rose-avec-couture-latrale-soude-100ml","title":{"rendered":"Bo\u00eete \u00c0 Bougie Ronde En Or Rose &#8211; Couture Lat\u00e9rale Soud\u00e9e -100ml"},"content":{"rendered":"<p><strong>C&rsquo;est avec regret que nous ne sommes actuellement pas en mesure d&rsquo;exp\u00e9dier des bo\u00eetes m\u00e9talliques en dehors du Royaume-Uni. Si cette situation change, nous mettrons \u00e0 jour les produits et les rendrons disponibles \u00e0 la vente.<\/strong><\/p>\n<p>Ce produit est disponible en deux tailles: 100ml et 250ml, avec deux choix de couleurs: argent ou or rose. Elles pr\u00e9sentent une couture lat\u00e9rale soud\u00e9e visible qui diff\u00e8re l\u00e9g\u00e8rement en couleur. Le couvercle coulissant comporte une petite marche facilitant l\u2019empilement, le stockage ou l\u2019affichage. Nos bo\u00eetes \u00e0 bougies apporte une touche de classe \u00e0 n\u2019importe quelle pi\u00e8ce.<\/p>\n<p>Cette bo\u00eete peut \u00eatre achet\u00e9e en une seule bo\u00eete d&rsquo;\u00e9chantillon et en paquets de 10 ou 50 bo\u00eetes.<\/p>\n<p>Taille et volume:<\/p>\n<ul>\n<li>Volume: 100ml<\/li>\n<li>Taille: 61mm (diam\u00e8tre) x 48mm (H)<\/li>\n<\/ul>\n","protected":false},"excerpt":{"rendered":"<p>C&rsquo;est avec regret que nous ne sommes actuellement pas en mesure d&rsquo;exp\u00e9dier des bo\u00eetes m\u00e9talliques en dehors du Royaume-Uni. Si cette situation change, nous mettrons \u00e0 jour les produits et les rendrons disponibles \u00e0 la vente. Ce produit est disponible en deux tailles: 100ml et 250ml, avec deux choix de couleurs: argent ou or rose. [&hellip;]<\/p>\n","protected":false},"featured_media":11216,"comment_status":"open","ping_status":"closed","template":"","meta":{"_acf_changed":false},"product_brand":[],"product_cat":[287,290,108],"product_tag":[],"class_list":{"0":"post-9461","1":"product","2":"type-product","3":"status-publish","4":"has-post-thumbnail","6":"product_cat-soin-des-corps-conteneurs","7":"product_cat-soin-des-cheveux-conteneurs","8":"product_cat-conteneurs-metalliques","10":"first","11":"instock","12":"taxable","13":"shipping-taxable","14":"purchasable","15":"product-type-variable"},"acf":[],"_links":{"self":[{"href":"https:\/\/cosyowl.com\/fr\/wp-json\/wp\/v2\/product\/9461","targetHints":{"allow":["GET"]}}],"collection":[{"href":"https:\/\/cosyowl.com\/fr\/wp-json\/wp\/v2\/product"}],"about":[{"href":"https:\/\/cosyowl.com\/fr\/wp-json\/wp\/v2\/types\/product"}],"replies":[{"embeddable":true,"href":"https:\/\/cosyowl.com\/fr\/wp-json\/wp\/v2\/comments?post=9461"}],"wp:featuredmedia":[{"embeddable":true,"href":"https:\/\/cosyowl.com\/fr\/wp-json\/wp\/v2\/media\/11216"}],"wp:attachment":[{"href":"https:\/\/cosyowl.com\/fr\/wp-json\/wp\/v2\/media?parent=9461"}],"wp:term":[{"taxonomy":"product_brand","embeddable":true,"href":"https:\/\/cosyowl.com\/fr\/wp-json\/wp\/v2\/product_brand?post=9461"},{"taxonomy":"product_cat","embeddable":true,"href":"https:\/\/cosyowl.com\/fr\/wp-json\/wp\/v2\/product_cat?post=9461"},{"taxonomy":"product_tag","embeddable":true,"href":"https:\/\/cosyowl.com\/fr\/wp-json\/wp\/v2\/product_tag?post=9461"}],"curies":[{"name":"wp","href":"https:\/\/api.w.org\/{rel}","templated":true}]}}