{"id":9460,"date":"2021-10-01T05:36:00","date_gmt":"2021-10-01T03:36:00","guid":{"rendered":"https:\/\/cosyowl.com\/fr\/product\/non%20class\u00e9\/import-placeholder-for-tcdl-cdif-bowl-lblk-d4mm-413"},"modified":"2026-04-23T09:24:52","modified_gmt":"2026-04-23T07:24:52","slug":"anches-noires-pour-diffuseurs-240mm-x-o-4mm","status":"publish","type":"product","link":"https:\/\/cosyowl.com\/fr\/diffuseur-batons\/anches-noires-pour-diffuseurs-240mm-x-o-4mm","title":{"rendered":"Anches Noires Pour Diffuseurs &#8211; 240mm x \u00d8 4mm"},"content":{"rendered":"<p>Les diffuseurs Reed sont une solution \u00e9l\u00e9gante pour rendre le parfum de votre maison plus s\u00fbr et plus durable. Notre gamme de roseaux \u00e0 s\u00e9chage rapide et \u00e0 effet de couleur est l&rsquo;accompagnement parfait pour vous permettre de lib\u00e9rer le plein potentiel de vos huiles essentielles.<\/p>\n<p>Contr\u00f4ler le taux de lib\u00e9ration de parfum est crucial dans un roseau de qualit\u00e9 et propose une diffusion de parfum et de capillarit\u00e9 tr\u00e8s performante associ\u00e9e \u00e0 une technologie colorfast afin de garantir \u00e0 ces roseaux de maintenir un jet de parfum et une coloration stables sans qu&rsquo;il soit n\u00e9cessaire de \u00abretourner\u00bb. Toutes les anches sont synth\u00e9tiques.<\/p>\n","protected":false},"excerpt":{"rendered":"<p>Les diffuseurs Reed sont une solution \u00e9l\u00e9gante pour rendre le parfum de votre maison plus s\u00fbr et plus durable. Notre gamme de roseaux \u00e0 s\u00e9chage rapide et \u00e0 effet de couleur est l&rsquo;accompagnement parfait pour vous permettre de lib\u00e9rer le plein potentiel de vos huiles essentielles. Contr\u00f4ler le taux de lib\u00e9ration de parfum est crucial [&hellip;]<\/p>\n","protected":false},"featured_media":22499,"comment_status":"open","ping_status":"closed","template":"","meta":{"_acf_changed":false},"product_brand":[],"product_cat":[264],"product_tag":[],"class_list":{"0":"post-9460","1":"product","2":"type-product","3":"status-publish","4":"has-post-thumbnail","6":"product_cat-diffuseurs-batonnets-roseaux","8":"first","9":"instock","10":"taxable","11":"shipping-taxable","12":"purchasable","13":"product-type-variable"},"acf":[],"_links":{"self":[{"href":"https:\/\/cosyowl.com\/fr\/wp-json\/wp\/v2\/product\/9460","targetHints":{"allow":["GET"]}}],"collection":[{"href":"https:\/\/cosyowl.com\/fr\/wp-json\/wp\/v2\/product"}],"about":[{"href":"https:\/\/cosyowl.com\/fr\/wp-json\/wp\/v2\/types\/product"}],"replies":[{"embeddable":true,"href":"https:\/\/cosyowl.com\/fr\/wp-json\/wp\/v2\/comments?post=9460"}],"wp:featuredmedia":[{"embeddable":true,"href":"https:\/\/cosyowl.com\/fr\/wp-json\/wp\/v2\/media\/22499"}],"wp:attachment":[{"href":"https:\/\/cosyowl.com\/fr\/wp-json\/wp\/v2\/media?parent=9460"}],"wp:term":[{"taxonomy":"product_brand","embeddable":true,"href":"https:\/\/cosyowl.com\/fr\/wp-json\/wp\/v2\/product_brand?post=9460"},{"taxonomy":"product_cat","embeddable":true,"href":"https:\/\/cosyowl.com\/fr\/wp-json\/wp\/v2\/product_cat?post=9460"},{"taxonomy":"product_tag","embeddable":true,"href":"https:\/\/cosyowl.com\/fr\/wp-json\/wp\/v2\/product_tag?post=9460"}],"curies":[{"name":"wp","href":"https:\/\/api.w.org\/{rel}","templated":true}]}}